{"id":74095,"date":"2023-02-10T02:33:23","date_gmt":"2023-02-10T02:33:23","guid":{"rendered":"https:\/\/www.mysexualfantasy.eu\/?post_type=product&#038;p=74095"},"modified":"2023-12-06T15:44:54","modified_gmt":"2023-12-06T15:44:54","slug":"california-exotics-cheap-thrills-the-she-devil","status":"publish","type":"product","link":"https:\/\/www.mysexualfantasy.eu\/en\/product\/california-exotics-cheap-thrills-the-she-devil\/","title":{"rendered":"CALIFORNIA EXOTICS CHEAP THRILLS THE SHE DEVIL"},"content":{"rendered":"<p>Regale a sus fantas\u00edas m\u00e1s pecaminosas y observe que sus pasiones se encienden con la emoci\u00f3n barata del She Devil Stroker. El dise\u00f1o de extremo cerrado proporciona una succi\u00f3n superior, mientras que la c\u00e1mara de textura \u00fanica y el material de piel puro ultra suave y el\u00e1stico emocionan con una sensaci\u00f3n realista. Ya sea que se entregue en casa o donde sea que el placer lo lleve, el compacto de 5.5 14 cm es el compa\u00f1ero de viaje burl\u00f3n que est\u00e1 ansiando. La piel premium pura no es sin perfume, libre de ftalato y sin mantenimiento para resultados verdaderamente explosivos . <\/p>\n<ul>\n<li> Masturbator de Skin Pure Skin ultra Life-Life <\/li>\n<li> suave, apretado y el\u00e1stico <\/li>\n<li > C\u00e1mara texturizada para sensaciones adicionales <\/li>\n<li> Fin cerrado para succi\u00f3n superior <\/li>\n<li> Mantenimiento gratis <\/li>\n<li> ** Las emociones baratas es una marca registrada de New Frontier Media, Inc. y IS registrado en los Estados Unidos. <\/li>\n<\/ul>\n<p> calexotics ha estado convirtiendo constantemente fantas\u00eda en realidad durante m\u00e1s de una d\u00e9cada. Con una atenci\u00f3n incomparable al detalle, la fundadora y propietaria de Calexotics, Susan Colvin, ha hecho que la marca de novedad ex\u00f3tica de California sea sin\u00f3nimo de juguetes para adultos de calidad. El hecho de que Calexotics es una empresa de propiedad y operaci\u00f3n femenina, no juega un papel peque\u00f1o en su ascenso mete\u00f3rico hasta la cima de la industria de juguetes para adultos y novedades.<\/p>","protected":false},"excerpt":{"rendered":"<p>CALIFORNIA EXOTICS CHEAP THRILLS THE SHE DEVIL<\/p>","protected":false},"featured_media":74096,"comment_status":"open","ping_status":"closed","template":"","meta":{"_monsterinsights_skip_tracking":false,"_monsterinsights_sitenote_active":false,"_monsterinsights_sitenote_note":"","_monsterinsights_sitenote_category":0,"_joinchat":[]},"product_brand":[],"product_cat":[1152,1160,1167,1168],"product_tag":[],"class_list":{"0":"post-74095","1":"product","2":"type-product","3":"status-publish","4":"has-post-thumbnail","6":"product_cat-juguetes-bienestar","7":"product_cat-juguetes-bienestar-juguetes-para-hombres","8":"product_cat-juguetes-bienestar-juguetes-para-hombresmasturbadores-para-ellos","9":"product_cat-juguetes-bienestar-juguetes-para-hombresvaginas-y-anos","10":"yith_product_brand-california-exotics","12":"first","13":"instock","14":"taxable","15":"shipping-taxable","16":"purchasable","17":"product-type-simple"},"aioseo_notices":[],"_links":{"self":[{"href":"https:\/\/www.mysexualfantasy.eu\/en\/wp-json\/wp\/v2\/product\/74095","targetHints":{"allow":["GET"]}}],"collection":[{"href":"https:\/\/www.mysexualfantasy.eu\/en\/wp-json\/wp\/v2\/product"}],"about":[{"href":"https:\/\/www.mysexualfantasy.eu\/en\/wp-json\/wp\/v2\/types\/product"}],"replies":[{"embeddable":true,"href":"https:\/\/www.mysexualfantasy.eu\/en\/wp-json\/wp\/v2\/comments?post=74095"}],"wp:featuredmedia":[{"embeddable":true,"href":"https:\/\/www.mysexualfantasy.eu\/en\/wp-json\/wp\/v2\/media\/74096"}],"wp:attachment":[{"href":"https:\/\/www.mysexualfantasy.eu\/en\/wp-json\/wp\/v2\/media?parent=74095"}],"wp:term":[{"taxonomy":"product_brand","embeddable":true,"href":"https:\/\/www.mysexualfantasy.eu\/en\/wp-json\/wp\/v2\/product_brand?post=74095"},{"taxonomy":"product_cat","embeddable":true,"href":"https:\/\/www.mysexualfantasy.eu\/en\/wp-json\/wp\/v2\/product_cat?post=74095"},{"taxonomy":"product_tag","embeddable":true,"href":"https:\/\/www.mysexualfantasy.eu\/en\/wp-json\/wp\/v2\/product_tag?post=74095"}],"curies":[{"name":"wp","href":"https:\/\/api.w.org\/{rel}","templated":true}]}}