{"id":7422,"date":"2023-01-13T13:47:50","date_gmt":"2023-01-13T13:47:50","guid":{"rendered":"https:\/\/www.mysexualfantasy.eu\/?post_type=product&#038;p=7422"},"modified":"2023-12-06T15:12:06","modified_gmt":"2023-12-06T15:12:06","slug":"iriscup-copa-mestrual-rosa-grande-bolsa-esterilizadora-gratis","status":"publish","type":"product","link":"https:\/\/www.mysexualfantasy.eu\/en\/product\/iriscup-copa-mestrual-rosa-grande-bolsa-esterilizadora-gratis\/","title":{"rendered":"IRISCUP &#8211; COPA MESTRUAL ROSA GRANDE + BOLSA ESTERILIZADORA GRATIS"},"content":{"rendered":"<p class=\"Estilo1\">IrisCup es la alternativa m\u00e1s innovadora y saludable al uso de tampones y compresas desechables.<\/p>\n<p class=\"Estilo1\">IrisCup es una copa menstrual reutilizable que se adapta perfectamente a las paredes vaginales recogiendo el flujo menstrual, en lugar de absorberlo , sin p\u00e9rdidas, sin alterar la mucosa vaginal y sin impedir la lubricaci\u00f3n natural.<\/p>\n<p class=\"Estilo1\">IrisCup est\u00e1 fabricada en Silicona Quir\u00fargica (100% Platinum Silicone), el material m\u00e1s seguro y biocompatible que puede entrar en contacto con nuestro cuerpo, puesto que no nos va a causar ning\u00fan tipo de reacci\u00f3n (como una alergia o inflamaci\u00f3n).<\/p>\n<p>La copa menstrual IrisCup es tambi\u00e9n la alternativa m\u00e1s econ\u00f3mica al uso de otros productos desechables, ya que su resistencia permite utilizarla durante 10 a\u00f1os aproximadamente. Su coste se amortiza en 6 meses.<\/p>\n<ul>\n<li>Copa esterilizadora talla L<\/li>\n<li>Bolsa esterilizadora de regalo<\/li>\n<\/ul>\n<p style=\"text-align: center;\"><img decoding=\"async\" alt=\"\" src=\"https:\/\/interno.dreamlove.es\/UserFiles\/image\/forma.jpg\" style=\"width: 448px; height: 274px;\" \/><\/p>\n<p>IrisCup es una alternativa ecol\u00f3gica, puesto que para su fabricaci\u00f3n no se utilizan materiales que contribuyan a la tala de \u00e1rboles y a la deforestaci\u00f3n.<\/p>\n<p>En su proceso de fabricaci\u00f3n no se utilizan blanqueantes como el cloro, que generan dioxinas que contaminan el agua, el aire, la tierra y que se almacenan con facilidad en nuestras c\u00e9lulas adiposas. Gracias a su larga vida \u00fatil genera menos residuos que los tampones y compresas (cada a\u00f1o se desechan en el mundo, en torno a 45.000 millones de compresas y tampones) .<\/p>\n<p>IrisCup se presenta en dos colores y tallas que se utilizar\u00e1n dependiendo de la edad y los antecedentes de maternidad.<\/p>\n<p style=\"text-align: center;\"><img decoding=\"async\" alt=\"\" src=\"https:\/\/interno.dreamlove.es\/UserFiles\/image\/Sin t\u00edtulo(9).png\" \/><\/p>","protected":false},"excerpt":{"rendered":"<p>IRISCUP &#8211; MENSTRUAL CUP LARGE<\/p>","protected":false},"featured_media":61781,"comment_status":"open","ping_status":"closed","template":"","meta":{"_monsterinsights_skip_tracking":false,"_monsterinsights_sitenote_active":false,"_monsterinsights_sitenote_note":"","_monsterinsights_sitenote_category":0,"_joinchat":[]},"product_brand":[],"product_cat":[1246,1203],"product_tag":[],"class_list":{"0":"post-7422","1":"product","2":"type-product","3":"status-publish","4":"has-post-thumbnail","6":"product_cat-drogueria-copas-vaginales","7":"product_cat-drogueria","8":"yith_product_brand-iriscup","10":"first","11":"instock","12":"taxable","13":"shipping-taxable","14":"purchasable","15":"product-type-simple"},"aioseo_notices":[],"_links":{"self":[{"href":"https:\/\/www.mysexualfantasy.eu\/en\/wp-json\/wp\/v2\/product\/7422","targetHints":{"allow":["GET"]}}],"collection":[{"href":"https:\/\/www.mysexualfantasy.eu\/en\/wp-json\/wp\/v2\/product"}],"about":[{"href":"https:\/\/www.mysexualfantasy.eu\/en\/wp-json\/wp\/v2\/types\/product"}],"replies":[{"embeddable":true,"href":"https:\/\/www.mysexualfantasy.eu\/en\/wp-json\/wp\/v2\/comments?post=7422"}],"wp:featuredmedia":[{"embeddable":true,"href":"https:\/\/www.mysexualfantasy.eu\/en\/wp-json\/wp\/v2\/media\/61781"}],"wp:attachment":[{"href":"https:\/\/www.mysexualfantasy.eu\/en\/wp-json\/wp\/v2\/media?parent=7422"}],"wp:term":[{"taxonomy":"product_brand","embeddable":true,"href":"https:\/\/www.mysexualfantasy.eu\/en\/wp-json\/wp\/v2\/product_brand?post=7422"},{"taxonomy":"product_cat","embeddable":true,"href":"https:\/\/www.mysexualfantasy.eu\/en\/wp-json\/wp\/v2\/product_cat?post=7422"},{"taxonomy":"product_tag","embeddable":true,"href":"https:\/\/www.mysexualfantasy.eu\/en\/wp-json\/wp\/v2\/product_tag?post=7422"}],"curies":[{"name":"wp","href":"https:\/\/api.w.org\/{rel}","templated":true}]}}