{"id":74234,"date":"2023-02-10T20:43:17","date_gmt":"2023-02-10T20:43:17","guid":{"rendered":"https:\/\/www.mysexualfantasy.eu\/?post_type=product&#038;p=74234"},"modified":"2023-12-06T15:12:37","modified_gmt":"2023-12-06T15:12:37","slug":"femarvi-banda-personalizada-36-letras-adhesivas","status":"publish","type":"product","link":"https:\/\/www.mysexualfantasy.eu\/en\/product\/femarvi-banda-personalizada-36-letras-adhesivas\/","title":{"rendered":"FEMARVI BANDA PERSONALIZADA 36 LETRAS ADHESIVAS"},"content":{"rendered":"<p>Banda personalizable para despedidas de soltero, cumplea\u00f1os, fiestas o cualquier evento. La risa estar\u00e1 asegurada. Con Femarvi llenar\u00e1s de felicidad tus despedidas de solter\u00eda! El fabricante Femarvi esta especializado en juguetes para adultos en forma de regalo sexy para cumplea\u00f1os, despedida de soltero\/a y cualquier tipo de evento en el que se requiera un toque picante. Son una empresa ubicada en Valencia Espa\u00f1a y llevan m\u00e1s de 10 a\u00f1os en el mercado de los productos sexuales para ofrecer una gama de productos muy particular. Est\u00e1 visible pr\u00e1cticamente en el 100% de las tiendas para adultos, y es un inprescincible a la hora de montar una fiesta con tem\u00e1tica sexual.<\/p>","protected":false},"excerpt":{"rendered":"<p>FEMARVI BANDA PERSONALIZAR 36 LETRAS ADHESIVAS<\/p>","protected":false},"featured_media":74235,"comment_status":"open","ping_status":"closed","template":"","meta":{"_monsterinsights_skip_tracking":false,"_monsterinsights_sitenote_active":false,"_monsterinsights_sitenote_note":"","_monsterinsights_sitenote_category":0,"_joinchat":[]},"product_brand":[],"product_cat":[1243,1240,1248],"product_tag":[],"class_list":{"0":"post-74234","1":"product","2":"type-product","3":"status-publish","4":"has-post-thumbnail","6":"product_cat-articulos-variosarticulos-divertidos","7":"product_cat-articulos-varios","8":"product_cat-articulos-variosarticulos-divertidosbandas","9":"yith_product_brand-femarvi","11":"first","12":"instock","13":"taxable","14":"shipping-taxable","15":"purchasable","16":"product-type-simple"},"aioseo_notices":[],"_links":{"self":[{"href":"https:\/\/www.mysexualfantasy.eu\/en\/wp-json\/wp\/v2\/product\/74234","targetHints":{"allow":["GET"]}}],"collection":[{"href":"https:\/\/www.mysexualfantasy.eu\/en\/wp-json\/wp\/v2\/product"}],"about":[{"href":"https:\/\/www.mysexualfantasy.eu\/en\/wp-json\/wp\/v2\/types\/product"}],"replies":[{"embeddable":true,"href":"https:\/\/www.mysexualfantasy.eu\/en\/wp-json\/wp\/v2\/comments?post=74234"}],"wp:featuredmedia":[{"embeddable":true,"href":"https:\/\/www.mysexualfantasy.eu\/en\/wp-json\/wp\/v2\/media\/74235"}],"wp:attachment":[{"href":"https:\/\/www.mysexualfantasy.eu\/en\/wp-json\/wp\/v2\/media?parent=74234"}],"wp:term":[{"taxonomy":"product_brand","embeddable":true,"href":"https:\/\/www.mysexualfantasy.eu\/en\/wp-json\/wp\/v2\/product_brand?post=74234"},{"taxonomy":"product_cat","embeddable":true,"href":"https:\/\/www.mysexualfantasy.eu\/en\/wp-json\/wp\/v2\/product_cat?post=74234"},{"taxonomy":"product_tag","embeddable":true,"href":"https:\/\/www.mysexualfantasy.eu\/en\/wp-json\/wp\/v2\/product_tag?post=74234"}],"curies":[{"name":"wp","href":"https:\/\/api.w.org\/{rel}","templated":true}]}}