{"id":74360,"date":"2023-04-25T11:30:10","date_gmt":"2023-04-25T11:30:10","guid":{"rendered":"https:\/\/www.mysexualfantasy.eu\/?post_type=product&#038;p=74360"},"modified":"2023-12-06T15:14:36","modified_gmt":"2023-12-06T15:14:36","slug":"dame-mas-serie-complices-1-irina-vega","status":"publish","type":"product","link":"https:\/\/www.mysexualfantasy.eu\/en\/product\/dame-mas-serie-complices-1-irina-vega\/","title":{"rendered":"DAME M\u00c1S (SERIE C\u00d3MPLICES 1) &#8211; IRINA VEGA"},"content":{"rendered":"<p><strong>Lujuria. Deseos compartidos. Y una pareja que atraviesa todos los l\u00edmites. La nueva serie de literatura er\u00f3tica que te tentar\u00e1 a probar placeres compartidos.<\/strong><\/p>\n<p>\u00abEra curioso; yo estaba tan excitada que ver a Hugo siendo masturbado por otra mujer, o verlo a \u00e9l lamerle los pezones, no me importaba salvo en el sentido m\u00e1s carnal. Me estaba dejando llevar y lo disfrutaba. Mucho. Correte\u00e9 por detr\u00e1s de Hugo sobre la cama, queriendo imitarlo. Ten\u00eda ganas de probar otros pechos, de tocarlos y chuparlos. Jimena, adivinando mis intenciones, se tumb\u00f3 de espaldas y me facilit\u00f3 el acceso. Hugo y yo nos pusimos cada uno en un lado. \u00c9ramos como dos vampiros lamiendo a su presa. Levantamos la cabeza y nos miramos, sonrientes. La mirada lasciva de Hugo hizo que todo aquello me excitara a\u00fan m\u00e1s. Eso de compartir \u00abjuguete\u00bb estaba resultando ser muy divertido\u00bb.<\/p>\n<p><strong>Y si los deseos de nuevas experiencias m\u00e1s all\u00e1 de tu pareja no fueran solo tuyos? Y si tu pareja quisiera explorar un nuevo mundo de placer&#8230; contigo?<\/strong><\/p>\n<p><strong>Biograf\u00eda del autor<\/strong><\/p>\n<p>Irina Vega es directora de cine para adultos, modelo y gamer. Tiene su propia productora independiente, Altporn4U, donde dirige, produce y edita. Precursora del porno alternativo en Espa\u00f1a, sus proyectos parten de una opci\u00f3n est\u00e9tica e ideol\u00f3gica alejada de la de la pornograf\u00eda m\u00e1s convencional. Cuenta con m\u00e1s de 88.000 seguidores en Twitter.<\/p>\n<ul>\n<li>Colecci\u00f3n Bruguera Tendencias<\/li>\n<li>P\u00e1ginas 240<\/li>\n<li>Serie-Saga Serie C\u00f3mplices<\/li>\n<li>Target de edad Adultos<\/li>\n<li>Tipo de encuadernaci\u00f3n Tapa dura<\/li>\n<li>Idioma ES<\/li>\n<li>Fecha de publicaci\u00f3n 12-11-2020<\/li>\n<li>Autor Irina Vega<\/li>\n<li>Editorial BRUGUERA<\/li>\n<li>Dimensiones 170mm x 237mm<\/li>\n<\/ul>","protected":false},"excerpt":{"rendered":"<p>DAME M\u00c1S (SERIE C\u00d3MPLICES 1) &#8211; IRINA VEGA<\/p>","protected":false},"featured_media":74361,"comment_status":"open","ping_status":"closed","template":"","meta":{"_monsterinsights_skip_tracking":false,"_monsterinsights_sitenote_active":false,"_monsterinsights_sitenote_note":"","_monsterinsights_sitenote_category":0,"_joinchat":[]},"product_brand":[],"product_cat":[1240,1253,148],"product_tag":[],"class_list":{"0":"post-74360","1":"product","2":"type-product","3":"status-publish","4":"has-post-thumbnail","6":"product_cat-articulos-varios","7":"product_cat-articulos-varioslibreria-erotica","8":"product_cat-ofertas","10":"first","11":"instock","12":"taxable","13":"shipping-taxable","14":"purchasable","15":"product-type-simple"},"aioseo_notices":[],"_links":{"self":[{"href":"https:\/\/www.mysexualfantasy.eu\/en\/wp-json\/wp\/v2\/product\/74360","targetHints":{"allow":["GET"]}}],"collection":[{"href":"https:\/\/www.mysexualfantasy.eu\/en\/wp-json\/wp\/v2\/product"}],"about":[{"href":"https:\/\/www.mysexualfantasy.eu\/en\/wp-json\/wp\/v2\/types\/product"}],"replies":[{"embeddable":true,"href":"https:\/\/www.mysexualfantasy.eu\/en\/wp-json\/wp\/v2\/comments?post=74360"}],"wp:featuredmedia":[{"embeddable":true,"href":"https:\/\/www.mysexualfantasy.eu\/en\/wp-json\/wp\/v2\/media\/74361"}],"wp:attachment":[{"href":"https:\/\/www.mysexualfantasy.eu\/en\/wp-json\/wp\/v2\/media?parent=74360"}],"wp:term":[{"taxonomy":"product_brand","embeddable":true,"href":"https:\/\/www.mysexualfantasy.eu\/en\/wp-json\/wp\/v2\/product_brand?post=74360"},{"taxonomy":"product_cat","embeddable":true,"href":"https:\/\/www.mysexualfantasy.eu\/en\/wp-json\/wp\/v2\/product_cat?post=74360"},{"taxonomy":"product_tag","embeddable":true,"href":"https:\/\/www.mysexualfantasy.eu\/en\/wp-json\/wp\/v2\/product_tag?post=74360"}],"curies":[{"name":"wp","href":"https:\/\/api.w.org\/{rel}","templated":true}]}}