{"id":74540,"date":"2023-04-25T11:30:58","date_gmt":"2023-04-25T11:30:58","guid":{"rendered":"https:\/\/www.mysexualfantasy.eu\/?post_type=product&#038;p=74540"},"modified":"2023-12-06T15:15:13","modified_gmt":"2023-12-06T15:15:13","slug":"anais-men-comics-top-s","status":"publish","type":"product","link":"https:\/\/www.mysexualfantasy.eu\/en\/product\/anais-men-comics-top-s\/","title":{"rendered":"ANAIS MEN &#8211; COMICS TOP S"},"content":{"rendered":"<p><b>COMICS<\/b><\/p>\n<p>Modal suave de color claro con estampado en comic.<\/p>\n<p><strong>Caracter\u00edsticas<\/strong>\u00a0<\/p>\n<div>\n<ul>\n<li>Camiseta de tirantes<\/li>\n<li>Estilo cl\u00e1sico<\/li>\n<li>Ajuste perfecto al cuerpo<\/li>\n<\/ul>\n<p><strong>Composici\u00f3n<\/strong><\/p>\n<\/div>\n<div>\n<ul>\n<li><span style=\"font-size:\">80% poliamida<\/span><\/li>\n<li><span style=\"font-size:\">20% elast\u00e1n<\/span><\/li>\n<\/ul>\n<p>Anais Apparel la lencer\u00eda m\u00e1s sexy del mundo desde 2003.\u00a0 \u00a0 \u00a0<\/p>\n<\/div>\n<div>\n<div>\n<table border=\"0\" cellpadding=\"0\" cellspacing=\"0\" style=\"border-collapse:\" width=\"832\" width:=\"\">\n<tbody>\n<tr height=\"23\" style=\"height:\">\n<td class=\"xl72\" colspan=\"8\" height=\"23\" style=\"height:\" width=\"832\" width:=\"\"><strong>GU\u00cdA DE TALLAS<\/strong><\/td>\n<\/tr>\n<tr height=\"23\" style=\"height:\">\n<td class=\"xl73\" colspan=\"2\" height=\"23\" style=\"height:\">Talla<\/td>\n<td border-left:=\"class=xl71\" style=\"border-top:\" width=\"104\" width:=\"\">S<\/td>\n<td border-left:=\"class=xl71\" style=\"border-top:\" width=\"104\" width:=\"\">M<\/td>\n<td border-left:=\"class=xl71\" style=\"border-top:\" width=\"104\" width:=\"\">L<\/td>\n<td border-left:=\"class=xl71\" style=\"border-top:\" width=\"104\" width:=\"\">XL<\/td>\n<td border-left:=\"class=xl71\" style=\"border-top:\" width=\"104\" width:=\"\">2XL<\/td>\n<td border-left:=\"class=xl71\" style=\"border-top:\" width=\"104\" width:=\"\">3XL<\/td>\n<\/tr>\n<tr height=\"23\" style=\"height:\">\n<td class=\"xl74\" colspan=\"2\" height=\"23\" style=\"height:\" width=\"208\" width:=\"\">Cintura en cm<\/td>\n<td border-left:=\"class=xl72\" style=\"border-top:\" width=\"104\" width:=\"\">75-80<\/td>\n<td border-left:=\"class=xl72\" style=\"border-top:\" width=\"104\" width:=\"\">81-88<\/td>\n<td border-left:=\"class=xl71\" style=\"border-top:\" width=\"104\" width:=\"\">89-97<\/td>\n<td border-left:=\"class=xl71\" style=\"border-top:\" width=\"104\" width:=\"\">98-106<\/td>\n<td border-left:=\"class=xl71\" style=\"border-top:\" width=\"104\" width:=\"\">107-116<\/td>\n<td border-left:=\"class=xl71\" style=\"border-top:\" width=\"104\" width:=\"\">117-125<\/td>\n<\/tr>\n<\/tbody>\n<\/table>\n<\/div>\n<p>\u00a0 \u00a0 \u00a0 \u00a0 \u00a0 \u00a0 \u00a0 \u00a0 \u00a0 \u00a0 \u00a0 \u00a0 \u00a0 \u00a0 \u00a0 \u00a0 \u00a0 \u00a0 \u00a0\u00a0<\/p><\/div>\n<p><strong>ANAIS, UNA LENCER\u00cdA PARA TODOS LOS GUSTOS SEXUALES.<\/strong><\/p>\n<p>Tras el lanzamiento de ANAIS lencer\u00eda para mujeres en 2016, varios a\u00f1os despu\u00e9s, en 2021, se invent\u00f3 la marca ANAIS FOR MEN para atender a un nicho de mercado diferente. Los propietarios de la empresa familiar decidieron lanzar ANAIS, convirti\u00e9ndola en una marca m\u00e1s abierta a p\u00fablicos de diferentes edades y gustos sexuales.<\/p>\n<p>Con el inicio de esta marca, ANAIS realmente despeg\u00f3, cada a\u00f1o duplicando su popularidad.<\/p>\n<p>La fuerza aqu\u00ed tambi\u00e9n es que la marca est\u00e1 creada y hecha en Europa, utilizando los mejores textiles europeos, pero hechos de manera diferente.<\/p>\n<p>\u00a1Esta marca se hizo m\u00e1s atrevida, m\u00e1s sexy, m\u00e1s salvaje y, por lo tanto, se convirti\u00f3 no solo en una marca para un grupo de edad generalmente m\u00e1s joven, sino tambi\u00e9n en una marca referente en las principales fiestas, vistiendo a hombres y mujeres de toda Europa.<\/p>\n<p>Pero todo sigue creado y fabricado en Polonia, de gran calidad comprobando la calidad de cada producto antes de su envi\u00f3 a trav\u00e9s de un departamento de calidad. \u00a0<\/p>\n<p>Como consecuencia del \u00e9xito de ANAIS, la marca sigue creciendo, creando nuevas colecciones para hombres, desarrollando una gran variedad. Con un estilo picante y sexy, ANAIS FOR MEN ha sido recibida por la comunidad con los brazos abiertos y hoy es una marca de referencia en moda principalmente para hombres heterosexuales que cuidan su imagen y hombres gays de todo el mundo.<\/p>","protected":false},"excerpt":{"rendered":"<p>ANAIS MEN &#8211; COMICS TOP S<\/p>","protected":false},"featured_media":74542,"comment_status":"open","ping_status":"closed","template":"","meta":{"_monsterinsights_skip_tracking":false,"_monsterinsights_sitenote_active":false,"_monsterinsights_sitenote_note":"","_monsterinsights_sitenote_category":0,"_joinchat":[]},"product_brand":[],"product_cat":[1254,1252,1166],"product_tag":[],"class_list":{"0":"post-74540","1":"product","2":"type-product","3":"status-publish","4":"has-post-thumbnail","6":"product_cat-moda-lencerialenceria-hombrecamisetas-masculinas","7":"product_cat-moda-lencerialenceria-hombre","8":"product_cat-moda-lenceria","9":"yith_product_brand-anais-luxury-lingerie","10":"yith_product_brand-anais-luxury-lingerie-anais-men","11":"yith_product_brand-anais-luxury-lingerie-anais-men-anais-men-accesories","13":"first","14":"instock","15":"taxable","16":"shipping-taxable","17":"purchasable","18":"product-type-variable"},"aioseo_notices":[],"_links":{"self":[{"href":"https:\/\/www.mysexualfantasy.eu\/en\/wp-json\/wp\/v2\/product\/74540","targetHints":{"allow":["GET"]}}],"collection":[{"href":"https:\/\/www.mysexualfantasy.eu\/en\/wp-json\/wp\/v2\/product"}],"about":[{"href":"https:\/\/www.mysexualfantasy.eu\/en\/wp-json\/wp\/v2\/types\/product"}],"replies":[{"embeddable":true,"href":"https:\/\/www.mysexualfantasy.eu\/en\/wp-json\/wp\/v2\/comments?post=74540"}],"wp:featuredmedia":[{"embeddable":true,"href":"https:\/\/www.mysexualfantasy.eu\/en\/wp-json\/wp\/v2\/media\/74542"}],"wp:attachment":[{"href":"https:\/\/www.mysexualfantasy.eu\/en\/wp-json\/wp\/v2\/media?parent=74540"}],"wp:term":[{"taxonomy":"product_brand","embeddable":true,"href":"https:\/\/www.mysexualfantasy.eu\/en\/wp-json\/wp\/v2\/product_brand?post=74540"},{"taxonomy":"product_cat","embeddable":true,"href":"https:\/\/www.mysexualfantasy.eu\/en\/wp-json\/wp\/v2\/product_cat?post=74540"},{"taxonomy":"product_tag","embeddable":true,"href":"https:\/\/www.mysexualfantasy.eu\/en\/wp-json\/wp\/v2\/product_tag?post=74540"}],"curies":[{"name":"wp","href":"https:\/\/api.w.org\/{rel}","templated":true}]}}