{"id":7493,"date":"2023-01-13T12:52:29","date_gmt":"2023-01-13T12:52:29","guid":{"rendered":"https:\/\/www.mysexualfantasy.eu\/?post_type=product&#038;p=7493"},"modified":"2023-12-06T17:24:09","modified_gmt":"2023-12-06T17:24:09","slug":"control-adapta-fussion-preservativos-144-unidades","status":"publish","type":"product","link":"https:\/\/www.mysexualfantasy.eu\/en\/product\/control-adapta-fussion-preservativos-144-unidades\/","title":{"rendered":"CONTROL ADAPTA FUSSION PRESERVATIVOS 144 UNIDADES"},"content":{"rendered":"<p>Bienvenido a la gama Originals, la opci\u00f3n id\u00f3nea para quienes buscan vivir la pasi\u00f3n de la forma m\u00e1s natural.<\/p>\n<p>Esta gama con divertidos y exclusivos dise\u00f1os, cuenta con cinco variedades de preservativos para satisfacer los gustos de cada consumidor: preservativos retardantes, lubricados, m\u00e1s largos\u2026 y todos, con la exclusiva forma Adapta, ergon\u00f3mica y muy f\u00e1cil de colocar<\/p>\n<p>\u00a0Un estallido de aromas afrodisiacos.<\/p>\n<ul>\n<li>Con forma Adapta.<\/li>\n<li>Con toda la pasi\u00f3n de los aromas afrodis\u00edacos del chocolate, melocot\u00f3n y menta dentro del mismo envase.<\/li>\n<li>Contiene preservativos de chocolate, menta y de melocot\u00f3n para que puedas disfrutar de 3 aromas diferentes.<\/li>\n<li>Anchura nominal 54 mm.<\/li>\n<\/ul>\n<p>Prueba la gran variedad en sabores!<\/p>\n<p>Envase de 144 unidades.<\/p>\n<p style=\"text-align: center;\"><img fetchpriority=\"high\" decoding=\"async\" alt=\"\" height=\"230\" src=\"https:\/\/interno.dreamlove.es\/UserFiles\/image\/homeGama.png\" width=\"505\" \/><\/p>","protected":false},"excerpt":{"rendered":"<p>CONTROL ADAPTA FUSSION CONDOMS 144 UNITS<\/p>","protected":false},"featured_media":54052,"comment_status":"open","ping_status":"closed","template":"","meta":{"_monsterinsights_skip_tracking":false,"_monsterinsights_sitenote_active":false,"_monsterinsights_sitenote_note":"","_monsterinsights_sitenote_category":0,"_joinchat":[]},"product_brand":[],"product_cat":[1460,600,1230,1459],"product_tag":[],"class_list":{"0":"post-7493","1":"product","2":"type-product","3":"status-publish","4":"has-post-thumbnail","6":"product_cat-preservativos-todos-los-tamanos-de-cajascajas-de-30-a-288","7":"product_cat-preservativos","8":"product_cat-preservativos-sabores","9":"product_cat-preservativos-todos-los-tamanos-de-cajas","11":"first","12":"instock","13":"taxable","14":"shipping-taxable","15":"purchasable","16":"product-type-simple"},"aioseo_notices":[],"_links":{"self":[{"href":"https:\/\/www.mysexualfantasy.eu\/en\/wp-json\/wp\/v2\/product\/7493","targetHints":{"allow":["GET"]}}],"collection":[{"href":"https:\/\/www.mysexualfantasy.eu\/en\/wp-json\/wp\/v2\/product"}],"about":[{"href":"https:\/\/www.mysexualfantasy.eu\/en\/wp-json\/wp\/v2\/types\/product"}],"replies":[{"embeddable":true,"href":"https:\/\/www.mysexualfantasy.eu\/en\/wp-json\/wp\/v2\/comments?post=7493"}],"wp:featuredmedia":[{"embeddable":true,"href":"https:\/\/www.mysexualfantasy.eu\/en\/wp-json\/wp\/v2\/media\/54052"}],"wp:attachment":[{"href":"https:\/\/www.mysexualfantasy.eu\/en\/wp-json\/wp\/v2\/media?parent=7493"}],"wp:term":[{"taxonomy":"product_brand","embeddable":true,"href":"https:\/\/www.mysexualfantasy.eu\/en\/wp-json\/wp\/v2\/product_brand?post=7493"},{"taxonomy":"product_cat","embeddable":true,"href":"https:\/\/www.mysexualfantasy.eu\/en\/wp-json\/wp\/v2\/product_cat?post=7493"},{"taxonomy":"product_tag","embeddable":true,"href":"https:\/\/www.mysexualfantasy.eu\/en\/wp-json\/wp\/v2\/product_tag?post=7493"}],"curies":[{"name":"wp","href":"https:\/\/api.w.org\/{rel}","templated":true}]}}