{"id":7566,"date":"2023-01-13T13:46:14","date_gmt":"2023-01-13T13:46:14","guid":{"rendered":"https:\/\/www.mysexualfantasy.eu\/?post_type=product&#038;p=7566"},"modified":"2023-12-06T15:48:20","modified_gmt":"2023-12-06T15:48:20","slug":"fetish-fantasy-arnes-hueco-19-cm-negro","status":"publish","type":"product","link":"https:\/\/www.mysexualfantasy.eu\/en\/product\/fetish-fantasy-arnes-hueco-19-cm-negro\/","title":{"rendered":"FETISH FANTASY ARNES HUECO 19 CM NEGRO"},"content":{"rendered":"<p>Fabuloso arn\u00e9s hueco para hombre en color negro. Fabricado con PVC de primera calidad, libre de Phalatos, pertenece a la colecci\u00f3n FETISH FANTASY SERIES.<\/p>\n<p>Siempre ha querido tener un pene grande y sentirse m\u00e1s confiado con su tama\u00f1o? Su amante sabe que el tama\u00f1o s\u00ed importa, y nadie puede cumplir con sus fantas\u00edas y satisfacer a su pareja como un semental.<\/p>\n<p>Ahora usted puede tener la longitud y el grosor que siempre ha so\u00f1ado con este arn\u00e9s hueco con buena sujeci\u00f3n.<\/p>\n<p>Diga adi\u00f3s a la verg\u00fcenza de quedarse a mitad de camino y reciba una sonrisa satisfactoria de su amante.<\/p>\n<p>El arn\u00e9s el\u00e1stico y c\u00f3modo, se ajusta f\u00e1cilmente para adaptarse a la mayor\u00eda de los tama\u00f1os. Es perfecto para los hombre con disfunci\u00f3n er\u00e9ctil, para las mujeres, o para las parejas que fantasean acerca de sus deseos m\u00e1s oscuros.<\/p>\n<p>Para una mejor conservaci\u00f3n, recomendamos su limpieza despu\u00e9s de cada uso con Pipedream Toy Cleaner y agua tibia.<\/p>\n<p>Explore su lado dominante o sumiso.<\/p>\n<ul>\n<li>Pene de 19 x 3,8 cm.<\/li>\n<li>M\u00e1scara de regalo.<\/li>\n<\/ul>","protected":false},"excerpt":{"rendered":"<p>FETISH FANTASY 19 CM HOLLOW STRAP-ON BLACK<\/p>","protected":false},"featured_media":61459,"comment_status":"open","ping_status":"closed","template":"","meta":{"_monsterinsights_skip_tracking":false,"_monsterinsights_sitenote_active":false,"_monsterinsights_sitenote_note":"","_monsterinsights_sitenote_category":0,"_joinchat":[]},"product_brand":[],"product_cat":[1170,1173,1281,1299,1184,1152,1160],"product_tag":[],"class_list":{"0":"post-7566","1":"product","2":"type-product","3":"status-publish","4":"has-post-thumbnail","6":"product_cat-juguetes-bienestar-juguetes-para-hombresaccesorios-para-el-pene","7":"product_cat-juguetes-bienestar-arneses","8":"product_cat-juguetes-bienestar-arnesesarneses-huecos","9":"product_cat-juguetes-bienestar-juguetes-para-hombresaccesorios-para-el-penearneses-pene","10":"product_cat-juguetes-bienestar-juguetes-para-hombresaccesorios-para-el-peneextensiones-para-el-pene","11":"product_cat-juguetes-bienestar","12":"product_cat-juguetes-bienestar-juguetes-para-hombres","13":"yith_product_brand-pipedreamsfetish-fantasy-series","14":"yith_product_brand-pipedreams","16":"first","17":"instock","18":"taxable","19":"shipping-taxable","20":"purchasable","21":"product-type-simple"},"aioseo_notices":[],"_links":{"self":[{"href":"https:\/\/www.mysexualfantasy.eu\/en\/wp-json\/wp\/v2\/product\/7566","targetHints":{"allow":["GET"]}}],"collection":[{"href":"https:\/\/www.mysexualfantasy.eu\/en\/wp-json\/wp\/v2\/product"}],"about":[{"href":"https:\/\/www.mysexualfantasy.eu\/en\/wp-json\/wp\/v2\/types\/product"}],"replies":[{"embeddable":true,"href":"https:\/\/www.mysexualfantasy.eu\/en\/wp-json\/wp\/v2\/comments?post=7566"}],"wp:featuredmedia":[{"embeddable":true,"href":"https:\/\/www.mysexualfantasy.eu\/en\/wp-json\/wp\/v2\/media\/61459"}],"wp:attachment":[{"href":"https:\/\/www.mysexualfantasy.eu\/en\/wp-json\/wp\/v2\/media?parent=7566"}],"wp:term":[{"taxonomy":"product_brand","embeddable":true,"href":"https:\/\/www.mysexualfantasy.eu\/en\/wp-json\/wp\/v2\/product_brand?post=7566"},{"taxonomy":"product_cat","embeddable":true,"href":"https:\/\/www.mysexualfantasy.eu\/en\/wp-json\/wp\/v2\/product_cat?post=7566"},{"taxonomy":"product_tag","embeddable":true,"href":"https:\/\/www.mysexualfantasy.eu\/en\/wp-json\/wp\/v2\/product_tag?post=7566"}],"curies":[{"name":"wp","href":"https:\/\/api.w.org\/{rel}","templated":true}]}}