{"id":7567,"date":"2023-01-13T11:37:33","date_gmt":"2023-01-13T11:37:33","guid":{"rendered":"https:\/\/www.mysexualfantasy.eu\/?post_type=product&#038;p=7567"},"modified":"2023-12-06T15:48:22","modified_gmt":"2023-12-06T15:48:22","slug":"fetish-fantasy-arnes-vibrador-hueco-19-cm-negro","status":"publish","type":"product","link":"https:\/\/www.mysexualfantasy.eu\/en\/product\/fetish-fantasy-arnes-vibrador-hueco-19-cm-negro\/","title":{"rendered":"FETISH FANTASY ARNES VIBRADOR HUECO 19 CM NEGRO"},"content":{"rendered":"<p>Es un fant\u00e1stico arn\u00e9s vibrador hueco para hombre en color negro.<\/p>\n<p>Fabricado con PVC de primera calidad, libre de Phalatos, pertenece a la colecci\u00f3n FETISH FANTASY SERIES.<\/p>\n<p>Siempre ha querido tener un pene grande y sentirse m\u00e1s confiado con su tama\u00f1o? Su amante sabe que el tama\u00f1o s\u00ed importa, y nadie puede cumplir con sus fantas\u00edas y satisfacer a su pareja como un semental.<\/p>\n<p>Ahora usted puede tener la longitud y el grosor que siempre ha so\u00f1ado con este arn\u00e9s hueco con buena sujeci\u00f3n. Diga adi\u00f3s a la verg\u00fcenza de quedarse a mitad de camino y reciba una sonrisa satisfactoria de su amante.<\/p>\n<ul>\n<li>Consolador hueco de 8&#8243; (20 cm)<\/li>\n<li>Arn\u00e9s El\u00e1stico Ajustable<\/li>\n<li>Vibraciones de varias velocidades<\/li>\n<li>Se ajusta al tama\u00f1o de la cintura: 26 pulg. (66 cm) &#8211; 46 pulg. (117 cm)<\/li>\n<li>Longitud del consolador: 8 pulg. (20,5 cm)<\/li>\n<li>Dildo insertable Longitud: 7,5 pulg. (19 cm)<\/li>\n<li>Ancho del consolador: 2 pulg. (5 cm)<\/li>\n<li>Longitud interior del consolador: 6 pulg. (15 cm)<\/li>\n<li>Di\u00e1metro interior del consolador: 1,5 pulg. (4 cm)<\/li>\n<\/ul>\n<p>El arn\u00e9s el\u00e1stico y c\u00f3modo, se ajusta f\u00e1cilmente para adaptarse a la mayor\u00eda de los tama\u00f1os. Es perfecto para los hombre con disfunci\u00f3n er\u00e9ctil, para las mujeres, o para las parejas que fantasean acerca de sus deseos m\u00e1s oscuros.<\/p>\n<p>Escoge la velocidad que es \u00f3ptima para ti y empieza a disfrutar de una satisfacci\u00f3n del punto exacto de placer.<\/p>\n<ul>\n<li>Funciona con 2 pilas AA no incluidas.<\/li>\n<\/ul>\n<p>Para una mejor conservaci\u00f3n, recomendamos su limpieza despu\u00e9s de cada uso con Pipedream Toy Cleaner y agua tibia.<\/p>\n<p>Explore su lado mas dominante o dejese dominar!<\/p>","protected":false},"excerpt":{"rendered":"<p>FETISH FANTASY 19 CM VIBRATING HOLLOW STRAP-ON BLACK<\/p>","protected":false},"featured_media":39747,"comment_status":"open","ping_status":"closed","template":"","meta":{"_monsterinsights_skip_tracking":false,"_monsterinsights_sitenote_active":false,"_monsterinsights_sitenote_note":"","_monsterinsights_sitenote_category":0,"_joinchat":[]},"product_brand":[],"product_cat":[1170,1173,1279,1281,1299,1152,1160],"product_tag":[],"class_list":{"0":"post-7567","1":"product","2":"type-product","3":"status-publish","4":"has-post-thumbnail","6":"product_cat-juguetes-bienestar-juguetes-para-hombresaccesorios-para-el-pene","7":"product_cat-juguetes-bienestar-arneses","8":"product_cat-juguetes-bienestar-arnesesarneses-con-vibracion","9":"product_cat-juguetes-bienestar-arnesesarneses-huecos","10":"product_cat-juguetes-bienestar-juguetes-para-hombresaccesorios-para-el-penearneses-pene","11":"product_cat-juguetes-bienestar","12":"product_cat-juguetes-bienestar-juguetes-para-hombres","13":"yith_product_brand-pipedreamsfetish-fantasy-series","14":"yith_product_brand-pipedreams","16":"first","17":"instock","18":"taxable","19":"shipping-taxable","20":"purchasable","21":"product-type-simple"},"aioseo_notices":[],"_links":{"self":[{"href":"https:\/\/www.mysexualfantasy.eu\/en\/wp-json\/wp\/v2\/product\/7567","targetHints":{"allow":["GET"]}}],"collection":[{"href":"https:\/\/www.mysexualfantasy.eu\/en\/wp-json\/wp\/v2\/product"}],"about":[{"href":"https:\/\/www.mysexualfantasy.eu\/en\/wp-json\/wp\/v2\/types\/product"}],"replies":[{"embeddable":true,"href":"https:\/\/www.mysexualfantasy.eu\/en\/wp-json\/wp\/v2\/comments?post=7567"}],"wp:featuredmedia":[{"embeddable":true,"href":"https:\/\/www.mysexualfantasy.eu\/en\/wp-json\/wp\/v2\/media\/39747"}],"wp:attachment":[{"href":"https:\/\/www.mysexualfantasy.eu\/en\/wp-json\/wp\/v2\/media?parent=7567"}],"wp:term":[{"taxonomy":"product_brand","embeddable":true,"href":"https:\/\/www.mysexualfantasy.eu\/en\/wp-json\/wp\/v2\/product_brand?post=7567"},{"taxonomy":"product_cat","embeddable":true,"href":"https:\/\/www.mysexualfantasy.eu\/en\/wp-json\/wp\/v2\/product_cat?post=7567"},{"taxonomy":"product_tag","embeddable":true,"href":"https:\/\/www.mysexualfantasy.eu\/en\/wp-json\/wp\/v2\/product_tag?post=7567"}],"curies":[{"name":"wp","href":"https:\/\/api.w.org\/{rel}","templated":true}]}}