{"id":7628,"date":"2023-01-13T13:08:50","date_gmt":"2023-01-13T13:08:50","guid":{"rendered":"https:\/\/www.mysexualfantasy.eu\/?post_type=product&#038;p=7628"},"modified":"2023-12-06T16:14:43","modified_gmt":"2023-12-06T16:14:43","slug":"anal-fantasy-curva-vibradora","status":"publish","type":"product","link":"https:\/\/www.mysexualfantasy.eu\/en\/product\/anal-fantasy-curva-vibradora\/","title":{"rendered":"ANAL FANTASY CURVA VIBRADORA"},"content":{"rendered":"<p>Si nunca has probado el juego anal, el Vibrating Curve es justo lo que necesitas para explorar el maravilloso mundo de la estimulaci\u00f3n anal.<\/p>\n<p>El Vibrating Curve cuenta con un eje curvado y punta redondeada para la estimulaci\u00f3n del Punto-P, mientras que el motor silencioso ofrece vibraciones alucinantes directamente a tu \u00e1rea m\u00e1s sensible.<\/p>\n<p>Para encender y apagar el vibrador, solamente debes girar el dial ubicado en la base, con el que podr\u00e1s controlar la intensidad de la vibraci\u00f3n. La limpieza es una obligaci\u00f3n despu\u00e9s de la diversi\u00f3n con el Pipedream toy Cleaner y agua tibia.<\/p>\n<ul>\n<li>100% Libre de phalatos.<\/li>\n<li>Longitud insertable:\u00a0 17,6 cm. Di\u00e1metro m\u00e1ximo: 2,8 cm.<\/li>\n<li>Acuatico\/ apto para la ducha.<\/li>\n<li>Unisex<\/li>\n<\/ul>\n<p><strong>Anal Fantasy<\/strong> es una linea perfecta para estimular la zona anal, donde concentramos puntos sensitivos perfectos para alcanzar el orgasmo, todos los juguetes estan orientados para la maxima satisfaci\u00f3n anal.<\/p>\n<p><span style=\"line-height: 20.8px;\">No incluye muestras de lubricante y toycleaner<\/span><\/p>\n<p>Descubre nuevas sensaciones!<\/p>\n<p>\u00a0<\/p>\n<p style=\"text-align: center;\"><iframe allowfullscreen=\"\" frameborder=\"0\" height=\"400\" mozallowfullscreen=\"\" src=\"https:\/\/player.vimeo.com\/video\/118542211\" webkitallowfullscreen=\"\" width=\"700\"><\/iframe><\/p>","protected":false},"excerpt":{"rendered":"<p>ANAL FANTASY VIBRATING CURVE<\/p>","protected":false},"featured_media":55982,"comment_status":"open","ping_status":"closed","template":"","meta":{"_monsterinsights_skip_tracking":false,"_monsterinsights_sitenote_active":false,"_monsterinsights_sitenote_note":"","_monsterinsights_sitenote_category":0,"_joinchat":[]},"product_brand":[],"product_cat":[1162,1306,1308,1152,1155,1165,1309,1153,1305],"product_tag":[],"class_list":{"0":"post-7628","1":"product","2":"type-product","3":"status-publish","4":"has-post-thumbnail","6":"product_cat-juguetes-bienestar-anal","7":"product_cat-juguetes-bienestar-analdildos-anales","8":"product_cat-juguetes-bienestar-analespecial-prostaticos","9":"product_cat-juguetes-bienestar","10":"product_cat-juguetes-bienestar-juguetes-para-mujeres","11":"product_cat-juguetes-bienestar-juguetes-para-mujeresmasturbadores-para-ellas","12":"product_cat-juguetes-bienestar-juguetes-para-mujerespunto-g","13":"product_cat-juguetes-bienestar-vibradores","14":"product_cat-juguetes-bienestar-analvibradores-anales","15":"yith_product_brand-pipedreamsanal-fantasy-series","16":"yith_product_brand-pipedreams","18":"first","19":"instock","20":"taxable","21":"shipping-taxable","22":"purchasable","23":"product-type-simple"},"aioseo_notices":[],"_links":{"self":[{"href":"https:\/\/www.mysexualfantasy.eu\/en\/wp-json\/wp\/v2\/product\/7628","targetHints":{"allow":["GET"]}}],"collection":[{"href":"https:\/\/www.mysexualfantasy.eu\/en\/wp-json\/wp\/v2\/product"}],"about":[{"href":"https:\/\/www.mysexualfantasy.eu\/en\/wp-json\/wp\/v2\/types\/product"}],"replies":[{"embeddable":true,"href":"https:\/\/www.mysexualfantasy.eu\/en\/wp-json\/wp\/v2\/comments?post=7628"}],"wp:featuredmedia":[{"embeddable":true,"href":"https:\/\/www.mysexualfantasy.eu\/en\/wp-json\/wp\/v2\/media\/55982"}],"wp:attachment":[{"href":"https:\/\/www.mysexualfantasy.eu\/en\/wp-json\/wp\/v2\/media?parent=7628"}],"wp:term":[{"taxonomy":"product_brand","embeddable":true,"href":"https:\/\/www.mysexualfantasy.eu\/en\/wp-json\/wp\/v2\/product_brand?post=7628"},{"taxonomy":"product_cat","embeddable":true,"href":"https:\/\/www.mysexualfantasy.eu\/en\/wp-json\/wp\/v2\/product_cat?post=7628"},{"taxonomy":"product_tag","embeddable":true,"href":"https:\/\/www.mysexualfantasy.eu\/en\/wp-json\/wp\/v2\/product_tag?post=7628"}],"curies":[{"name":"wp","href":"https:\/\/api.w.org\/{rel}","templated":true}]}}