{"id":7629,"date":"2023-01-13T13:08:53","date_gmt":"2023-01-13T13:08:53","guid":{"rendered":"https:\/\/www.mysexualfantasy.eu\/?post_type=product&#038;p=7629"},"modified":"2023-12-06T16:14:43","modified_gmt":"2023-12-06T16:14:43","slug":"anal-fantasy-bolas-anales","status":"publish","type":"product","link":"https:\/\/www.mysexualfantasy.eu\/en\/product\/anal-fantasy-bolas-anales\/","title":{"rendered":"ANAL FANTASY BOLAS ANALES"},"content":{"rendered":"<p>Si nunca has probado el juego anal, el Flexa-Pleaser Power Beads es justo lo que necesitas para explorar el maravilloso mundo de la estimulaci\u00f3n anal.<\/p>\n<p>Con 2,4 cm. de di\u00e1metro y 18 cm. de longitud insertable, el eje flexible se dobla con los contornos de su cuerpo para golpear el lugar correcto.<\/p>\n<p>El bot\u00f3n ubicado en la base acciona el vibrador de tres velocidades, llev\u00e1ndote de una suave pulsaci\u00f3n a un torbellino de vibraci\u00f3n.<\/p>\n<ul>\n<li>Unisex<\/li>\n<li>Libre de Phalatos<\/li>\n<li>Acuatico \/ apto para la ducha.<\/li>\n<\/ul>\n<p>Disfruta de las sensaciones fuertes extrayendo tu Fun Flex Anal Teazer a mediados de orgasmo durante el cl\u00edmax m\u00e1s explosivo que jam\u00e1s hayas imaginado!<\/p>\n<p>La limpieza es una obligaci\u00f3n despu\u00e9s de la diversi\u00f3n con el Pipedream toy Cleaner y agua tibia.<\/p>\n<p><strong>Anal Fantasy<\/strong> es una linea perfecta para estimular la zona anal, donde concentramos puntos sensitivos perfectos para alcanzar el orgasmo, todos los juguetes estan orientados para la maxima satisfaci\u00f3n anal.<\/p>\n<p>Descubre nuevas sensaciones!<\/p>\n<p>\u00a0<\/p>\n<p style=\"text-align: center;\"><iframe allowfullscreen=\"\" frameborder=\"0\" height=\"400\" mozallowfullscreen=\"\" src=\"https:\/\/player.vimeo.com\/video\/118542369\" webkitallowfullscreen=\"\" width=\"700\"><\/iframe><\/p>","protected":false},"excerpt":{"rendered":"<p>ANAL FANTASY FLEXA-PLEASER POWER BEADS<\/p>","protected":false},"featured_media":55986,"comment_status":"open","ping_status":"closed","template":"","meta":{"_monsterinsights_skip_tracking":false,"_monsterinsights_sitenote_active":false,"_monsterinsights_sitenote_note":"","_monsterinsights_sitenote_category":0,"_joinchat":[]},"product_brand":[],"product_cat":[1162,1152,1155,1189,1305],"product_tag":[],"class_list":{"0":"post-7629","1":"product","2":"type-product","3":"status-publish","4":"has-post-thumbnail","6":"product_cat-juguetes-bienestar-anal","7":"product_cat-juguetes-bienestar","8":"product_cat-juguetes-bienestar-juguetes-para-mujeres","9":"product_cat-juguetes-bienestar-analplugs-anales","10":"product_cat-juguetes-bienestar-analvibradores-anales","11":"yith_product_brand-pipedreamsanal-fantasy-series","12":"yith_product_brand-pipedreams","14":"first","15":"instock","16":"taxable","17":"shipping-taxable","18":"purchasable","19":"product-type-simple"},"aioseo_notices":[],"_links":{"self":[{"href":"https:\/\/www.mysexualfantasy.eu\/en\/wp-json\/wp\/v2\/product\/7629","targetHints":{"allow":["GET"]}}],"collection":[{"href":"https:\/\/www.mysexualfantasy.eu\/en\/wp-json\/wp\/v2\/product"}],"about":[{"href":"https:\/\/www.mysexualfantasy.eu\/en\/wp-json\/wp\/v2\/types\/product"}],"replies":[{"embeddable":true,"href":"https:\/\/www.mysexualfantasy.eu\/en\/wp-json\/wp\/v2\/comments?post=7629"}],"wp:featuredmedia":[{"embeddable":true,"href":"https:\/\/www.mysexualfantasy.eu\/en\/wp-json\/wp\/v2\/media\/55986"}],"wp:attachment":[{"href":"https:\/\/www.mysexualfantasy.eu\/en\/wp-json\/wp\/v2\/media?parent=7629"}],"wp:term":[{"taxonomy":"product_brand","embeddable":true,"href":"https:\/\/www.mysexualfantasy.eu\/en\/wp-json\/wp\/v2\/product_brand?post=7629"},{"taxonomy":"product_cat","embeddable":true,"href":"https:\/\/www.mysexualfantasy.eu\/en\/wp-json\/wp\/v2\/product_cat?post=7629"},{"taxonomy":"product_tag","embeddable":true,"href":"https:\/\/www.mysexualfantasy.eu\/en\/wp-json\/wp\/v2\/product_tag?post=7629"}],"curies":[{"name":"wp","href":"https:\/\/api.w.org\/{rel}","templated":true}]}}