{"id":76554,"date":"2023-04-25T11:48:24","date_gmt":"2023-04-25T11:48:24","guid":{"rendered":"https:\/\/www.mysexualfantasy.eu\/?post_type=product&#038;p=76554"},"modified":"2023-12-06T15:31:53","modified_gmt":"2023-12-06T15:31:53","slug":"b-swish-bfit-classic-flex-negro-28-g","status":"publish","type":"product","link":"https:\/\/www.mysexualfantasy.eu\/en\/product\/b-swish-bfit-classic-flex-negro-28-g\/","title":{"rendered":"B SWISH &#8211; BFIT CLASSIC FLEX NEGRO 28 G."},"content":{"rendered":"<p>Entrena tu sensibilidad al placer con un entrenamiento personalizable. Las bolas Bfit Classic Flex de 28 g, completas con dos pesas flotantes, brindan sensaciones profundamente excitantes mientras entrenas tu piso p\u00e9lvico. Comience con el peso \u00fanico de 28 g y avance hasta los pesos dobles 56 g en total. Incluye dos arneses de silicona dise\u00f1ados para el m\u00e1ximo confort y adaptabilidad.<\/p>\n<ul>\n<li>Materiales: Silicona, Pl\u00e1stico ABS, TPE<\/li>\n<li>Seguro para el cuerpo: S\u00ed<\/li>\n<li>Impermeable: S\u00ed<\/li>\n<li>Cuidado Jab\u00f3n y Agua<\/li>\n<li>Combinaci\u00f3n de lubricantes a base de agua<\/li>\n<li>Di\u00e1metro: 2,9 cm<\/li>\n<li>Longitud total: 7,8 cm<\/li>\n<li>Contenido de la caja: 2 arneses de silicona, 2 bolas de Kegel ABS<\/li>\n<\/ul>","protected":false},"excerpt":{"rendered":"<p>B SWISH &#8211; BFIT CLASSIC FLEX BLACK 28 G.<\/p>","protected":false},"featured_media":76555,"comment_status":"open","ping_status":"closed","template":"","meta":{"_monsterinsights_skip_tracking":false,"_monsterinsights_sitenote_active":false,"_monsterinsights_sitenote_note":"","_monsterinsights_sitenote_category":0,"_joinchat":[]},"product_brand":[],"product_cat":[1158,1264,1265,1152],"product_tag":[],"class_list":{"0":"post-76554","1":"product","2":"type-product","3":"status-publish","4":"has-post-thumbnail","6":"product_cat-juguetes-bienestar-bolas","7":"product_cat-juguetes-bienestar-bolasbolas-basicas","8":"product_cat-juguetes-bienestar-bolasbolas-silicona","9":"product_cat-juguetes-bienestar","10":"yith_product_brand-b-swish","12":"first","13":"instock","14":"taxable","15":"shipping-taxable","16":"purchasable","17":"product-type-simple"},"aioseo_notices":[],"_links":{"self":[{"href":"https:\/\/www.mysexualfantasy.eu\/en\/wp-json\/wp\/v2\/product\/76554","targetHints":{"allow":["GET"]}}],"collection":[{"href":"https:\/\/www.mysexualfantasy.eu\/en\/wp-json\/wp\/v2\/product"}],"about":[{"href":"https:\/\/www.mysexualfantasy.eu\/en\/wp-json\/wp\/v2\/types\/product"}],"replies":[{"embeddable":true,"href":"https:\/\/www.mysexualfantasy.eu\/en\/wp-json\/wp\/v2\/comments?post=76554"}],"wp:featuredmedia":[{"embeddable":true,"href":"https:\/\/www.mysexualfantasy.eu\/en\/wp-json\/wp\/v2\/media\/76555"}],"wp:attachment":[{"href":"https:\/\/www.mysexualfantasy.eu\/en\/wp-json\/wp\/v2\/media?parent=76554"}],"wp:term":[{"taxonomy":"product_brand","embeddable":true,"href":"https:\/\/www.mysexualfantasy.eu\/en\/wp-json\/wp\/v2\/product_brand?post=76554"},{"taxonomy":"product_cat","embeddable":true,"href":"https:\/\/www.mysexualfantasy.eu\/en\/wp-json\/wp\/v2\/product_cat?post=76554"},{"taxonomy":"product_tag","embeddable":true,"href":"https:\/\/www.mysexualfantasy.eu\/en\/wp-json\/wp\/v2\/product_tag?post=76554"}],"curies":[{"name":"wp","href":"https:\/\/api.w.org\/{rel}","templated":true}]}}