{"id":76573,"date":"2023-04-25T11:49:28","date_gmt":"2023-04-25T11:49:28","guid":{"rendered":"https:\/\/www.mysexualfantasy.eu\/?post_type=product&#038;p=76573"},"modified":"2023-12-06T15:19:18","modified_gmt":"2023-12-06T15:19:18","slug":"kheper-games-sex-coupons-en","status":"publish","type":"product","link":"https:\/\/www.mysexualfantasy.eu\/en\/product\/kheper-games-sex-coupons-en\/","title":{"rendered":"KHEPER GAMES &#8211; SEX! COUPONS \/ EN"},"content":{"rendered":"<p>\u00a120 SEXO rom\u00e1ntico!\u00a0\u00a1Cupones para darle a tu amante cuando te sientas generoso&#8230; y con ganas de SEXO caliente!\u00a0\u00a1Cada cup\u00f3n ofrece una posici\u00f3n sexual \u00fanica!\u00a0El juego ideal para parejas.<\/p>","protected":false},"excerpt":{"rendered":"<p>KHEPER GAMES &#8211; SEX! COUPONS \/ EN<\/p>","protected":false},"featured_media":76574,"comment_status":"open","ping_status":"closed","template":"","meta":{"_monsterinsights_skip_tracking":false,"_monsterinsights_sitenote_active":false,"_monsterinsights_sitenote_note":"","_monsterinsights_sitenote_category":0,"_joinchat":[]},"product_brand":[],"product_cat":[616,1232,1266,165],"product_tag":[],"class_list":{"0":"post-76573","1":"product","2":"type-product","3":"status-publish","4":"has-post-thumbnail","6":"product_cat-juegos","7":"product_cat-juegos-juegos-de-pareja","8":"product_cat-juegos-juegos-preliminares","9":"product_cat-novedades","10":"yith_product_brand-kheper-games","12":"first","13":"instock","14":"taxable","15":"shipping-taxable","16":"purchasable","17":"product-type-simple"},"aioseo_notices":[],"_links":{"self":[{"href":"https:\/\/www.mysexualfantasy.eu\/en\/wp-json\/wp\/v2\/product\/76573","targetHints":{"allow":["GET"]}}],"collection":[{"href":"https:\/\/www.mysexualfantasy.eu\/en\/wp-json\/wp\/v2\/product"}],"about":[{"href":"https:\/\/www.mysexualfantasy.eu\/en\/wp-json\/wp\/v2\/types\/product"}],"replies":[{"embeddable":true,"href":"https:\/\/www.mysexualfantasy.eu\/en\/wp-json\/wp\/v2\/comments?post=76573"}],"wp:featuredmedia":[{"embeddable":true,"href":"https:\/\/www.mysexualfantasy.eu\/en\/wp-json\/wp\/v2\/media\/76574"}],"wp:attachment":[{"href":"https:\/\/www.mysexualfantasy.eu\/en\/wp-json\/wp\/v2\/media?parent=76573"}],"wp:term":[{"taxonomy":"product_brand","embeddable":true,"href":"https:\/\/www.mysexualfantasy.eu\/en\/wp-json\/wp\/v2\/product_brand?post=76573"},{"taxonomy":"product_cat","embeddable":true,"href":"https:\/\/www.mysexualfantasy.eu\/en\/wp-json\/wp\/v2\/product_cat?post=76573"},{"taxonomy":"product_tag","embeddable":true,"href":"https:\/\/www.mysexualfantasy.eu\/en\/wp-json\/wp\/v2\/product_tag?post=76573"}],"curies":[{"name":"wp","href":"https:\/\/api.w.org\/{rel}","templated":true}]}}