{"id":7664,"date":"2023-01-13T13:08:48","date_gmt":"2023-01-13T13:08:48","guid":{"rendered":"https:\/\/www.mysexualfantasy.eu\/?post_type=product&#038;p=7664"},"modified":"2023-12-06T16:14:42","modified_gmt":"2023-12-06T16:14:42","slug":"anal-fantasy-vibrador-prostata-9-funciones","status":"publish","type":"product","link":"https:\/\/www.mysexualfantasy.eu\/en\/product\/anal-fantasy-vibrador-prostata-9-funciones\/","title":{"rendered":"ANAL FANTASY VIBRADOR PROSTATA 9 FUNCIONES"},"content":{"rendered":"<p>Si nunca has probado el juego anal, el Prostate Vibe es justo lo que necesitas para explorar el maravilloso mundo de la estimulaci\u00f3n anal.<\/p>\n<p>El Prostate Vibe con 9 funciones de vibraci\u00f3n dispone de un cuerpo con forma bulbosa para una estimulaci\u00f3n del Punto-P.<\/p>\n<p>El estimulador de su base, acariciar\u00e1 tu perineo d\u00e1ndote m\u00e1s placer que nunca! Introd\u00facelo en tu rutina sexual para tener una erecci\u00f3n m\u00e1s r\u00edgida y m\u00e1s potente.<\/p>\n<p>Para encender tu vibrador, simplemente mant\u00e9n pulsado el bot\u00f3n de la base durante 3 segundos.<\/p>\n<p>Funciona con 2 pilas AAA que no van incluidas.<\/p>\n<p>La limpieza es una obligaci\u00f3n despu\u00e9s de la diversi\u00f3n con el Pipedream toy Cleaner y agua tibia.<\/p>\n<ul>\n<li>100% Libre de phalatos<\/li>\n<li>Multivelocidad<\/li>\n<li>Acuatico \/ Apto para la ducha<\/li>\n<li>Unisex.<\/li>\n<li>Longitud insertable: 11.4 cm X 3.8 cm<\/li>\n<\/ul>\n<p>La limpieza es una obligaci\u00f3n despu\u00e9s de la diversi\u00f3n con el Pipedream toy Cleaner y agua tibia.<\/p>\n<p><strong>Anal Fantasy<\/strong> es una linea perfecta para estimular la zona anal, donde concentramos puntos sensitivos perfectos para alcanzar el orgasmo, todos los juguetes estan orientados para la maxima satisfaci\u00f3n anal.<\/p>\n<p>Descubre nuevas sensaciones!<\/p>\n<p>\u00a0<\/p>\n<p style=\"text-align: center;\"><iframe allowfullscreen=\"\" frameborder=\"0\" height=\"359\" mozallowfullscreen=\"\" src=\"https:\/\/player.vimeo.com\/video\/118540581\" webkitallowfullscreen=\"\" width=\"640\"><\/iframe><\/p>","protected":false},"excerpt":{"rendered":"<p>ANAL FANTASY 9 FUNCTION PROSTATE VIBE<\/p>","protected":false},"featured_media":55976,"comment_status":"open","ping_status":"closed","template":"","meta":{"_monsterinsights_skip_tracking":false,"_monsterinsights_sitenote_active":false,"_monsterinsights_sitenote_note":"","_monsterinsights_sitenote_category":0,"_joinchat":[]},"product_brand":[],"product_cat":[1193,1162,1308,1152,1155,1165,1189,1309,1153,1305],"product_tag":[],"class_list":{"0":"post-7664","1":"product","2":"type-product","3":"status-publish","4":"has-post-thumbnail","6":"product_cat-juguetes-bienestar-vibradores100-sumergible","7":"product_cat-juguetes-bienestar-anal","8":"product_cat-juguetes-bienestar-analespecial-prostaticos","9":"product_cat-juguetes-bienestar","10":"product_cat-juguetes-bienestar-juguetes-para-mujeres","11":"product_cat-juguetes-bienestar-juguetes-para-mujeresmasturbadores-para-ellas","12":"product_cat-juguetes-bienestar-analplugs-anales","13":"product_cat-juguetes-bienestar-juguetes-para-mujerespunto-g","14":"product_cat-juguetes-bienestar-vibradores","15":"product_cat-juguetes-bienestar-analvibradores-anales","16":"yith_product_brand-pipedreamsanal-fantasy-series","17":"yith_product_brand-pipedreams","19":"first","20":"instock","21":"taxable","22":"shipping-taxable","23":"purchasable","24":"product-type-simple"},"aioseo_notices":[],"_links":{"self":[{"href":"https:\/\/www.mysexualfantasy.eu\/en\/wp-json\/wp\/v2\/product\/7664","targetHints":{"allow":["GET"]}}],"collection":[{"href":"https:\/\/www.mysexualfantasy.eu\/en\/wp-json\/wp\/v2\/product"}],"about":[{"href":"https:\/\/www.mysexualfantasy.eu\/en\/wp-json\/wp\/v2\/types\/product"}],"replies":[{"embeddable":true,"href":"https:\/\/www.mysexualfantasy.eu\/en\/wp-json\/wp\/v2\/comments?post=7664"}],"wp:featuredmedia":[{"embeddable":true,"href":"https:\/\/www.mysexualfantasy.eu\/en\/wp-json\/wp\/v2\/media\/55976"}],"wp:attachment":[{"href":"https:\/\/www.mysexualfantasy.eu\/en\/wp-json\/wp\/v2\/media?parent=7664"}],"wp:term":[{"taxonomy":"product_brand","embeddable":true,"href":"https:\/\/www.mysexualfantasy.eu\/en\/wp-json\/wp\/v2\/product_brand?post=7664"},{"taxonomy":"product_cat","embeddable":true,"href":"https:\/\/www.mysexualfantasy.eu\/en\/wp-json\/wp\/v2\/product_cat?post=7664"},{"taxonomy":"product_tag","embeddable":true,"href":"https:\/\/www.mysexualfantasy.eu\/en\/wp-json\/wp\/v2\/product_tag?post=7664"}],"curies":[{"name":"wp","href":"https:\/\/api.w.org\/{rel}","templated":true}]}}