{"id":76855,"date":"2023-04-25T12:19:57","date_gmt":"2023-04-25T12:19:57","guid":{"rendered":"https:\/\/www.mysexualfantasy.eu\/?post_type=product&#038;p=76855"},"modified":"2023-12-06T17:05:33","modified_gmt":"2023-12-06T17:05:33","slug":"obsessive-a770-pezoneras-negro-talla-unica","status":"publish","type":"product","link":"https:\/\/www.mysexualfantasy.eu\/en\/product\/obsessive-a770-pezoneras-negro-talla-unica\/","title":{"rendered":"OBSESSIVE &#8211; A770 PEZONERAS NEGRO TALLA UNICA"},"content":{"rendered":"<p>\u00a1Atenci\u00f3n! \u00a1Nuestras cubiertas para pezones en forma de flor A770 negras y ligeramente brillantes se usan bajo su propio riesgo! Si calientan el ambiente en el dormitorio y te hacen recordar las tardes que los usabas durante mucho tiempo, \u00a1no digas que no te lo advertimos!<\/p>\n<p><strong>Conoce m\u00e1s detalles:<\/strong><\/p>\n<ul>\n<li>Cubre pezones reutilizables A770<\/li>\n<li>material met\u00e1lico brillante  a\u00fan m\u00e1s encanto<\/li>\n<li>recortes calados  un dise\u00f1o interesante<\/li>\n<li>materiales: 95 % poliuretano, 5 % pegamento<\/li>\n<\/ul>\n<p>Obsesive significa inspiraci\u00f3n para las mujeres. Elegancia,sensualidad, amor por los bordados&#8230; Los mejores tejidos y los mejores bordados para crear piezas de lencer\u00eda \u00fanicas. A\u00f1os trabajando para unir la mejor relaci\u00f3n calidad &#8211; premio.<\/p>\n<p>\u00a1L\u00edderes mundiales en lencer\u00eda! \u00a1Nadie lo hace mejor!<\/p>","protected":false},"excerpt":{"rendered":"<p>OBSESSIVE &#8211; A770 NIPPLE COVERS BLACK O\/S<\/p>","protected":false},"featured_media":76857,"comment_status":"open","ping_status":"closed","template":"","meta":{"_monsterinsights_skip_tracking":false,"_monsterinsights_sitenote_active":false,"_monsterinsights_sitenote_note":"","_monsterinsights_sitenote_category":0,"_joinchat":[]},"product_brand":[],"product_cat":[326,948,1131,165,1134],"product_tag":[],"class_list":{"0":"post-76855","1":"product","2":"type-product","3":"status-publish","4":"has-post-thumbnail","6":"product_cat-lenceria","7":"product_cat-lencerialenceria-mujer","8":"product_cat-lencerialenceria-picante","9":"product_cat-novedades","10":"product_cat-lencerialenceria-picantepezoneras","11":"yith_product_brand-obsessive","12":"yith_product_brand-obsessiveobsessive-accessories","14":"first","15":"instock","16":"taxable","17":"shipping-taxable","18":"purchasable","19":"product-type-simple"},"aioseo_notices":[],"_links":{"self":[{"href":"https:\/\/www.mysexualfantasy.eu\/en\/wp-json\/wp\/v2\/product\/76855","targetHints":{"allow":["GET"]}}],"collection":[{"href":"https:\/\/www.mysexualfantasy.eu\/en\/wp-json\/wp\/v2\/product"}],"about":[{"href":"https:\/\/www.mysexualfantasy.eu\/en\/wp-json\/wp\/v2\/types\/product"}],"replies":[{"embeddable":true,"href":"https:\/\/www.mysexualfantasy.eu\/en\/wp-json\/wp\/v2\/comments?post=76855"}],"wp:featuredmedia":[{"embeddable":true,"href":"https:\/\/www.mysexualfantasy.eu\/en\/wp-json\/wp\/v2\/media\/76857"}],"wp:attachment":[{"href":"https:\/\/www.mysexualfantasy.eu\/en\/wp-json\/wp\/v2\/media?parent=76855"}],"wp:term":[{"taxonomy":"product_brand","embeddable":true,"href":"https:\/\/www.mysexualfantasy.eu\/en\/wp-json\/wp\/v2\/product_brand?post=76855"},{"taxonomy":"product_cat","embeddable":true,"href":"https:\/\/www.mysexualfantasy.eu\/en\/wp-json\/wp\/v2\/product_cat?post=76855"},{"taxonomy":"product_tag","embeddable":true,"href":"https:\/\/www.mysexualfantasy.eu\/en\/wp-json\/wp\/v2\/product_tag?post=76855"}],"curies":[{"name":"wp","href":"https:\/\/api.w.org\/{rel}","templated":true}]}}