{"id":76859,"date":"2023-04-25T12:19:59","date_gmt":"2023-04-25T12:19:59","guid":{"rendered":"https:\/\/www.mysexualfantasy.eu\/?post_type=product&#038;p=76859"},"modified":"2023-12-06T17:22:33","modified_gmt":"2023-12-06T17:22:33","slug":"obsessive-b139-crotchless-teddy-s-m-l","status":"publish","type":"product","link":"https:\/\/www.mysexualfantasy.eu\/en\/product\/obsessive-b139-crotchless-teddy-s-m-l\/","title":{"rendered":"OBSESSIVE &#8211; B139 CROTCHLESS TEDDY S\/M\/L"},"content":{"rendered":"<p>Cuando tenga ganas de subir la temperatura en el dormitorio, busque el osito tejido B139. El patr\u00f3n geom\u00e9trico atemporal y el corte con entrepierna abierta seguramente te atraer\u00e1n. C\u00f3mo podr\u00edas decir que no, verdad?<\/p>\n<p><strong>Descubre m\u00e1s detalles:<\/strong><\/p>\n<ul>\n<li>B139 peluche con entrepierna abierta<\/li>\n<li>patrones geom\u00e9tricos<\/li>\n<li>corte profundo en la espalda<\/li>\n<li>sin mangas<\/li>\n<li>tejido el\u00e1stico 90 % nailon, 10 % elastano<\/li>\n<\/ul>\n<p>Obsessive\u00a0significa inspiraci\u00f3n para las mujeres. Elegancia,sensualidad, amor por los bordados&#8230; Los mejores tejidos y los mejores bordados para crear piezas de lencer\u00eda \u00fanicas. A\u00f1os trabajando para unir la mejor relaci\u00f3n calidad &#8211; precio.<\/p>\n<p>\u00a1L\u00edderes mundiales en lencer\u00eda! \u00a1Nadie lo hace mejor!<\/p>\n<p 1.5=\"box-sizing:=\" color:=\"font-size:=\" line-height:=\"margin-top:=\" roboto=\"style=\" text-align:=\"\">\u00a0<\/p>\n<p 1.5=\"color:=\" font-size:=\"line-height:=\" margin-top:=\"roboto=\" style=\"box-sizing:\" text-align:=\"\"><img decoding=\"async\" src=\"https:\/\/store.dreamlove.es\/UserFiles\/images\/SIZES.png\" \/><\/p>\n<p>\u00a0<\/p>","protected":false},"excerpt":{"rendered":"<p>OBSESSIVE &#8211; B139 CROTCHLESS TEDDY S\/M\/L<\/p>","protected":false},"featured_media":76860,"comment_status":"open","ping_status":"closed","template":"","meta":{"_monsterinsights_skip_tracking":false,"_monsterinsights_sitenote_active":false,"_monsterinsights_sitenote_note":"","_monsterinsights_sitenote_category":0,"_joinchat":[]},"product_brand":[],"product_cat":[1287,1448,1196,1197,1199,1166],"product_tag":[],"class_list":{"0":"post-76859","1":"product","2":"type-product","3":"status-publish","4":"has-post-thumbnail","6":"product_cat-moda-lencerialenceria-mujerlenceria-sexybodys","7":"product_cat-moda-lencerialenceria-mujerlenceria-picantebodys-sin-entrepierna","8":"product_cat-moda-lencerialenceria-mujer","9":"product_cat-moda-lencerialenceria-mujerlenceria-picante","10":"product_cat-moda-lencerialenceria-mujerlenceria-sexy","11":"product_cat-moda-lenceria","12":"yith_product_brand-obsessive","13":"yith_product_brand-obsessiveobsessive-teddies","15":"first","16":"instock","17":"taxable","18":"shipping-taxable","19":"purchasable","20":"product-type-simple"},"aioseo_notices":[],"_links":{"self":[{"href":"https:\/\/www.mysexualfantasy.eu\/en\/wp-json\/wp\/v2\/product\/76859","targetHints":{"allow":["GET"]}}],"collection":[{"href":"https:\/\/www.mysexualfantasy.eu\/en\/wp-json\/wp\/v2\/product"}],"about":[{"href":"https:\/\/www.mysexualfantasy.eu\/en\/wp-json\/wp\/v2\/types\/product"}],"replies":[{"embeddable":true,"href":"https:\/\/www.mysexualfantasy.eu\/en\/wp-json\/wp\/v2\/comments?post=76859"}],"wp:featuredmedia":[{"embeddable":true,"href":"https:\/\/www.mysexualfantasy.eu\/en\/wp-json\/wp\/v2\/media\/76860"}],"wp:attachment":[{"href":"https:\/\/www.mysexualfantasy.eu\/en\/wp-json\/wp\/v2\/media?parent=76859"}],"wp:term":[{"taxonomy":"product_brand","embeddable":true,"href":"https:\/\/www.mysexualfantasy.eu\/en\/wp-json\/wp\/v2\/product_brand?post=76859"},{"taxonomy":"product_cat","embeddable":true,"href":"https:\/\/www.mysexualfantasy.eu\/en\/wp-json\/wp\/v2\/product_cat?post=76859"},{"taxonomy":"product_tag","embeddable":true,"href":"https:\/\/www.mysexualfantasy.eu\/en\/wp-json\/wp\/v2\/product_tag?post=76859"}],"curies":[{"name":"wp","href":"https:\/\/api.w.org\/{rel}","templated":true}]}}