{"id":76897,"date":"2023-04-25T12:20:11","date_gmt":"2023-04-25T12:20:11","guid":{"rendered":"https:\/\/www.mysexualfantasy.eu\/?post_type=product&#038;p=76897"},"modified":"2023-12-06T17:27:21","modified_gmt":"2023-12-06T17:27:21","slug":"obsessive-serena-love-corset-tanga-xs-s","status":"publish","type":"product","link":"https:\/\/www.mysexualfantasy.eu\/en\/product\/obsessive-serena-love-corset-tanga-xs-s\/","title":{"rendered":"OBSESSIVE &#8211; SERENA LOVE CORSET  TANGA XS\/S"},"content":{"rendered":"<p>Hermoso encaje floral decorar\u00e1 tus caderas y senos. El aro vertical y el cierre ajustable con corchetes en la parte posterior garantizar\u00e1n el ajuste perfecto. Tanga de encaje a juego &#8211; \u00a1ah! El maravilloso corte cl\u00e1sico de este cors\u00e9 te har\u00e1 sentir como una reina. Y esto es solo el comienzo de experiencias incre\u00edbles&#8230;<\/p>\n<p><strong>Descubre m\u00e1s detalles:<\/strong><\/p>\n<ul>\n<li>Cors\u00e9 Serena Love y tanga de encaje incluidos<\/li>\n<li>copas con aros<\/li>\n<li>el aro vertical moldea \u00f3pticamente la figura<\/li>\n<li>cierre de corchetes en la espalda: el placer y la comodidad de llevar<\/li>\n<li>las correas de liga y las correas de los hombros son ajustables<\/li>\n<li>agradable al tacto, tejidos suaves cors\u00e9: 94 % poliamida, 6 % elastano; tanga: 90 % poliamida, 10 % elastano<\/li>\n<\/ul>\n<p>Obsessive\u00a0significa inspiraci\u00f3n para las mujeres. Elegancia,sensualidad, amor por los bordados&#8230; Los mejores tejidos y los mejores bordados para crear piezas de lencer\u00eda \u00fanicas. A\u00f1os trabajando para unir la mejor relaci\u00f3n calidad &#8211; precio.<\/p>\n<p>\u00a1L\u00edderes mundiales en lencer\u00eda! \u00a1Nadie lo hace mejor!<\/p>\n<p 1.5=\"box-sizing:=\" color:=\"font-size:=\" line-height:=\"margin-top:=\" roboto=\"style=\" text-align:=\"\">\u00a0<\/p>\n<p 1.5=\"color:=\" font-size:=\"line-height:=\" margin-top:=\"roboto=\" style=\"box-sizing:\" text-align:=\"\"><img decoding=\"async\" src=\"https:\/\/store.dreamlove.es\/UserFiles\/images\/SIZES.png\" \/><\/p>\n<p>\u00a0<\/p>","protected":false},"excerpt":{"rendered":"<p>OBSESSIVE &#8211; SERENA LOVE CORSET  THONG XS\/S<\/p>","protected":false},"featured_media":76899,"comment_status":"open","ping_status":"closed","template":"","meta":{"_monsterinsights_skip_tracking":false,"_monsterinsights_sitenote_active":false,"_monsterinsights_sitenote_note":"","_monsterinsights_sitenote_category":0,"_joinchat":[]},"product_brand":[],"product_cat":[1447,1196,1197,1199,1166],"product_tag":[],"class_list":{"0":"post-76897","1":"product","2":"type-product","3":"status-publish","4":"has-post-thumbnail","6":"product_cat-moda-lencerialenceria-mujerlenceria-picantecorsets","7":"product_cat-moda-lencerialenceria-mujer","8":"product_cat-moda-lencerialenceria-mujerlenceria-picante","9":"product_cat-moda-lencerialenceria-mujerlenceria-sexy","10":"product_cat-moda-lenceria","11":"yith_product_brand-obsessive","12":"yith_product_brand-obsessiveobsessive-corsets","14":"first","15":"instock","16":"taxable","17":"shipping-taxable","18":"purchasable","19":"product-type-variable"},"aioseo_notices":[],"_links":{"self":[{"href":"https:\/\/www.mysexualfantasy.eu\/en\/wp-json\/wp\/v2\/product\/76897","targetHints":{"allow":["GET"]}}],"collection":[{"href":"https:\/\/www.mysexualfantasy.eu\/en\/wp-json\/wp\/v2\/product"}],"about":[{"href":"https:\/\/www.mysexualfantasy.eu\/en\/wp-json\/wp\/v2\/types\/product"}],"replies":[{"embeddable":true,"href":"https:\/\/www.mysexualfantasy.eu\/en\/wp-json\/wp\/v2\/comments?post=76897"}],"wp:featuredmedia":[{"embeddable":true,"href":"https:\/\/www.mysexualfantasy.eu\/en\/wp-json\/wp\/v2\/media\/76899"}],"wp:attachment":[{"href":"https:\/\/www.mysexualfantasy.eu\/en\/wp-json\/wp\/v2\/media?parent=76897"}],"wp:term":[{"taxonomy":"product_brand","embeddable":true,"href":"https:\/\/www.mysexualfantasy.eu\/en\/wp-json\/wp\/v2\/product_brand?post=76897"},{"taxonomy":"product_cat","embeddable":true,"href":"https:\/\/www.mysexualfantasy.eu\/en\/wp-json\/wp\/v2\/product_cat?post=76897"},{"taxonomy":"product_tag","embeddable":true,"href":"https:\/\/www.mysexualfantasy.eu\/en\/wp-json\/wp\/v2\/product_tag?post=76897"}],"curies":[{"name":"wp","href":"https:\/\/api.w.org\/{rel}","templated":true}]}}