{"id":76919,"date":"2023-04-25T12:20:17","date_gmt":"2023-04-25T12:20:17","guid":{"rendered":"https:\/\/www.mysexualfantasy.eu\/?post_type=product&#038;p=76919"},"modified":"2023-12-06T17:26:11","modified_gmt":"2023-12-06T17:26:11","slug":"obsessive-serena-love-chemise-tanga-xs-s","status":"publish","type":"product","link":"https:\/\/www.mysexualfantasy.eu\/en\/product\/obsessive-serena-love-chemise-tanga-xs-s\/","title":{"rendered":"OBSESSIVE &#8211; SERENA LOVE CHEMISE  TANGA XS\/S"},"content":{"rendered":"<p>Si so\u00f1aste con una lencer\u00eda \u00fanica para la hora de dormir, elegante, suave al tacto y llena de elegancia femenina, te recomendamos la camisola Serena Love. El material satinado y el hermoso encaje envolver\u00e1n tu cuerpo, mimar\u00e1n tus sentidos&#8230; \u00a1Compru\u00e9balo t\u00fa mismo!<\/p>\n<p><strong>Descubre m\u00e1s detalles:<\/strong><\/p>\n<ul>\n<li>Camisola Serena Love completa con tanga<\/li>\n<li>el cierre trasero y las correas son ajustables<\/li>\n<li>bordes rematados con puntilla fina<\/li>\n<li>copas con aros<\/li>\n<li>decoraci\u00f3n de joyas en el busto  a\u00f1ade elegancia<\/li>\n<li>materiales agradables al tacto camisa: 95 % poli\u00e9ster, 5 % elastano; tanga: 90 % poliamida, 10 % elastano<\/li>\n<\/ul>\n<p>Obsessive\u00a0significa inspiraci\u00f3n para las mujeres. Elegancia,sensualidad, amor por los bordados&#8230; Los mejores tejidos y los mejores bordados para crear piezas de lencer\u00eda \u00fanicas. A\u00f1os trabajando para unir la mejor relaci\u00f3n calidad &#8211; precio.<\/p>\n<p>\u00a1L\u00edderes mundiales en lencer\u00eda! \u00a1Nadie lo hace mejor!<\/p>\n<p 1.5=\"box-sizing:=\" color:=\"font-size:=\" line-height:=\"margin-top:=\" roboto=\"style=\" text-align:=\"\">\u00a0<\/p>\n<p 1.5=\"color:=\" font-size:=\"line-height:=\" margin-top:=\"roboto=\" style=\"box-sizing:\" text-align:=\"\"><img decoding=\"async\" src=\"https:\/\/store.dreamlove.es\/UserFiles\/images\/SIZES.png\" \/><\/p>\n<p>\u00a0<\/p>","protected":false},"excerpt":{"rendered":"<p>OBSESSIVE &#8211; SERENA LOVE CHEMISE  THONG XS\/S<\/p>","protected":false},"featured_media":76921,"comment_status":"open","ping_status":"closed","template":"","meta":{"_monsterinsights_skip_tracking":false,"_monsterinsights_sitenote_active":false,"_monsterinsights_sitenote_note":"","_monsterinsights_sitenote_category":0,"_joinchat":[]},"product_brand":[],"product_cat":[1284,1196,1199,1166],"product_tag":[],"class_list":{"0":"post-76919","1":"product","2":"type-product","3":"status-publish","4":"has-post-thumbnail","6":"product_cat-moda-lencerialenceria-mujerlenceria-sexycamisones","7":"product_cat-moda-lencerialenceria-mujer","8":"product_cat-moda-lencerialenceria-mujerlenceria-sexy","9":"product_cat-moda-lenceria","10":"yith_product_brand-obsessive","11":"yith_product_brand-obsessiveobsessive-chemise","13":"first","14":"instock","15":"taxable","16":"shipping-taxable","17":"purchasable","18":"product-type-variable"},"aioseo_notices":[],"_links":{"self":[{"href":"https:\/\/www.mysexualfantasy.eu\/en\/wp-json\/wp\/v2\/product\/76919","targetHints":{"allow":["GET"]}}],"collection":[{"href":"https:\/\/www.mysexualfantasy.eu\/en\/wp-json\/wp\/v2\/product"}],"about":[{"href":"https:\/\/www.mysexualfantasy.eu\/en\/wp-json\/wp\/v2\/types\/product"}],"replies":[{"embeddable":true,"href":"https:\/\/www.mysexualfantasy.eu\/en\/wp-json\/wp\/v2\/comments?post=76919"}],"wp:featuredmedia":[{"embeddable":true,"href":"https:\/\/www.mysexualfantasy.eu\/en\/wp-json\/wp\/v2\/media\/76921"}],"wp:attachment":[{"href":"https:\/\/www.mysexualfantasy.eu\/en\/wp-json\/wp\/v2\/media?parent=76919"}],"wp:term":[{"taxonomy":"product_brand","embeddable":true,"href":"https:\/\/www.mysexualfantasy.eu\/en\/wp-json\/wp\/v2\/product_brand?post=76919"},{"taxonomy":"product_cat","embeddable":true,"href":"https:\/\/www.mysexualfantasy.eu\/en\/wp-json\/wp\/v2\/product_cat?post=76919"},{"taxonomy":"product_tag","embeddable":true,"href":"https:\/\/www.mysexualfantasy.eu\/en\/wp-json\/wp\/v2\/product_tag?post=76919"}],"curies":[{"name":"wp","href":"https:\/\/api.w.org\/{rel}","templated":true}]}}