{"id":76965,"date":"2023-04-25T12:20:40","date_gmt":"2023-04-25T12:20:40","guid":{"rendered":"https:\/\/www.mysexualfantasy.eu\/?post_type=product&#038;p=76965"},"modified":"2023-12-06T15:30:12","modified_gmt":"2023-12-06T15:30:12","slug":"blacksilver-korg-cadena-anal-silicona-21-cm","status":"publish","type":"product","link":"https:\/\/www.mysexualfantasy.eu\/en\/product\/blacksilver-korg-cadena-anal-silicona-21-cm\/","title":{"rendered":"BLACKSILVER &#8211; KORG ROSARIO ANAL INICIACION SILICONA 21 CM"},"content":{"rendered":"<p>Con una forma suave y graduada, nuestras BlackSilver\u2122 Korg Beads\u2122 son la opci\u00f3n perfecta para principiantes \u00a0que desean explorar los encantos del juego anal. Deja que tus deseos se desaten a medida que recoges recompensas para \u00e9l o ella: seguro que har\u00e1 que consigas un placer extremo.<\/p>\n<p>Por qu\u00e9 BlackSilver\u2122 Korg Beads\u2122 te damos 4 motivos exclusivos que te lanzar\u00e1n a buscar estas bolas anales de tacto sedoso.<\/p>\n<ul>\n<li>Silicona respetuosa con el cuerpo<\/li>\n<li>Unisex: El dispositivo puede ser utilizado por personas de todos los sexos<\/li>\n<li>Perfectamente aptas para utilizar bajo el agua.<\/li>\n<li>Ideal para principiantes y entrenamiento anal.<\/li>\n<\/ul>\n<p>BlackSilver\u2122 Korg Beads \u2122 \u00a1El inicio de un juego anal muy satisfactorio!<\/p>\n<p>Medidas; 23cm longitud total x 1.2cm<\/p>\n<p>BlackSilver\u2122 Korg Beads \u2122 \u00a0perfectas para los juegos sensuales de la puerta trasera: Las bolas anales vienen en un juego de \u00a0estructura uniforme y una superficie suave hecha de silicona. Con 5 elementos, las BlackSilver\u2122 Korg Beads \u2122 son el acompa\u00f1ante ideal para el entrenamiento anal.<\/p>\n<p>BlackSilver\u2122 Korg Beads \u2122 \u00a0: es sumamente flexible y por lo tanto se ajustan perfectamente a los contornos de tu cuerpo. La pr\u00e1ctica base de sujeci\u00f3n facilita el uso y garantiza un disfrute seguro. Gracias a la apariencia juguetona, permiten sobre todo a los principiantes iniciarse en el entrenamiento anal.<\/p>\n<p>Cu\u00e1les son las otras ventajas de los juguetes anales?<\/p>\n<ul>\n<li>Aparte de sus estructuras y dise\u00f1os vers\u00e1tiles, BlackSilver\u2122 Korg Beads \u2122 \u00a0\u00a0ofrecen una sensaci\u00f3n suave. La superficie suave de la silicona inocua para el cuerpo es extremadamente higi\u00e9nica y f\u00e1cil de limpiar, ya que las bolas se utilizan analmente, se recomienda una desinfecci\u00f3n completa con el Desinfectante Spray de Waterfeel\u2122 antes y despu\u00e9s de cada uso. La composici\u00f3n combina perfectamente al material. Especialmente a la hora de jugar con la puerta trasera, tambi\u00e9n es aconsejable utilizar lubricante, por ejemplo de Waterfeel\u2122, Aqua\u2122, Bioaqua\u2122, Coquette\u2122 o Aquatravel\u2122. Los lubricantes est\u00e1n disponibles en versiones cl\u00e1sica, sedosa y con efecto calor, y son el complemento id\u00f3neo para disfrutar de la experiencia con BlackSilver\u2122<\/li>\n<\/ul>\n<p>LIMPIEZA<\/p>\n<ul>\n<li>Limpia a fondo el juguete antes y despu\u00e9s de cada uso con agua tibia y jab\u00f3n suave.<\/li>\n<\/ul>\n<p>ALMACENAMIENTO<\/p>\n<ul>\n<li>Guarde su juguete BlackSilver\u2122 Korg Beads \u2122 \u00a0\u00a0\u00a0en un lugar sin polvo y mant\u00e9ngalo alejado de juguetes de otros materiales. Evite dejarlo a la luz solar directa y NUNCA lo exponga a calor extremo.<\/li>\n<\/ul>\n<p>CONSEJOS DE USO<\/p>\n<ul>\n<li>BlackSilver\u2122 Korg Beads \u2122 recomienda el uso de lubricantes a base de agua como, Waterfeel\u2122, Aqua\u2122, Bioaqua\u2122, Aquatravel\u2122 o Coquette\u2122 para una inserci\u00f3n f\u00e1cil y suave de todos los productos de silicona. No utilice lubricantes, aceites o cremas de silicona con ning\u00fan producto de silicona, ya que pueden degradar el material del producto y limitar su rendimiento y vida \u00fatil.<\/li>\n<\/ul>\n<p>3 A\u00d1OS DE GARANT\u00cdA<\/p>\n<ul>\n<li>Esta garant\u00eda se aplica a todos los productos BlackSilver\u2122 Korg Beads \u2122 \u00a0\u00a0comprados, a partir de la fecha de compra original de dicho producto. Esta garant\u00eda no cubre da\u00f1os causados por un mal uso o un uso diferente al previsto y descrito en el manual de instrucciones del producto, desgaste normal, alteraci\u00f3n, uso irrazonable, servicio realizado por agencias de servicio no autorizadas o p\u00e9rdida o da\u00f1o de bater\u00edas o bater\u00edas extra\u00edbles.<\/li>\n<\/ul>\n<p><span style=\"color: rgb(57, 57, 57);\">**Nota; Este producto est\u00e1 prohibido venderlo en cualquier canal E-commerce. La venta est\u00e1 autorizada para puntos fisicos.\u00a0<\/span><\/p>","protected":false},"excerpt":{"rendered":"<p>BLACKSILVER &#8211; KORG SILICONE ANAL CHAIN 23 CM<\/p>","protected":false},"featured_media":76966,"comment_status":"open","ping_status":"closed","template":"","meta":{"_monsterinsights_skip_tracking":false,"_monsterinsights_sitenote_active":false,"_monsterinsights_sitenote_note":"","_monsterinsights_sitenote_category":0,"_joinchat":[]},"product_brand":[],"product_cat":[1162,1158,1159,1152,165],"product_tag":[],"class_list":{"0":"post-76965","1":"product","2":"type-product","3":"status-publish","4":"has-post-thumbnail","6":"product_cat-juguetes-bienestar-anal","7":"product_cat-juguetes-bienestar-bolas","8":"product_cat-juguetes-bienestar-bolasbolas-anales","9":"product_cat-juguetes-bienestar","10":"product_cat-novedades","11":"yith_product_brand-blacksilver","13":"first","14":"instock","15":"taxable","16":"shipping-taxable","17":"purchasable","18":"product-type-simple"},"aioseo_notices":[],"_links":{"self":[{"href":"https:\/\/www.mysexualfantasy.eu\/en\/wp-json\/wp\/v2\/product\/76965","targetHints":{"allow":["GET"]}}],"collection":[{"href":"https:\/\/www.mysexualfantasy.eu\/en\/wp-json\/wp\/v2\/product"}],"about":[{"href":"https:\/\/www.mysexualfantasy.eu\/en\/wp-json\/wp\/v2\/types\/product"}],"replies":[{"embeddable":true,"href":"https:\/\/www.mysexualfantasy.eu\/en\/wp-json\/wp\/v2\/comments?post=76965"}],"wp:featuredmedia":[{"embeddable":true,"href":"https:\/\/www.mysexualfantasy.eu\/en\/wp-json\/wp\/v2\/media\/76966"}],"wp:attachment":[{"href":"https:\/\/www.mysexualfantasy.eu\/en\/wp-json\/wp\/v2\/media?parent=76965"}],"wp:term":[{"taxonomy":"product_brand","embeddable":true,"href":"https:\/\/www.mysexualfantasy.eu\/en\/wp-json\/wp\/v2\/product_brand?post=76965"},{"taxonomy":"product_cat","embeddable":true,"href":"https:\/\/www.mysexualfantasy.eu\/en\/wp-json\/wp\/v2\/product_cat?post=76965"},{"taxonomy":"product_tag","embeddable":true,"href":"https:\/\/www.mysexualfantasy.eu\/en\/wp-json\/wp\/v2\/product_tag?post=76965"}],"curies":[{"name":"wp","href":"https:\/\/api.w.org\/{rel}","templated":true}]}}