{"id":76980,"date":"2023-04-25T12:22:06","date_gmt":"2023-04-25T12:22:06","guid":{"rendered":"https:\/\/www.mysexualfantasy.eu\/?post_type=product&#038;p=76980"},"modified":"2023-12-06T15:31:57","modified_gmt":"2023-12-06T15:31:57","slug":"fun-factory-smartball-uno-blanco-grape","status":"publish","type":"product","link":"https:\/\/www.mysexualfantasy.eu\/en\/product\/fun-factory-smartball-uno-blanco-grape\/","title":{"rendered":"FUN FACTORY &#8211; SMARTBALL UNO BLANCO\/GRAPE"},"content":{"rendered":"<p>SMARTBALL UNO ? para los amantes de las escalas m\u00e1s peque\u00f1as.<\/p>\n<p> SMARTBALL UNO es el dispositivo de entrenamiento kegel f\u00e1cil de usar para fortalecer el suelo p\u00e9lvico, especialmente beneficioso para principiantes, as\u00ed como para mujeres con afecciones uterinas. Insertado como un tamp\u00f3n, el SMARTBALL UNO apenas se siente cuando se usa. A trav\u00e9s de la rotaci\u00f3n constante pero silenciosa de las bolas internas, con los movimientos cotidianos, se inducen contracciones musculares que fortalecen el suelo p\u00e9lvico. Las sesiones de entrenamiento cortas y regulares conducen a los mejores resultados y mejoras. Despu\u00e9s de entrenamientos exitosos con SMARTBALL UNO, recomendamos un entrenamiento avanzado cambiando a SMARTBALLS DUO.<\/p>\n<p> &#8211; Dispositivo de entrenamiento Kegel con una sola bola recubierta de silicona para fortalecer el suelo p\u00e9lvico<br \/> &#8211; Genial para principiantes<br \/> &#8211; Un entrenador de iniciaci\u00f3n para fortalecer los m\u00fasculos del suelo p\u00e9lvico<br \/> &#8211; Para mejorar el entrenamiento cambia a SMARTBALLS DUO con dos balones<br \/> &#8211; Dise\u00f1ado para una f\u00e1cil inserci\u00f3n en la vagina<br \/> &#8211; El dise\u00f1o de forma ergon\u00f3mica se adapta al cuerpo<br \/> &#8211; Tambi\u00e9n adecuado para mujeres con \u00fatero ca\u00eddo o inclinado o para aquellas que se han sometido a una histerectom\u00eda<br \/> &#8211; La rotaci\u00f3n de las bolas internas estimula y fortalece los m\u00fasculos del suelo p\u00e9lvico incluso durante los movimientos diarios m\u00e1s simples<br \/> &#8211; Periodos de uso cortos pero regulares producir\u00e1n los mejores resultados<br \/> &#8211; Previene la incontinencia de esfuerzo y las afecciones uterinas<br \/> &#8211; Al aumentar la fuerza muscular, aumenta la sensibilidad para una mejor sensaci\u00f3n durante el sexo ? para ELLA y EL!<br \/> &#8211; Va de la mano con ejercicios post-natales<br \/> &#8211; Recomendado por matronas y ginec\u00f3logos<br \/> &#8211; Hecho en Alemania<br \/> &#8211; Fabricado con silicona suave aterciopelada e hipoalerg\u00e9nica y pl\u00e1stico ASB respetuoso con el cuerpo<br \/> &#8211; Presilla para el dedo para facilitar la inserci\u00f3n<br \/> &#8211; Fuerte banda de recuperaci\u00f3n de silicona<br \/> &#8211; El dise\u00f1o y la forma c\u00f3modos y sin costuras simplifican la inserci\u00f3n y la limpieza<br \/> &#8211; Discreto y tranquilo<br \/> &#8211; Su forma ergon\u00f3mica se adapta al cuerpo<br \/> &#8211; Use hasta 30 minutos a la vez<br \/> &#8211; Ampl\u00ede su horizonte sexual con el folleto informativo SMARTBALLS de FUN FACTORY: \u00a155 hechos de SMARTBALLS!<\/p>\n<p> Esta smartball permite entrenar los m\u00fasculos del suelo p\u00e9lvico de una forma divertida. Las actividades cotidianas son suficientes para que SMARTBALL UNO ense\u00f1e a la musculatura interna a detectar el movimiento, fortaleciendo as\u00ed el suelo p\u00e9lvico.<\/p>\n<p> La pelota vaginal SMARTBALL UNO con una pelota es perfecta para principiantes y para mujeres con el \u00fatero prolapsado o inclinado y que quieren entrenar los m\u00fasculos del suelo p\u00e9lvico de una manera divertida. \u00a1Los m\u00fasculos que est\u00e1n en forma conducen a m\u00e1s sensaciones durante el sexo y al cl\u00edmax despu\u00e9s del entrenamiento!<\/p>\n<p> El funcionamiento extremadamente suave de la SMARTBALL UNO, as\u00ed como la rotaci\u00f3n constante y r\u00e1pida de la bola interior, son posibles gracias a una tecnolog\u00eda innovadora. Un hueco para el dedo de forma ergon\u00f3mica facilita la inserci\u00f3n. Una mujer puede realizar sus actividades diarias sin ninguna molestia y seguir entrenando diligentemente. La SMARTBALL se introduce longitudinalmente en la vagina con una gota de TOYFLUID, la banda de recuperaci\u00f3n queda fuera del cuerpo.<\/p>\n<p> Algunos pueden pensar que es una l\u00e1stima que el uso de SMARTBALL UNO no genere un orgasmo. Pero las experiencias sexuales despu\u00e9s del entrenamiento son a\u00fan m\u00e1s sensuales y apasionadas. Una mujer siente la sensaci\u00f3n m\u00e1s intensamente durante el sexo. Y para el hombre es una buena sensaci\u00f3n que lo abracen m\u00e1s c\u00f3modamente. \u00a1As\u00ed que mejor comienza tu entrenamiento hoy!<\/p>\n<p> bola de 4,5 cm y 3,6 cm; Banda de 11,5 cm, 36 gramos<\/p>","protected":false},"excerpt":{"rendered":"<p>FUN FACTORY &#8211; SMARTBALL UNO BLANCO\/GRAPE<\/p>","protected":false},"featured_media":76981,"comment_status":"open","ping_status":"closed","template":"","meta":{"_monsterinsights_skip_tracking":false,"_monsterinsights_sitenote_active":false,"_monsterinsights_sitenote_note":"","_monsterinsights_sitenote_category":0,"_joinchat":[]},"product_brand":[],"product_cat":[1158,1265,1152],"product_tag":[],"class_list":{"0":"post-76980","1":"product","2":"type-product","3":"status-publish","4":"has-post-thumbnail","6":"product_cat-juguetes-bienestar-bolas","7":"product_cat-juguetes-bienestar-bolasbolas-silicona","8":"product_cat-juguetes-bienestar","9":"yith_product_brand-fun-factory","11":"first","12":"instock","13":"taxable","14":"shipping-taxable","15":"purchasable","16":"product-type-simple"},"aioseo_notices":[],"_links":{"self":[{"href":"https:\/\/www.mysexualfantasy.eu\/en\/wp-json\/wp\/v2\/product\/76980","targetHints":{"allow":["GET"]}}],"collection":[{"href":"https:\/\/www.mysexualfantasy.eu\/en\/wp-json\/wp\/v2\/product"}],"about":[{"href":"https:\/\/www.mysexualfantasy.eu\/en\/wp-json\/wp\/v2\/types\/product"}],"replies":[{"embeddable":true,"href":"https:\/\/www.mysexualfantasy.eu\/en\/wp-json\/wp\/v2\/comments?post=76980"}],"wp:featuredmedia":[{"embeddable":true,"href":"https:\/\/www.mysexualfantasy.eu\/en\/wp-json\/wp\/v2\/media\/76981"}],"wp:attachment":[{"href":"https:\/\/www.mysexualfantasy.eu\/en\/wp-json\/wp\/v2\/media?parent=76980"}],"wp:term":[{"taxonomy":"product_brand","embeddable":true,"href":"https:\/\/www.mysexualfantasy.eu\/en\/wp-json\/wp\/v2\/product_brand?post=76980"},{"taxonomy":"product_cat","embeddable":true,"href":"https:\/\/www.mysexualfantasy.eu\/en\/wp-json\/wp\/v2\/product_cat?post=76980"},{"taxonomy":"product_tag","embeddable":true,"href":"https:\/\/www.mysexualfantasy.eu\/en\/wp-json\/wp\/v2\/product_tag?post=76980"}],"curies":[{"name":"wp","href":"https:\/\/api.w.org\/{rel}","templated":true}]}}