{"id":76986,"date":"2023-04-25T12:22:08","date_gmt":"2023-04-25T12:22:08","guid":{"rendered":"https:\/\/www.mysexualfantasy.eu\/?post_type=product&#038;p=76986"},"modified":"2023-12-06T15:31:58","modified_gmt":"2023-12-06T15:31:58","slug":"fun-factory-duo-de-smartballs-blanco-rojo-india","status":"publish","type":"product","link":"https:\/\/www.mysexualfantasy.eu\/en\/product\/fun-factory-duo-de-smartballs-blanco-rojo-india\/","title":{"rendered":"FUN FACTORY &#8211; D\u00daO DE SMARTBALLS BLANCO\/ROJO INDIA"},"content":{"rendered":"<p>D\u00daO DE BOLAS INTELIGENTES? Formaci\u00f3n para expertos.<\/p>\n<p> SMARTBALLS DUO es el compa\u00f1ero de entrenamiento f\u00e1cil de usar para aquellos que ya han entrenado con SMARTBALLS UNO o que ya tienen un suelo p\u00e9lvico estable de forma natural. Especialmente adecuado para usuarios experimentados. Insertado como un tamp\u00f3n, el SMARTBALLS DUO se adapta al cuerpo y apenas se siente cuando se usa. La rotaci\u00f3n constante y casi silenciosa de las bolas internas funciona con los movimientos cotidianos para desencadenar las contracciones de los m\u00fasculos, fortaleciendo as\u00ed el suelo p\u00e9lvico. Fases de entrenamiento cortas y regulares conducen a las mejoras m\u00e1s efectivas. Al igual que con cualquier grupo muscular, la forma f\u00edsica ganada desaparece si se interrumpe el entrenamiento. por lo tanto, incluso despu\u00e9s de una estabilizaci\u00f3n exitosa del piso p\u00e9lvico, las SMARTBALLS deben usarse continuamente para obtener los mejores resultados.<\/p>\n<p> &#8211; El dispositivo de entrenamiento del suelo p\u00e9lvico cuenta con dos bolas con peso cubiertas de silicona suave y aterciopelada<br \/> &#8211; Dise\u00f1ado para usuarios avanzados<br \/> &#8211; Perfecto para aumentar los ejercicios de fortalecimiento del suelo p\u00e9lvico despu\u00e9s del uso de SMARTBALLS UNO<br \/> &#8211; Dise\u00f1ado para facilitar la inserci\u00f3n vaginal Dise\u00f1ado teniendo en cuenta la anatom\u00eda femenina, las SMARTBALLS apenas se pueden sentir cuando se usan<br \/> &#8211; No apto para mujeres con \u00fatero ca\u00eddo o inclinado o para aquellas que se han sometido a una histerectom\u00eda<br \/> &#8211; La rotaci\u00f3n de las bolas internas estimula y fortalece los m\u00fasculos del suelo p\u00e9lvico incluso durante los movimientos diarios m\u00e1s simples<br \/> &#8211; Periodos de uso cortos pero regulares producir\u00e1n los mejores resultados<br \/> &#8211; Previene la incontinencia de esfuerzo y las afecciones uterinas<br \/> &#8211; Aumenta la sensibilidad para una mayor sensaci\u00f3n durante el sexo ? para ELLA y EL!<br \/> &#8211; Recomendado por profesionales para ejercicios post-parto<br \/> &#8211; Recomendado por matronas y ginec\u00f3logos<br \/> &#8211; Hecho en Alemania<br \/> &#8211; Silicona aterciopelada, suave e hipoalerg\u00e9nica y pl\u00e1stico ASB respetuoso con el cuerpo<br \/> &#8211; Presilla para el dedo para facilitar la entrada. inserci\u00f3n<br \/> &#8211; Banda de recuperaci\u00f3n de silicona muy estable para una f\u00e1cil extracci\u00f3n<br \/> &#8211; El dise\u00f1o y la forma sin costuras que se adaptan al cuerpo simplifican la inserci\u00f3n y la limpieza<br \/> &#8211; Discreto y silencioso durante el uso<br \/> &#8211; La forma c\u00f3moda apenas se puede sentir cuando se usa<br \/> &#8211; Use hasta 30 minutos a la vez<br \/> &#8211; Ampl\u00ede su horizonte sexual con el folleto informativo SMARTBALLS de FUN FACTORY: \u00a155 hechos de SMARTBALLS!<\/p>\n<p> Estas SMARTBALLS permiten entrenar los m\u00fasculos del suelo p\u00e9lvico de una forma divertida. Las actividades diarias son suficientes para que SMARTBALLS DUO ense\u00f1e a la musculatura interna a reaccionar al movimiento, fortaleciendo as\u00ed el suelo p\u00e9lvico. Las bolas vaginales SMARTBALLS DUO con dos bolas son excelentes para aquellas mujeres que ya han entrenado con \u00e9xito con SMARTBALL UNO. \u00a1Los m\u00fasculos que est\u00e1n en forma conducen a m\u00e1s sensaciones durante el sexo y al cl\u00edmax despu\u00e9s del entrenamiento! El funcionamiento extremadamente suave de SMARTBALLS DUO, as\u00ed como la rotaci\u00f3n constante y r\u00e1pida de las bolas internas, son posibles gracias a una tecnolog\u00eda innovadora. Un hueco para el dedo de forma ergon\u00f3mica facilita la inserci\u00f3n. Una mujer puede realizar sus actividades diarias sin ninguna molestia y seguir entrenando diligentemente. Las SMARTBALLS se introducen longitudinalmente en la vagina con una gota de TOYFLUID, la banda de recuperaci\u00f3n queda fuera del cuerpo. Algunos pueden pensar que es una l\u00e1stima que el uso de SMARTBALLS no produzca un orgasmo. Pero las experiencias sexuales despu\u00e9s del entrenamiento son a\u00fan m\u00e1s sensuales y apasionadas. Una mujer siente la sensaci\u00f3n m\u00e1s intensamente durante el sexo. Y para el hombre es una buena sensaci\u00f3n que lo abracen m\u00e1s c\u00f3modamente. \u00a1As\u00ed que es mejor que comiences tu entrenamiento hoy!<\/p>\n<p> 3,2 cm + bola de 3,6 cm, bolas de 9,5 cm y enlace, bolas de 16,8 cm, enlace y banda, 72 g<\/p>","protected":false},"excerpt":{"rendered":"<p>FUN FACTORY &#8211; D\u00daO DE SMARTBALLS BLANCO\/ROJO INDIA<\/p>","protected":false},"featured_media":76987,"comment_status":"open","ping_status":"closed","template":"","meta":{"_monsterinsights_skip_tracking":false,"_monsterinsights_sitenote_active":false,"_monsterinsights_sitenote_note":"","_monsterinsights_sitenote_category":0,"_joinchat":[]},"product_brand":[],"product_cat":[1158,1265,1152],"product_tag":[],"class_list":{"0":"post-76986","1":"product","2":"type-product","3":"status-publish","4":"has-post-thumbnail","6":"product_cat-juguetes-bienestar-bolas","7":"product_cat-juguetes-bienestar-bolasbolas-silicona","8":"product_cat-juguetes-bienestar","9":"yith_product_brand-fun-factory","11":"first","12":"instock","13":"taxable","14":"shipping-taxable","15":"purchasable","16":"product-type-simple"},"aioseo_notices":[],"_links":{"self":[{"href":"https:\/\/www.mysexualfantasy.eu\/en\/wp-json\/wp\/v2\/product\/76986","targetHints":{"allow":["GET"]}}],"collection":[{"href":"https:\/\/www.mysexualfantasy.eu\/en\/wp-json\/wp\/v2\/product"}],"about":[{"href":"https:\/\/www.mysexualfantasy.eu\/en\/wp-json\/wp\/v2\/types\/product"}],"replies":[{"embeddable":true,"href":"https:\/\/www.mysexualfantasy.eu\/en\/wp-json\/wp\/v2\/comments?post=76986"}],"wp:featuredmedia":[{"embeddable":true,"href":"https:\/\/www.mysexualfantasy.eu\/en\/wp-json\/wp\/v2\/media\/76987"}],"wp:attachment":[{"href":"https:\/\/www.mysexualfantasy.eu\/en\/wp-json\/wp\/v2\/media?parent=76986"}],"wp:term":[{"taxonomy":"product_brand","embeddable":true,"href":"https:\/\/www.mysexualfantasy.eu\/en\/wp-json\/wp\/v2\/product_brand?post=76986"},{"taxonomy":"product_cat","embeddable":true,"href":"https:\/\/www.mysexualfantasy.eu\/en\/wp-json\/wp\/v2\/product_cat?post=76986"},{"taxonomy":"product_tag","embeddable":true,"href":"https:\/\/www.mysexualfantasy.eu\/en\/wp-json\/wp\/v2\/product_tag?post=76986"}],"curies":[{"name":"wp","href":"https:\/\/api.w.org\/{rel}","templated":true}]}}