{"id":76994,"date":"2023-04-25T12:22:11","date_gmt":"2023-04-25T12:22:11","guid":{"rendered":"https:\/\/www.mysexualfantasy.eu\/?post_type=product&#038;p=76994"},"modified":"2023-12-06T15:32:00","modified_gmt":"2023-12-06T15:32:00","slug":"fun-factory-smartballs-duo-bolas-pelvicas-gris-negro","status":"publish","type":"product","link":"https:\/\/www.mysexualfantasy.eu\/en\/product\/fun-factory-smartballs-duo-bolas-pelvicas-gris-negro\/","title":{"rendered":"FUN FACTORY &#8211; SMARTBALLS DUO BOLAS PELVICAS GRIS\/NEGRO"},"content":{"rendered":"<p><strong>SMARTBALLS DUO, Entrenamiento para expertos.<\/strong><\/p>\n<p>SMARTBALLS DUO es el compa\u00f1ero de entrenamiento f\u00e1cil de usar para aquellos que ya han entrenado con SMARTBALLS UNO o que ya tienen de forma natural un suelo p\u00e9lvico estable. Especialmente indicado para usuarias experimentadas. SMARTBALLS DUO se inserta como un tamp\u00f3n, se adapta al cuerpo y apenas se siente cuando se lleva puesto. La rotaci\u00f3n constante y casi insonora de las bolas interiores trabaja con los movimientos cotidianos para desencadenar contracciones musculares, fortaleciendo as\u00ed el suelo p\u00e9lvico. Las fases de entrenamiento cortas y regulares son las que producen las mejoras m\u00e1s eficaces. Al igual que ocurre con cualquier grupo muscular, la mejora obtenida desaparece si se interrumpe el entrenamiento, por lo que incluso despu\u00e9s de una estabilizaci\u00f3n satisfactoria del suelo p\u00e9lvico, SMARTBALLS debe utilizarse de forma continuada para obtener los m\u00e1ximos resultados.<\/p>\n<p>&#8211; El dispositivo de entrenamiento del suelo p\u00e9lvico incluye dos pelotas con peso recubiertas de silicona suave y aterciopelada.<br \/>&#8211; Dise\u00f1ado para usuarias avanzadas.<br \/>&#8211; Perfecto para aumentar los ejercicios de fortalecimiento del suelo p\u00e9lvico tras el uso de SMARTBALLS UNO.<br \/>&#8211; Dise\u00f1adas teniendo en cuenta la anatom\u00eda femenina, las SMARTBALLS apenas se notan cuando se llevan puestas.<br \/>&#8211; No es adecuado para mujeres con el \u00fatero ca\u00eddo o inclinado ni para las que se han sometido a una histerectom\u00eda.<br \/>&#8211; La rotaci\u00f3n de las bolas interiores estimula y fortalece los m\u00fasculos del suelo p\u00e9lvico incluso durante los movimientos cotidianos m\u00e1s sencillos.<br \/>&#8211; Los mejores resultados se obtienen con per\u00edodos de uso cortos pero regulares.<br \/>&#8211; Previene la incontinencia de esfuerzo y las afecciones uterinas.<br \/>&#8211; Aumenta la sensibilidad para una mayor sensaci\u00f3n durante las relaciones sexuales, tanto para ELLA como para EL.<br \/>&#8211; Recomendado por profesionales para ejercicios postparto.<br \/>&#8211; Recomendado por comadronas y ginec\u00f3logos.<br \/>&#8211; Fabricado en Alemania.<br \/>&#8211; Silicona hipoalerg\u00e9nica aterciopelada y pl\u00e1stico ASB respetuoso con el cuerpo.<br \/>&#8211; Lazo de sujeci\u00f3n para facilitar la inserci\u00f3n.<br \/>&#8211; Banda de recuperaci\u00f3n de silicona muy estable para facilitar la extracci\u00f3n.<br \/>&#8211; El dise\u00f1o y la forma sin costuras, respetuosos con el cuerpo, simplifican la inserci\u00f3n y la limpieza.<br \/>&#8211; Discreto y silencioso durante su uso.<br \/>&#8211; Forma c\u00f3moda que apenas se nota cuando se lleva puesto.<br \/>&#8211; Puede usarse hasta 30 minutos seguidos.<br \/>&#8211; Ampl\u00eda tu horizonte sexual con el folleto informativo SMARTBALLS de FUN FACTORY: 55 datos sobre SMARTBALLS.<\/p>\n<p>Estas SMARTBALLS permiten entrenar los m\u00fasculos del suelo p\u00e9lvico de una forma divertida. Las actividades diarias son suficientes para que SMARTBALLS DUO ense\u00f1e a la musculatura interna a reaccionar al movimiento, fortaleciendo as\u00ed el suelo p\u00e9lvico. Las bolas vaginales SMARTBALLS DUO con dos bolas son excelentes para aquellas mujeres que ya han entrenado con \u00e9xito con SMARTBALL UNO. \u00a1Los m\u00fasculos que est\u00e1n en forma conducen a m\u00e1s sensaciones durante el sexo y al cl\u00edmax despu\u00e9s del entrenamiento! El funcionamiento extremadamente suave de SMARTBALLS DUO, as\u00ed como la rotaci\u00f3n constante y r\u00e1pida de las bolas internas, son posibles gracias a una tecnolog\u00eda innovadora. Un hueco para el dedo de forma ergon\u00f3mica facilita la inserci\u00f3n. Una mujer puede realizar sus actividades diarias sin ninguna molestia y seguir entrenando diligentemente. Las SMARTBALLS se introducen longitudinalmente en la vagina con una gota de TOYFLUID, la banda de recuperaci\u00f3n queda fuera del cuerpo. Algunos pueden pensar que es una l\u00e1stima que el uso de SMARTBALLS no produzca un orgasmo,\u00a0pero las experiencias sexuales despu\u00e9s del entrenamiento son a\u00fan m\u00e1s sensuales y apasionadas. Una mujer siente la sensaci\u00f3n m\u00e1s intensamente durante el sexo. Y para el hombre es una buena sensaci\u00f3n que lo abracen m\u00e1s c\u00f3modamente. \u00a1As\u00ed que es mejor que comiences tu entrenamiento hoy!<\/p>\n<p>\u00d8 3,2 cm + \u00d8 3,6 cm bola, 9,5 cm bolas y enlace, 16,8 cm bolas, enlace y banda, 72 g<\/p>","protected":false},"excerpt":{"rendered":"<p>FUN FACTORY &#8211; SMARTBALLS DUO GRAY\/BLACK<\/p>","protected":false},"featured_media":76995,"comment_status":"open","ping_status":"closed","template":"","meta":{"_monsterinsights_skip_tracking":false,"_monsterinsights_sitenote_active":false,"_monsterinsights_sitenote_note":"","_monsterinsights_sitenote_category":0,"_joinchat":[]},"product_brand":[],"product_cat":[1158,1265,1152],"product_tag":[],"class_list":{"0":"post-76994","1":"product","2":"type-product","3":"status-publish","4":"has-post-thumbnail","6":"product_cat-juguetes-bienestar-bolas","7":"product_cat-juguetes-bienestar-bolasbolas-silicona","8":"product_cat-juguetes-bienestar","9":"yith_product_brand-fun-factory","11":"first","12":"instock","13":"taxable","14":"shipping-taxable","15":"purchasable","16":"product-type-simple"},"aioseo_notices":[],"_links":{"self":[{"href":"https:\/\/www.mysexualfantasy.eu\/en\/wp-json\/wp\/v2\/product\/76994","targetHints":{"allow":["GET"]}}],"collection":[{"href":"https:\/\/www.mysexualfantasy.eu\/en\/wp-json\/wp\/v2\/product"}],"about":[{"href":"https:\/\/www.mysexualfantasy.eu\/en\/wp-json\/wp\/v2\/types\/product"}],"replies":[{"embeddable":true,"href":"https:\/\/www.mysexualfantasy.eu\/en\/wp-json\/wp\/v2\/comments?post=76994"}],"wp:featuredmedia":[{"embeddable":true,"href":"https:\/\/www.mysexualfantasy.eu\/en\/wp-json\/wp\/v2\/media\/76995"}],"wp:attachment":[{"href":"https:\/\/www.mysexualfantasy.eu\/en\/wp-json\/wp\/v2\/media?parent=76994"}],"wp:term":[{"taxonomy":"product_brand","embeddable":true,"href":"https:\/\/www.mysexualfantasy.eu\/en\/wp-json\/wp\/v2\/product_brand?post=76994"},{"taxonomy":"product_cat","embeddable":true,"href":"https:\/\/www.mysexualfantasy.eu\/en\/wp-json\/wp\/v2\/product_cat?post=76994"},{"taxonomy":"product_tag","embeddable":true,"href":"https:\/\/www.mysexualfantasy.eu\/en\/wp-json\/wp\/v2\/product_tag?post=76994"}],"curies":[{"name":"wp","href":"https:\/\/api.w.org\/{rel}","templated":true}]}}