{"id":7714,"date":"2023-01-13T11:46:03","date_gmt":"2023-01-13T11:46:03","guid":{"rendered":"https:\/\/www.mysexualfantasy.eu\/?post_type=product&#038;p=7714"},"modified":"2023-12-06T16:16:11","modified_gmt":"2023-12-06T16:16:11","slug":"icicles-numero-48-masajeador-de-cristal","status":"publish","type":"product","link":"https:\/\/www.mysexualfantasy.eu\/en\/product\/icicles-numero-48-masajeador-de-cristal\/","title":{"rendered":"ICICLES NUMERO 48 MASAJEADOR DE CRISTAL"},"content":{"rendered":"<p>Elegante y sencillo, el cristal es un material unico en el mundo adaptado al a higiene intima.Usted<\/p>\n<p>Perfecto para el juego anal, este tap\u00f3n de vidrio de lujo cuenta con una punta c\u00f3nica para facilitar la inserci\u00f3n, las bombillas que proporcionan sensaci\u00f3n extra, y un cuello estrecho que permite que sus m\u00fasculos se envuelven y sostienen plug.<\/p>\n<p>H\u00e1bilmente curvado para la estimulaci\u00f3n P-punto, este plug garant\u00edza los orgasmos m\u00e1s explosivos.<\/p>\n<ul>\n<li>100% Libre de Phalatos<\/li>\n<li>Medidas insertables: 6,5 x 3 cm.<\/li>\n<\/ul>\n<p>El anillo en la base asegura no se pueda resbalar demasiado en el interior, y ofrece una extracci\u00f3n segura y f\u00e1cil.<\/p>\n<p>El vidrio es hipoalerg\u00e9nico y seguro para el cuerpo, y siempre que se use adecuadamente durar\u00e1 toda la vida. Recomendamos mojarlo con agua tibia o ponerlo en el microondas para una sensaci\u00f3n m\u00e1s c\u00e1lida.<\/p>\n<p>Tambi\u00e9n puedes enfriarlo con agua fr\u00eda o ponerlo en el congelador para una sensaci\u00f3n de frescor.<\/p>\n<p>Ya que el vidrio no es poroso, su limpieza es muy f\u00e1cil. Usa el limpiador Pipedream Toy Cleaner y agua tibia, o incluso puedes meterlo en el lavavajillas para mayor comodidad despu\u00e9s de la diversi\u00f3n.<\/p>\n<p style=\"text-align: center;\">\u00a0<\/p>\n<p style=\"text-align: center;\"><iframe allowfullscreen=\"\" frameborder=\"0\" height=\"400\" mozallowfullscreen=\"\" src=\"https:\/\/player.vimeo.com\/video\/120001929\" webkitallowfullscreen=\"\" width=\"700\"><\/iframe><\/p>","protected":false},"excerpt":{"rendered":"<p>ICICLES NUMBER 48 HAND BLOWN GLASS MASSAGER<\/p>","protected":false},"featured_media":42651,"comment_status":"open","ping_status":"closed","template":"","meta":{"_monsterinsights_skip_tracking":false,"_monsterinsights_sitenote_active":false,"_monsterinsights_sitenote_note":"","_monsterinsights_sitenote_category":0,"_joinchat":[]},"product_brand":[],"product_cat":[1162,1190,1306,1320,1152,1189],"product_tag":[],"class_list":{"0":"post-7714","1":"product","2":"type-product","3":"status-publish","4":"has-post-thumbnail","6":"product_cat-juguetes-bienestar-anal","7":"product_cat-juguetes-bienestar-cristal","8":"product_cat-juguetes-bienestar-analdildos-anales","9":"product_cat-juguetes-bienestar-fabricado-en-cristal","10":"product_cat-juguetes-bienestar","11":"product_cat-juguetes-bienestar-analplugs-anales","12":"yith_product_brand-pipedreamsicicles","13":"yith_product_brand-pipedreams","15":"first","16":"instock","17":"taxable","18":"shipping-taxable","19":"purchasable","20":"product-type-simple"},"aioseo_notices":[],"_links":{"self":[{"href":"https:\/\/www.mysexualfantasy.eu\/en\/wp-json\/wp\/v2\/product\/7714","targetHints":{"allow":["GET"]}}],"collection":[{"href":"https:\/\/www.mysexualfantasy.eu\/en\/wp-json\/wp\/v2\/product"}],"about":[{"href":"https:\/\/www.mysexualfantasy.eu\/en\/wp-json\/wp\/v2\/types\/product"}],"replies":[{"embeddable":true,"href":"https:\/\/www.mysexualfantasy.eu\/en\/wp-json\/wp\/v2\/comments?post=7714"}],"wp:featuredmedia":[{"embeddable":true,"href":"https:\/\/www.mysexualfantasy.eu\/en\/wp-json\/wp\/v2\/media\/42651"}],"wp:attachment":[{"href":"https:\/\/www.mysexualfantasy.eu\/en\/wp-json\/wp\/v2\/media?parent=7714"}],"wp:term":[{"taxonomy":"product_brand","embeddable":true,"href":"https:\/\/www.mysexualfantasy.eu\/en\/wp-json\/wp\/v2\/product_brand?post=7714"},{"taxonomy":"product_cat","embeddable":true,"href":"https:\/\/www.mysexualfantasy.eu\/en\/wp-json\/wp\/v2\/product_cat?post=7714"},{"taxonomy":"product_tag","embeddable":true,"href":"https:\/\/www.mysexualfantasy.eu\/en\/wp-json\/wp\/v2\/product_tag?post=7714"}],"curies":[{"name":"wp","href":"https:\/\/api.w.org\/{rel}","templated":true}]}}