{"id":77171,"date":"2023-04-25T12:23:42","date_gmt":"2023-04-25T12:23:42","guid":{"rendered":"https:\/\/www.mysexualfantasy.eu\/?post_type=product&#038;p=77171"},"modified":"2023-12-06T15:33:08","modified_gmt":"2023-12-06T15:33:08","slug":"get-real-dildo-12-cm-con-testiculos-vibrador-natural","status":"publish","type":"product","link":"https:\/\/www.mysexualfantasy.eu\/en\/product\/get-real-dildo-12-cm-con-testiculos-vibrador-natural\/","title":{"rendered":"GET REAL &#8211; DILDO 12 CM CON TESTICULOS VIBRADOR NATURAL"},"content":{"rendered":"<p>The Get Real es un pene real\u00edstico dise\u00f1ado para estimular todos tus puntos \u00edntimos.<\/p>\n<p>Las caracter\u00edsticas de dise\u00f1o con detalles cuidadosamente elaborados como prominentes venas pulsantes a lo largo de su eje suave y est\u00e1 hecho de PVC sin ftalatos.<\/p>\n<p>Dispone de m\u00faltiples velocidades de vibraci\u00f3n. Control con mando y cable<\/p>\n<ul>\n<li>Material: PVC<\/li>\n<li>Funciona con 2 pilas AA, no incluidas.<\/li>\n<\/ul>","protected":false},"excerpt":{"rendered":"<p>GET REAL &#8211; DILDO 12 CM WITH BALLS VIBRATOR SKIN<\/p>","protected":false},"featured_media":77172,"comment_status":"open","ping_status":"closed","template":"","meta":{"_monsterinsights_skip_tracking":false,"_monsterinsights_sitenote_active":false,"_monsterinsights_sitenote_note":"","_monsterinsights_sitenote_category":0,"_joinchat":[]},"product_brand":[],"product_cat":[1182,1152,1188,1153,1154,1295],"product_tag":[],"class_list":{"0":"post-77171","1":"product","2":"type-product","3":"status-publish","4":"has-post-thumbnail","6":"product_cat-juguetes-bienestar-dildos","7":"product_cat-juguetes-bienestar","8":"product_cat-juguetes-bienestar-dildospenes-realisticos","9":"product_cat-juguetes-bienestar-vibradores","10":"product_cat-juguetes-bienestar-vibradoresvibradores-control-remoto","11":"product_cat-juguetes-bienestar-vibradoresvibradores-realisticos","12":"yith_product_brand-get-real","14":"first","15":"instock","16":"taxable","17":"shipping-taxable","18":"purchasable","19":"product-type-simple"},"aioseo_notices":[],"_links":{"self":[{"href":"https:\/\/www.mysexualfantasy.eu\/en\/wp-json\/wp\/v2\/product\/77171","targetHints":{"allow":["GET"]}}],"collection":[{"href":"https:\/\/www.mysexualfantasy.eu\/en\/wp-json\/wp\/v2\/product"}],"about":[{"href":"https:\/\/www.mysexualfantasy.eu\/en\/wp-json\/wp\/v2\/types\/product"}],"replies":[{"embeddable":true,"href":"https:\/\/www.mysexualfantasy.eu\/en\/wp-json\/wp\/v2\/comments?post=77171"}],"wp:featuredmedia":[{"embeddable":true,"href":"https:\/\/www.mysexualfantasy.eu\/en\/wp-json\/wp\/v2\/media\/77172"}],"wp:attachment":[{"href":"https:\/\/www.mysexualfantasy.eu\/en\/wp-json\/wp\/v2\/media?parent=77171"}],"wp:term":[{"taxonomy":"product_brand","embeddable":true,"href":"https:\/\/www.mysexualfantasy.eu\/en\/wp-json\/wp\/v2\/product_brand?post=77171"},{"taxonomy":"product_cat","embeddable":true,"href":"https:\/\/www.mysexualfantasy.eu\/en\/wp-json\/wp\/v2\/product_cat?post=77171"},{"taxonomy":"product_tag","embeddable":true,"href":"https:\/\/www.mysexualfantasy.eu\/en\/wp-json\/wp\/v2\/product_tag?post=77171"}],"curies":[{"name":"wp","href":"https:\/\/api.w.org\/{rel}","templated":true}]}}