{"id":77198,"date":"2023-04-25T12:23:53","date_gmt":"2023-04-25T12:23:53","guid":{"rendered":"https:\/\/www.mysexualfantasy.eu\/?post_type=product&#038;p=77198"},"modified":"2023-12-06T15:33:19","modified_gmt":"2023-12-06T15:33:19","slug":"get-real-dildo-empuje-magnetico-pulsante-natural","status":"publish","type":"product","link":"https:\/\/www.mysexualfantasy.eu\/en\/product\/get-real-dildo-empuje-magnetico-pulsante-natural\/","title":{"rendered":"GET REAL &#8211; DILDO EMPUJE MAGN\u00c9TICO PULSANTE NATURAL"},"content":{"rendered":"<p>Este consolador de primera calidad de Get Real Naked\u00a0est\u00e1 hecha de silicona de alta calidad, se siente muy realista y brinda una experiencia real con su exclusivo movimiento de empuje magn\u00e9tico pulsante.<\/p>\n<p>Esta sensaci\u00f3n alucinante se mejora a\u00fan m\u00e1s cuando lo coloca sobre una superficie plana y disfruta de sus cualidades con las manos libres.<\/p>\n<p>Gracias a su base con ventosa, podr\u00e1s colocar el consolador sobre una superficie plana y disfrutar completamente con las manos libres.<\/p>\n<p>Prefieres jugar juntos? Eso tambi\u00e9n es posible! Este consolador es compatible con strap-on.<\/p>","protected":false},"excerpt":{"rendered":"<p>GET REAL &#8211; MAGNETIC PULSE TRUSTING DILDO SKIN<\/p>","protected":false},"featured_media":77199,"comment_status":"open","ping_status":"closed","template":"","meta":{"_monsterinsights_skip_tracking":false,"_monsterinsights_sitenote_active":false,"_monsterinsights_sitenote_note":"","_monsterinsights_sitenote_category":0,"_joinchat":[]},"product_brand":[],"product_cat":[1152,1153,1295],"product_tag":[],"class_list":{"0":"post-77198","1":"product","2":"type-product","3":"status-publish","4":"has-post-thumbnail","6":"product_cat-juguetes-bienestar","7":"product_cat-juguetes-bienestar-vibradores","8":"product_cat-juguetes-bienestar-vibradoresvibradores-realisticos","9":"yith_product_brand-get-real","11":"first","12":"instock","13":"taxable","14":"shipping-taxable","15":"purchasable","16":"product-type-simple"},"aioseo_notices":[],"_links":{"self":[{"href":"https:\/\/www.mysexualfantasy.eu\/en\/wp-json\/wp\/v2\/product\/77198","targetHints":{"allow":["GET"]}}],"collection":[{"href":"https:\/\/www.mysexualfantasy.eu\/en\/wp-json\/wp\/v2\/product"}],"about":[{"href":"https:\/\/www.mysexualfantasy.eu\/en\/wp-json\/wp\/v2\/types\/product"}],"replies":[{"embeddable":true,"href":"https:\/\/www.mysexualfantasy.eu\/en\/wp-json\/wp\/v2\/comments?post=77198"}],"wp:featuredmedia":[{"embeddable":true,"href":"https:\/\/www.mysexualfantasy.eu\/en\/wp-json\/wp\/v2\/media\/77199"}],"wp:attachment":[{"href":"https:\/\/www.mysexualfantasy.eu\/en\/wp-json\/wp\/v2\/media?parent=77198"}],"wp:term":[{"taxonomy":"product_brand","embeddable":true,"href":"https:\/\/www.mysexualfantasy.eu\/en\/wp-json\/wp\/v2\/product_brand?post=77198"},{"taxonomy":"product_cat","embeddable":true,"href":"https:\/\/www.mysexualfantasy.eu\/en\/wp-json\/wp\/v2\/product_cat?post=77198"},{"taxonomy":"product_tag","embeddable":true,"href":"https:\/\/www.mysexualfantasy.eu\/en\/wp-json\/wp\/v2\/product_tag?post=77198"}],"curies":[{"name":"wp","href":"https:\/\/api.w.org\/{rel}","templated":true}]}}