{"id":77230,"date":"2023-04-25T12:36:19","date_gmt":"2023-04-25T12:36:19","guid":{"rendered":"https:\/\/www.mysexualfantasy.eu\/?post_type=product&#038;p=77230"},"modified":"2023-12-06T15:44:39","modified_gmt":"2023-12-06T15:44:39","slug":"rolling-tenga-gyro-roller-cup-gentle-masturbador","status":"publish","type":"product","link":"https:\/\/www.mysexualfantasy.eu\/en\/product\/rolling-tenga-gyro-roller-cup-gentle-masturbador\/","title":{"rendered":"ROLLING TENGA GYRO ROLLER CUP GENTLE MASTURBADOR"},"content":{"rendered":"<p>\u00a1Un nuevo giro hacia el placer!<\/p>\n<p>\u00a1Unos CUP dise\u00f1ados para la estimulaci\u00f3n giratoria!<\/p>\n<p>\u00a1Estos CUP fueron dise\u00f1ados exclusivamente para su uso con el accesorio VACUUM GYRO ROLLER!<\/p>\n<p>Gracias a sus ranuras\u00a0y puntas alineadas verticalmente, los ROLLING TENGA CUP estimulan mediante un movimiento en espiral.<\/p>\n<ul>\n<li>Tama\u00f1o embalado (An \u00d7 L \u00d7 Al mm): 71 \u00d7 71 \u00d7 155<\/li>\n<li>Profundidad de inserci\u00f3n (mm): Aprox. 150<\/li>\n<li>Anchura de inserci\u00f3n (mm): Aprox. 45<\/li>\n<li>Peso embalado (g): 145<\/li>\n<li>Otros datos: Prelubricado, Desechableo<\/li>\n<li>Materiales: Cavidad de inserci\u00f3n: elast\u00f3mero termopl\u00e1stico (TPE)<\/li>\n<li>Carcasa: PE<\/li>\n<li>Anillo lubricante: PU<\/li>\n<li>Lubricante del anillo: Agua, glicerina hidroxietilcelulosa, fenoxietanol, poliacrilato de sodio, metilparabeno, hidroxipropil ciclodextrina, EDTA-2Na, IPBC<\/li>\n<li>Lubricante interno: Agua, glicerina, poliacrilato de sodio, fenoxietanol, hidroxietilcelulosa, metilparabeno, hidroxipropil ciclodextrina, EDTA-2Na, IPBC\n<ul>\n<li>Lubricantes certificados mediante evaluaci\u00f3n toxicol\u00f3gica de acuerdo con la Directiva europea 76\/768\/CEE.<\/li>\n<\/ul>\n<\/li>\n<\/ul>","protected":false},"excerpt":{"rendered":"<p>ROLLING TENGA GYRO ROLLER CUP GENTLE MASTURBATOR<\/p>","protected":false},"featured_media":77231,"comment_status":"open","ping_status":"closed","template":"","meta":{"_monsterinsights_skip_tracking":false,"_monsterinsights_sitenote_active":false,"_monsterinsights_sitenote_note":"","_monsterinsights_sitenote_category":0,"_joinchat":[]},"product_brand":[],"product_cat":[1152,1160,1167],"product_tag":[],"class_list":{"0":"post-77230","1":"product","2":"type-product","3":"status-publish","4":"has-post-thumbnail","6":"product_cat-juguetes-bienestar","7":"product_cat-juguetes-bienestar-juguetes-para-hombres","8":"product_cat-juguetes-bienestar-juguetes-para-hombresmasturbadores-para-ellos","9":"yith_product_brand-tenga","11":"first","12":"instock","13":"taxable","14":"shipping-taxable","15":"purchasable","16":"product-type-simple"},"aioseo_notices":[],"_links":{"self":[{"href":"https:\/\/www.mysexualfantasy.eu\/en\/wp-json\/wp\/v2\/product\/77230","targetHints":{"allow":["GET"]}}],"collection":[{"href":"https:\/\/www.mysexualfantasy.eu\/en\/wp-json\/wp\/v2\/product"}],"about":[{"href":"https:\/\/www.mysexualfantasy.eu\/en\/wp-json\/wp\/v2\/types\/product"}],"replies":[{"embeddable":true,"href":"https:\/\/www.mysexualfantasy.eu\/en\/wp-json\/wp\/v2\/comments?post=77230"}],"wp:featuredmedia":[{"embeddable":true,"href":"https:\/\/www.mysexualfantasy.eu\/en\/wp-json\/wp\/v2\/media\/77231"}],"wp:attachment":[{"href":"https:\/\/www.mysexualfantasy.eu\/en\/wp-json\/wp\/v2\/media?parent=77230"}],"wp:term":[{"taxonomy":"product_brand","embeddable":true,"href":"https:\/\/www.mysexualfantasy.eu\/en\/wp-json\/wp\/v2\/product_brand?post=77230"},{"taxonomy":"product_cat","embeddable":true,"href":"https:\/\/www.mysexualfantasy.eu\/en\/wp-json\/wp\/v2\/product_cat?post=77230"},{"taxonomy":"product_tag","embeddable":true,"href":"https:\/\/www.mysexualfantasy.eu\/en\/wp-json\/wp\/v2\/product_tag?post=77230"}],"curies":[{"name":"wp","href":"https:\/\/api.w.org\/{rel}","templated":true}]}}