{"id":77242,"date":"2023-04-25T12:36:33","date_gmt":"2023-04-25T12:36:33","guid":{"rendered":"https:\/\/www.mysexualfantasy.eu\/?post_type=product&#038;p=77242"},"modified":"2023-12-06T15:44:48","modified_gmt":"2023-12-06T15:44:48","slug":"california-exotics-reversible-ribbed-stroker","status":"publish","type":"product","link":"https:\/\/www.mysexualfantasy.eu\/en\/product\/california-exotics-reversible-ribbed-stroker\/","title":{"rendered":"CALIFORNIA EXOTICS REVERSIBLE RIBBED STROKER"},"content":{"rendered":"<p>El placer interminable est\u00e1 en tus manos con el incre\u00edble stroker reversible reversible ilimitado. El stroker premium se complace en su placer con la estimulaci\u00f3n con textura reversible, el dise\u00f1o cerrado y el conveniente estuche de almacenamiento. Morva y complete con el dise\u00f1o reversible \u00fanico, que incluye una superficie de ondulaci\u00f3n suave y un patr\u00f3n acanalado para sensaciones de chamuscado \u00fanicas. Esperamos una experiencia de placer explosiva, mientras que el dise\u00f1o cerrado ofrece una succi\u00f3n superior. Ya sea que se entregue en casa o donde sea que el placer lo lleve, el dise\u00f1o compacto de 4.5 11.5 cm y el caso conveniente hacen que este sea el compa\u00f1ero de viaje que est\u00e1 ansiando. El TPR Premium no es sin perfume, es libre de ftalato y sin mantenimiento para mantener sus puntos m\u00e1s sensibles, felices y saludables. ><\/p>\n<ul>\n<li>Textura acanalada para la satisfacci\u00f3n definitiva<\/li>\n<li>Cerrado finalizado para succi\u00f3n superior<\/li>\n<li>higi\u00e9nicamente superior y de mantenimiento sin mantenimiento<\/li>\n<li>calexotics ha estado convirtiendo consistentemente fantas\u00eda en realidad por mas de una decada. Con una atenci\u00f3n incomparable al detalle, la fundadora y propietaria de Calexotics, Susan Colvin, ha hecho que la marca de novedad ex\u00f3tica de California sea sin\u00f3nimo de juguetes para adultos de calidad. El hecho de que Calexotics es una empresa de propiedad y operaci\u00f3n femenina, no juega un papel peque\u00f1o en su ascenso mete\u00f3rico hasta la cima de la industria de juguetes para adultos y novedades.<\/li>\n<\/ul>","protected":false},"excerpt":{"rendered":"<p>CALIFORNIA EXOTICS REVERSIBLE RIBBED STROKER<\/p>","protected":false},"featured_media":77243,"comment_status":"open","ping_status":"closed","template":"","meta":{"_monsterinsights_skip_tracking":false,"_monsterinsights_sitenote_active":false,"_monsterinsights_sitenote_note":"","_monsterinsights_sitenote_category":0,"_joinchat":[]},"product_brand":[],"product_cat":[1152,1160,1167,1168],"product_tag":[],"class_list":{"0":"post-77242","1":"product","2":"type-product","3":"status-publish","4":"has-post-thumbnail","6":"product_cat-juguetes-bienestar","7":"product_cat-juguetes-bienestar-juguetes-para-hombres","8":"product_cat-juguetes-bienestar-juguetes-para-hombresmasturbadores-para-ellos","9":"product_cat-juguetes-bienestar-juguetes-para-hombresvaginas-y-anos","10":"yith_product_brand-california-exotics","12":"first","13":"instock","14":"taxable","15":"shipping-taxable","16":"purchasable","17":"product-type-simple"},"aioseo_notices":[],"_links":{"self":[{"href":"https:\/\/www.mysexualfantasy.eu\/en\/wp-json\/wp\/v2\/product\/77242","targetHints":{"allow":["GET"]}}],"collection":[{"href":"https:\/\/www.mysexualfantasy.eu\/en\/wp-json\/wp\/v2\/product"}],"about":[{"href":"https:\/\/www.mysexualfantasy.eu\/en\/wp-json\/wp\/v2\/types\/product"}],"replies":[{"embeddable":true,"href":"https:\/\/www.mysexualfantasy.eu\/en\/wp-json\/wp\/v2\/comments?post=77242"}],"wp:featuredmedia":[{"embeddable":true,"href":"https:\/\/www.mysexualfantasy.eu\/en\/wp-json\/wp\/v2\/media\/77243"}],"wp:attachment":[{"href":"https:\/\/www.mysexualfantasy.eu\/en\/wp-json\/wp\/v2\/media?parent=77242"}],"wp:term":[{"taxonomy":"product_brand","embeddable":true,"href":"https:\/\/www.mysexualfantasy.eu\/en\/wp-json\/wp\/v2\/product_brand?post=77242"},{"taxonomy":"product_cat","embeddable":true,"href":"https:\/\/www.mysexualfantasy.eu\/en\/wp-json\/wp\/v2\/product_cat?post=77242"},{"taxonomy":"product_tag","embeddable":true,"href":"https:\/\/www.mysexualfantasy.eu\/en\/wp-json\/wp\/v2\/product_tag?post=77242"}],"curies":[{"name":"wp","href":"https:\/\/api.w.org\/{rel}","templated":true}]}}