{"id":7728,"date":"2023-01-13T11:38:47","date_gmt":"2023-01-13T11:38:47","guid":{"rendered":"https:\/\/www.mysexualfantasy.eu\/?post_type=product&#038;p=7728"},"modified":"2023-12-06T16:16:13","modified_gmt":"2023-12-06T16:16:13","slug":"icicles-numero-62-masajeador-de-vidrio","status":"publish","type":"product","link":"https:\/\/www.mysexualfantasy.eu\/en\/product\/icicles-numero-62-masajeador-de-vidrio\/","title":{"rendered":"ICICLES NUMERO 62 MASAJEADOR DE VIDRIO"},"content":{"rendered":"<p>Elegante, mimado al detalle y hecho a mano. Esta lujosa l\u00ednea de masajeadores de vidrio te dejar\u00e1 sin aliento.<\/p>\n<p>Este masajeador de cristal de lujo cuenta con una punta c\u00f3nica para facilitar la inserci\u00f3n y una cabeza pronunciada que golpea a todos los lugares correctos<\/p>\n<p>H\u00e1bilmente curvada para explosivo punto G o P-Spot estimulaci\u00f3n, el eje venoso realista ofrece estimulaci\u00f3n adicional, mientras que la base plana robusto garantiza un manejo seguro y f\u00e1cil.<\/p>\n<ul>\n<li>Medidas insertable: 14.5 x 3.5 cm<\/li>\n<li>100% Libre de Phalatos.<\/li>\n<\/ul>\n<p>Con una amplia base, compatible con arn\u00e9s, convertir esto en un strap-on \u00fanico con uno de nuestros arneses Fetish Fantasy Series.<\/p>\n<p>El vidrio es hipoalerg\u00e9nico y seguro para el cuerpo, y siempre que se use adecuadamente durar\u00e1 toda la vida.<\/p>\n<p>Recomendamos mojarlo con agua tibia o ponerlo en el microondas para una sensaci\u00f3n m\u00e1s c\u00e1lida. Tambi\u00e9n puedes enfriarlo con agua fr\u00eda o ponerlo en el congelador para una sensaci\u00f3n de frescor.<\/p>\n<p>Ya que el vidrio no es poroso, su limpieza es muy f\u00e1cil. Usa el limpiador Pipedream Toy Cleaner y agua tibia, o incluso puedes meterlo en el lavavajillas para mayor comodidad despu\u00e9s de la diversi\u00f3n<\/p>\n<p style=\"text-align: center;\">\u00a0<\/p>\n<p style=\"text-align: center;\"><iframe allowfullscreen=\"\" frameborder=\"0\" height=\"400\" mozallowfullscreen=\"\" src=\"https:\/\/player.vimeo.com\/video\/120010171\" webkitallowfullscreen=\"\" width=\"700\"><\/iframe><\/p>","protected":false},"excerpt":{"rendered":"<p>ICICLES NUMBER 62 HAND BLOWN GLASS MASSAGER<\/p>","protected":false},"featured_media":40250,"comment_status":"open","ping_status":"closed","template":"","meta":{"_monsterinsights_skip_tracking":false,"_monsterinsights_sitenote_active":false,"_monsterinsights_sitenote_note":"","_monsterinsights_sitenote_category":0,"_joinchat":[]},"product_brand":[],"product_cat":[1190,1182,1320,1152],"product_tag":[],"class_list":{"0":"post-7728","1":"product","2":"type-product","3":"status-publish","4":"has-post-thumbnail","6":"product_cat-juguetes-bienestar-cristal","7":"product_cat-juguetes-bienestar-dildos","8":"product_cat-juguetes-bienestar-fabricado-en-cristal","9":"product_cat-juguetes-bienestar","10":"yith_product_brand-pipedreamsicicles","11":"yith_product_brand-pipedreams","13":"first","14":"instock","15":"taxable","16":"shipping-taxable","17":"purchasable","18":"product-type-simple"},"aioseo_notices":[],"_links":{"self":[{"href":"https:\/\/www.mysexualfantasy.eu\/en\/wp-json\/wp\/v2\/product\/7728","targetHints":{"allow":["GET"]}}],"collection":[{"href":"https:\/\/www.mysexualfantasy.eu\/en\/wp-json\/wp\/v2\/product"}],"about":[{"href":"https:\/\/www.mysexualfantasy.eu\/en\/wp-json\/wp\/v2\/types\/product"}],"replies":[{"embeddable":true,"href":"https:\/\/www.mysexualfantasy.eu\/en\/wp-json\/wp\/v2\/comments?post=7728"}],"wp:featuredmedia":[{"embeddable":true,"href":"https:\/\/www.mysexualfantasy.eu\/en\/wp-json\/wp\/v2\/media\/40250"}],"wp:attachment":[{"href":"https:\/\/www.mysexualfantasy.eu\/en\/wp-json\/wp\/v2\/media?parent=7728"}],"wp:term":[{"taxonomy":"product_brand","embeddable":true,"href":"https:\/\/www.mysexualfantasy.eu\/en\/wp-json\/wp\/v2\/product_brand?post=7728"},{"taxonomy":"product_cat","embeddable":true,"href":"https:\/\/www.mysexualfantasy.eu\/en\/wp-json\/wp\/v2\/product_cat?post=7728"},{"taxonomy":"product_tag","embeddable":true,"href":"https:\/\/www.mysexualfantasy.eu\/en\/wp-json\/wp\/v2\/product_tag?post=7728"}],"curies":[{"name":"wp","href":"https:\/\/api.w.org\/{rel}","templated":true}]}}