{"id":77448,"date":"2023-04-25T12:38:26","date_gmt":"2023-04-25T12:38:26","guid":{"rendered":"https:\/\/www.mysexualfantasy.eu\/?post_type=product&#038;p=77448"},"modified":"2023-12-06T15:55:56","modified_gmt":"2023-12-06T15:55:56","slug":"intense-pump-succionador-vagina-manual-mujer","status":"publish","type":"product","link":"https:\/\/www.mysexualfantasy.eu\/en\/product\/intense-pump-succionador-vagina-manual-mujer\/","title":{"rendered":"INTENSE PUMP &#8211; SUCCIONADOR VAGINA MANUAL MUJER"},"content":{"rendered":"<p>Utiliza esta bomba para aumentar el flujo de sangre a tus regiones m\u00e1s sensibles.Simplemente ajusta el cilindro para que puedas obtener un sello justo alrededor de tu \u00e1rea vaginal.Se requerir\u00e1 un alto nivel de presi\u00f3n para que obtengas un buen sello.Tambi\u00e9n recomendamos un lubricante a base de agua waterfeel para ayudarte a crear ese sello necesario y un bombeo exitoso. Cilindro f\u00e1cil de ubicar sobre la zona er\u00f3gena deseada y luego aprieta la bomba para llevar la sangre hacia el \u00e1rea. Sentir\u00e1s succi\u00f3n a medida que tu cl\u00edtoris aumente temporalmente en tama\u00f1o y sensibilidad.Puedes liberar la presi\u00f3n en el cilindro presionando la v\u00e1lvula de liberaci\u00f3n f\u00e1cil en la bombilla.<\/p>\n<p>El juego viene con 1 copa para la vagina, 1 manguera y 1 bomba de presi\u00f3n<\/p>\n<ul>\n<li>Di\u00e1metro del producto 8,5 cm<\/li>\n<li>Di\u00e1metro interno 6,0 cm<\/li>\n<li>Libre de ftalato S\u00ed<\/li>\n<\/ul>","protected":false},"excerpt":{"rendered":"<p>INTENSE PUMP &#8211; MANUAL PUSSY VACUUM PUMP<\/p>","protected":false},"featured_media":77449,"comment_status":"open","ping_status":"closed","template":"","meta":{"_monsterinsights_skip_tracking":false,"_monsterinsights_sitenote_active":false,"_monsterinsights_sitenote_note":"","_monsterinsights_sitenote_category":0,"_joinchat":[]},"product_brand":[],"product_cat":[1161,1152,1160,165,1168],"product_tag":[],"class_list":{"0":"post-77448","1":"product","2":"type-product","3":"status-publish","4":"has-post-thumbnail","6":"product_cat-juguetes-bienestar-juguetes-para-hombresbomba-alargadora-pene","7":"product_cat-juguetes-bienestar","8":"product_cat-juguetes-bienestar-juguetes-para-hombres","9":"product_cat-novedades","10":"product_cat-juguetes-bienestar-juguetes-para-hombresvaginas-y-anos","11":"yith_product_brand-intense","12":"yith_product_brand-intenseintense-toysintense-pump","13":"yith_product_brand-intenseintense-toys","15":"first","16":"instock","17":"taxable","18":"shipping-taxable","19":"purchasable","20":"product-type-simple"},"aioseo_notices":[],"_links":{"self":[{"href":"https:\/\/www.mysexualfantasy.eu\/en\/wp-json\/wp\/v2\/product\/77448","targetHints":{"allow":["GET"]}}],"collection":[{"href":"https:\/\/www.mysexualfantasy.eu\/en\/wp-json\/wp\/v2\/product"}],"about":[{"href":"https:\/\/www.mysexualfantasy.eu\/en\/wp-json\/wp\/v2\/types\/product"}],"replies":[{"embeddable":true,"href":"https:\/\/www.mysexualfantasy.eu\/en\/wp-json\/wp\/v2\/comments?post=77448"}],"wp:featuredmedia":[{"embeddable":true,"href":"https:\/\/www.mysexualfantasy.eu\/en\/wp-json\/wp\/v2\/media\/77449"}],"wp:attachment":[{"href":"https:\/\/www.mysexualfantasy.eu\/en\/wp-json\/wp\/v2\/media?parent=77448"}],"wp:term":[{"taxonomy":"product_brand","embeddable":true,"href":"https:\/\/www.mysexualfantasy.eu\/en\/wp-json\/wp\/v2\/product_brand?post=77448"},{"taxonomy":"product_cat","embeddable":true,"href":"https:\/\/www.mysexualfantasy.eu\/en\/wp-json\/wp\/v2\/product_cat?post=77448"},{"taxonomy":"product_tag","embeddable":true,"href":"https:\/\/www.mysexualfantasy.eu\/en\/wp-json\/wp\/v2\/product_tag?post=77448"}],"curies":[{"name":"wp","href":"https:\/\/api.w.org\/{rel}","templated":true}]}}