{"id":77604,"date":"2023-04-25T12:46:21","date_gmt":"2023-04-25T12:46:21","guid":{"rendered":"https:\/\/www.mysexualfantasy.eu\/?post_type=product&#038;p=77604"},"modified":"2023-12-06T16:51:23","modified_gmt":"2023-12-06T16:51:23","slug":"secret-play-metal-butt-plug-oro-rosa-talla-s-7-cm","status":"publish","type":"product","link":"https:\/\/www.mysexualfantasy.eu\/en\/product\/secret-play-metal-butt-plug-oro-rosa-talla-s-7-cm\/","title":{"rendered":"SECRET PLAY &#8211; METAL BUTT PLUG ORO ROSA TALLA S 7 CM"},"content":{"rendered":"<p>Si est\u00e1s buscando nuevas experiencias y quieres iniciarte en el sexo anal este plug anal de metal est\u00e1 dise\u00f1ado para ofrecerte un sinf\u00edn de sensaciones placenteras, es perfecto para darle m\u00e1s intensidad a tus orgasmos y para dilatar el ano.<\/p>\n<p>Su forma c\u00f3nica es ideal para estimularte y ofrecerte orgasmos incre\u00edbles. Adem\u00e1s, su textura lisa extra suave te encantar\u00e1. Puedes jugar con la temperatura calent\u00e1ndolo o enfri\u00e1ndolo. Esto a\u00f1adir\u00e1 excitaci\u00f3n en tus fantas\u00edas er\u00f3ticas.<\/p>\n<p><strong>Caracter\u00edsticas:<\/strong><\/p>\n<ul>\n<li>Realizados en Aluminio ultra-liso.<\/li>\n<li>No contienen n\u00edquel.<\/li>\n<li>Decoraci\u00f3n engarzada en la base con forma de brillante en pl\u00e1stico r\u00edgido.<\/li>\n<li>50 gramos.<\/li>\n<li>7 cm longitud<\/li>\n<li>2,8 cm di\u00e1metro<\/li>\n<li>Color oro rosado<\/li>\n<li>F\u00e1cil limpieza despu\u00e9s de cada uso<\/li>\n<li>Compatible con cualquier lubricante, base agua o base silicona.<\/li>\n<\/ul>","protected":false},"excerpt":{"rendered":"<p>SECRET PLAY &#8211; METAL BUTT PLUG ROSE GOLD SMALL SIZE 7 CM<\/p>","protected":false},"featured_media":77605,"comment_status":"open","ping_status":"closed","template":"","meta":{"_monsterinsights_skip_tracking":false,"_monsterinsights_sitenote_active":false,"_monsterinsights_sitenote_note":"","_monsterinsights_sitenote_category":0,"_joinchat":[]},"product_brand":[],"product_cat":[1162,1176,1175,1306,1186,1152,165,1420,1189],"product_tag":[],"class_list":{"0":"post-77604","1":"product","2":"type-product","3":"status-publish","4":"has-post-thumbnail","6":"product_cat-juguetes-bienestar-anal","7":"product_cat-bdsm-bondage-articulos-bdsm","8":"product_cat-bdsm-bondage","9":"product_cat-juguetes-bienestar-analdildos-anales","10":"product_cat-juguetes-bienestar-fabricado-con-metal","11":"product_cat-juguetes-bienestar","12":"product_cat-novedades","13":"product_cat-bdsm-bondage-articulos-bdsmplug-anal-bdsm","14":"product_cat-juguetes-bienestar-analplugs-anales","15":"yith_product_brand-secretplay","16":"yith_product_brand-secretplaysecretplay-toys","18":"first","19":"instock","20":"taxable","21":"shipping-taxable","22":"purchasable","23":"product-type-simple"},"aioseo_notices":[],"_links":{"self":[{"href":"https:\/\/www.mysexualfantasy.eu\/en\/wp-json\/wp\/v2\/product\/77604","targetHints":{"allow":["GET"]}}],"collection":[{"href":"https:\/\/www.mysexualfantasy.eu\/en\/wp-json\/wp\/v2\/product"}],"about":[{"href":"https:\/\/www.mysexualfantasy.eu\/en\/wp-json\/wp\/v2\/types\/product"}],"replies":[{"embeddable":true,"href":"https:\/\/www.mysexualfantasy.eu\/en\/wp-json\/wp\/v2\/comments?post=77604"}],"wp:featuredmedia":[{"embeddable":true,"href":"https:\/\/www.mysexualfantasy.eu\/en\/wp-json\/wp\/v2\/media\/77605"}],"wp:attachment":[{"href":"https:\/\/www.mysexualfantasy.eu\/en\/wp-json\/wp\/v2\/media?parent=77604"}],"wp:term":[{"taxonomy":"product_brand","embeddable":true,"href":"https:\/\/www.mysexualfantasy.eu\/en\/wp-json\/wp\/v2\/product_brand?post=77604"},{"taxonomy":"product_cat","embeddable":true,"href":"https:\/\/www.mysexualfantasy.eu\/en\/wp-json\/wp\/v2\/product_cat?post=77604"},{"taxonomy":"product_tag","embeddable":true,"href":"https:\/\/www.mysexualfantasy.eu\/en\/wp-json\/wp\/v2\/product_tag?post=77604"}],"curies":[{"name":"wp","href":"https:\/\/api.w.org\/{rel}","templated":true}]}}