{"id":77724,"date":"2023-04-25T13:29:35","date_gmt":"2023-04-25T13:29:35","guid":{"rendered":"https:\/\/www.mysexualfantasy.eu\/?post_type=product&#038;p=77724"},"modified":"2023-12-06T16:09:56","modified_gmt":"2023-12-06T16:09:56","slug":"treasure-merlin-double-couple-vibrator-control-remoto","status":"publish","type":"product","link":"https:\/\/www.mysexualfantasy.eu\/en\/product\/treasure-merlin-double-couple-vibrator-control-remoto\/","title":{"rendered":"TREASURE &#8211; MERLIN DOUBLE COUPLE VIBRATOR CONTROL REMOTO"},"content":{"rendered":"<p>DESCUBRE TREASURE MERLIN<\/p>\n<p>Permita que Treasure Merlin haga que sus puntos sensibles se conviertan en puro placer simult\u00e1neamente.<\/p>\n<p>A primera vista, este vibrador de doble cabezal, diab\u00f3licamente creativo, parece ser utilizado s\u00f3lo en solitario, sin embargo, este juguete multifuncional puede ser utilizado durante el sexo y tiene el potencial de complacer a ambos miembros de la pareja para una experiencia en aumento.<\/p>\n<p>Colocados estrat\u00e9gicamente en la varilla de estimulaci\u00f3n vaginal y en el estimulador anal, los dos potentes pero susurrantes motores proporcionan un intenso placer. Tanto si te apetece un poco de juego interminable como una penetraci\u00f3n y satisfacci\u00f3n total, explora los 10 modos de vibraci\u00f3n. Elige entre una multitud de configuraciones lentas y constantes, sacudidas r\u00e1pidas que hacen temblar los dedos de los pies o pulsaciones suaves y espor\u00e1dicas.<\/p>\n<p>Completamente recubierto de silicona 100%, la suave y sedosa piel de este juguete vibrador de doble eje es hipoalerg\u00e9nica y segura y suave al tacto.<\/p>\n<p>La parte inferior gruesa y redonda est\u00e1 texturizada con curvas y hendiduras para facilitar la inserci\u00f3n y la extracci\u00f3n. Enchufa el cable USB incluido en el puerto de la parte trasera de Treasure Merlin durante 90 minutos para disfrutar de 40 minutos de juego ultra satisfactorio.<\/p>\n<p>El juguete de doble penetraci\u00f3n Treasure \u00a0es 100% resistente a las salpicaduras. Combina Treasure Merlin con tu lubricante favorito a base de agua para crear una sensaci\u00f3n s\u00faper deslizante.<\/p>\n<p>C\u00d3MO USARLO?<\/p>\n<p>El uso de Treasure Merlin es muy intuitivo, debes tener en cuenta si lo vas a usar con pareja o solo. Entonces, deber\u00e1s usar tu lubricante a base de agua favorito y echarlo encima del juguete y en las zonas que vas a estimular. Sobretodo el ano, pues este no lubrica de forma natural.<\/p>\n<p>Una vez est\u00e1s lista, ya puedes empezar con la penetraci\u00f3n, y recuerda, Treasure Merlin no necesita que lo aguantes con tu mano, est\u00e1 dise\u00f1ado para que se aguante solo mientras te va estimulando. Con tus manos puedes aprovechar para estimularte los senos o tu cl\u00edtoris.<\/p>\n<p>CARACTER\u00cdSTICAS<\/p>\n<ul>\n<li>Doble penetraci\u00f3n sin necesidad de usar las manaos.<\/li>\n<li>Controla a \u00a0Treasure Merlin \u00a0con un mando a distancia y haz locuras fuera de casa.<\/li>\n<li>Con un tacto suave y sedoso, el vibrador inal\u00e1mbrico es resistente al agua y tiene 10 funciones.<\/li>\n<li>Dual puede \u00a0y debe utilizarse para la masturbaci\u00f3n en solitario.<\/li>\n<\/ul>\n<p>Este vibrador est\u00e1 hecho de silicona m\u00e9dica flexible y se puede colocar de forma c\u00f3moda y suave sobre la piel. Lo especial de este producto de bienestar sexual es el control remoto inal\u00e1mbrico, con el que se puede controlar f\u00e1cilmente el placer desde el mando (incluido ) sin necesidad de romper el estado de excitaci\u00f3n. Puedes seleccionar entre 10 emocionantes modos de vibraci\u00f3n con diferentes grados de intensidad.<\/p>\n<p><strong>Especificaciones:<\/strong><\/p>\n<ul>\n<li>10 modos de vibraci\u00f3n<\/li>\n<li>2 motores super\u00a0potentes<\/li>\n<li>Super flexible<\/li>\n<li>Control remoto<\/li>\n<li>Recargable por USB<\/li>\n<li>Impermeable IPX7<\/li>\n<li>Silicona s\u00faper suave y ABS<\/li>\n<li>Material seguro para el cuerpo<\/li>\n<li>Libre de\u00a0ftalatos<\/li>\n<li><strong>Regalo\u00a0<\/strong>Lubricante WATERFEEL Neutro 6 ml<\/li>\n<\/ul>\n<p>\u00a0<\/p>\n<p>LIMPIEZA<\/p>\n<ul>\n<li>Limpia a fondo el juguete antes y despu\u00e9s de cada uso con agua tibia y jab\u00f3n suave.<\/li>\n<\/ul>\n<p>ALMACENAMIENTO<\/p>\n<ul>\n<li>Guarde su juguete Treasjre en un lugar sin polvo y mant\u00e9ngalo alejado de juguetes de otros materiales. Evite dejarlo a la luz solar directa y NUNCA lo exponga a calor extremo.<\/li>\n<\/ul>\n<p>CONSEJOS DE USO<\/p>\n<ul>\n<li>Treasure recomienda el uso de lubricantes a base de agua para una inserci\u00f3n f\u00e1cil y suave de todos los productos de silicona. No utilice lubricantes, aceites o cremas de silicona con ning\u00fan producto de silicona, ya que pueden degradar el material del producto y limitar su rendimiento y vida \u00fatil.<\/li>\n<\/ul>\n<p>2 A\u00d1OS DE GARANT\u00cdA<\/p>\n<ul>\n<li>Esta garant\u00eda se aplica a todos los productos Treasure \u00a0comprados, a partir de la fecha de compra original de dicho producto. Esta garant\u00eda no cubre da\u00f1os causados por un mal uso o un uso diferente al previsto y descrito en el manual de instrucciones del producto, desgaste normal, alteraci\u00f3n, uso irrazonable, servicio realizado por agencias de servicio no autorizadas o p\u00e9rdida o da\u00f1o de bater\u00edas o bater\u00edas extra\u00edbles.<\/li>\n<\/ul>\n<p style=\"text-align: center;\"><strong>TREASURE TE OFRECE<\/strong><\/p>\n<p style=\"text-align: center;\">CONTROLES 100% INTUITIVOS;\u00a0M\u00e1s f\u00e1cil de usar, m\u00e1s placer\u00a0<\/p>\n<p style=\"text-align: center;\">ERGON\u00d3MICOS; Se adapta a t\u00fa zona \u00edntima<\/p>\n<p style=\"text-align: center;\">LIBRES DE FTALATOS; Sostenible y cuidadoso con la naturaleza<\/p>\n<p style=\"text-align: center;\">SILENCIOSOS; Placer \u00edntimo y discreto<\/p>\n<p style=\"text-align: center;\">SEGUROS PARA TU CUERPO; Tacto de seda<\/p>\n<p style=\"text-align: center;\">DISE\u00d1ADOS EN EUROPA; Dise\u00f1ado y desarrollado por los mejores expertos<\/p>\n<p>\u00a0<\/p>\n<p style=\"text-align: center;\"><strong>TREASURE ES LA GAMA DE VIBRADORES DE LUJO AL ALCANCE DE TODOS!<\/strong><\/p>\n<p>Los tesoros mejor guardados del mundo siempre guardan un secreto y Treasure esconde un secreto hist\u00f3rico.. En TREASURE, han subido a un siguiente nivel de placer, un espectacular al dise\u00f1o, adem\u00e1s de a\u00f1adirle la tecnolog\u00eda patentada WATCHME.<\/p>\n<p>Treasure , es una marca elegante y sensual que va a revolucionar el mundo de la sexualidad y sensualidad de los pr\u00f3ximos a\u00f1os gracias a la calidad de sus productos, dise\u00f1os innovadores, capaces de cautivar a cualquiera, y nuevas ideas para encontrar el placer total en las relaciones \u00edntimas.<\/p>\n<p>El lema de \u00a0TREASURE<\/p>\n<p>\u201cLa mujer empoderada est\u00e1 para quedarse de ahora en adelante.\u201d<\/p>\n<p>A qui\u00e9n no le gusta un buen orgasmo? Alguno de vosotros no disfrut\u00e1is con las relaciones \u00edntimas m\u00e1s placenteras? Que levante la mano el que no goce y se sienta \u00fanico en el mundo mientras su amante le est\u00e1 poniendo a 1.000 por hora.<\/p>\n<p>La filosof\u00eda de \u00a0TREASURE<\/p>\n<p>Trabajamos sobre la filosof\u00eda de satisfacer a distinguidos clientes. Para ello, apoyamos plenamente los derechos al placer que todos tenemos. As\u00ed pues, nacemos no solo como TREASURE y fabricantes de juguetes sexuales revolucionarios, sino como dise\u00f1adores de experiencias que buscan la diversi\u00f3n plena, tratando de lograr en el camino nuevos mundos de satisfacci\u00f3n que desborden los cinco sentidos.<\/p>\n<p>As\u00ed pues, TREASURE introduce la nueva l\u00ednea de juguetes sexuales con tecnolog\u00eda patentada WATCHME. En el prelanzamiento se han vendido 500.000 unidades divididas en 15 pa\u00edses del Mundo y ya se hemos logrado destacar en el sector combinando el lujo de sus juguetes sexuales con el uso de la tecnolog\u00eda m\u00e1s avanzada y de \u00faltima generaci\u00f3n.<\/p>\n<p style=\"text-align: center;\">\u00a0<\/p>\n<p>\u00a0<\/p>","protected":false},"excerpt":{"rendered":"<p>TREASURE &#8211; MERLIN DOUBLE COUPLE VIBRATOR REMOTE CONTROL<\/p>","protected":false},"featured_media":77725,"comment_status":"open","ping_status":"closed","template":"","meta":{"_monsterinsights_skip_tracking":false,"_monsterinsights_sitenote_active":false,"_monsterinsights_sitenote_note":"","_monsterinsights_sitenote_category":0,"_joinchat":[]},"product_brand":[],"product_cat":[1156,1152,1155,1165,1163,1309,1153,1154],"product_tag":[],"class_list":{"0":"post-77724","1":"product","2":"type-product","3":"status-publish","4":"has-post-thumbnail","6":"product_cat-juguetes-bienestar-juguetes-para-mujeresestimuladores","7":"product_cat-juguetes-bienestar","8":"product_cat-juguetes-bienestar-juguetes-para-mujeres","9":"product_cat-juguetes-bienestar-juguetes-para-mujeresmasturbadores-para-ellas","10":"product_cat-juguetes-bienestar-juguetes-para-mujeresestimuladorespara-clitoris","11":"product_cat-juguetes-bienestar-juguetes-para-mujerespunto-g","12":"product_cat-juguetes-bienestar-vibradores","13":"product_cat-juguetes-bienestar-vibradoresvibradores-control-remoto","14":"yith_product_brand-treasure","16":"first","17":"instock","18":"taxable","19":"shipping-taxable","20":"purchasable","21":"product-type-simple"},"aioseo_notices":[],"_links":{"self":[{"href":"https:\/\/www.mysexualfantasy.eu\/en\/wp-json\/wp\/v2\/product\/77724","targetHints":{"allow":["GET"]}}],"collection":[{"href":"https:\/\/www.mysexualfantasy.eu\/en\/wp-json\/wp\/v2\/product"}],"about":[{"href":"https:\/\/www.mysexualfantasy.eu\/en\/wp-json\/wp\/v2\/types\/product"}],"replies":[{"embeddable":true,"href":"https:\/\/www.mysexualfantasy.eu\/en\/wp-json\/wp\/v2\/comments?post=77724"}],"wp:featuredmedia":[{"embeddable":true,"href":"https:\/\/www.mysexualfantasy.eu\/en\/wp-json\/wp\/v2\/media\/77725"}],"wp:attachment":[{"href":"https:\/\/www.mysexualfantasy.eu\/en\/wp-json\/wp\/v2\/media?parent=77724"}],"wp:term":[{"taxonomy":"product_brand","embeddable":true,"href":"https:\/\/www.mysexualfantasy.eu\/en\/wp-json\/wp\/v2\/product_brand?post=77724"},{"taxonomy":"product_cat","embeddable":true,"href":"https:\/\/www.mysexualfantasy.eu\/en\/wp-json\/wp\/v2\/product_cat?post=77724"},{"taxonomy":"product_tag","embeddable":true,"href":"https:\/\/www.mysexualfantasy.eu\/en\/wp-json\/wp\/v2\/product_tag?post=77724"}],"curies":[{"name":"wp","href":"https:\/\/api.w.org\/{rel}","templated":true}]}}