{"id":77897,"date":"2023-04-25T13:33:35","date_gmt":"2023-04-25T13:33:35","guid":{"rendered":"https:\/\/www.mysexualfantasy.eu\/?post_type=product&#038;p=77897"},"modified":"2023-12-06T16:11:15","modified_gmt":"2023-12-06T16:11:15","slug":"pretty-love-masajeador-rotacion-y-vibracion-vega-12-funciones-fucsia","status":"publish","type":"product","link":"https:\/\/www.mysexualfantasy.eu\/en\/product\/pretty-love-masajeador-rotacion-y-vibracion-vega-12-funciones-fucsia\/","title":{"rendered":"PRETTY LOVE &#8211; VEGA MASAJEADOR ROTACI\u00d3N Y VIBRACI\u00d3N 12 FUNCIONES FUCSIA"},"content":{"rendered":"<p>Disfruta de la estimulaci\u00f3n sensual con Charming Vega de Pretty Love, te acaricia con potentes rotaciones y vibraciones. Es un cuerpo liso hecho de silicona de alta calidad. Con 12 configuraciones de rotaci\u00f3n y 12 modos de vibraci\u00f3n, de suave a intenso, puede obtener un estimulador placentero para su cl\u00edtoris, pezones o para una excitante acci\u00f3n interna. Explora los ritmos y patrones electrizantes que ofrece la funci\u00f3n multivelocidad mientras te conviertes en esclavo de cada toque.<\/p>\n<ul>\n<li>Funci\u00f3n: 12 funciones de vibraci\u00f3n 12 funciones de rotaci\u00f3n<\/li>\n<li>Potencia: 2 pilas AAA<\/li>\n<li>Material: ABS de silicona<\/li>\n<li>Color\uff1a0602S P\u00farpura<\/li>\n<li>Tama\u00f1o del embalaje (mm): 178*98*58<\/li>\n<\/ul>\n<p>Pretty Love fabrica productos de alta calidad. Tienen 1 a\u00f1o de garant\u00eda en defectos t\u00e9cnicos.<\/p>","protected":false},"excerpt":{"rendered":"<p>PRETTY LOVE &#8211; VEGA ROTATION AND VIBRATION MASSAGER WITH 12 FUNCTIONS FUCHSIA<\/p>","protected":false},"featured_media":77898,"comment_status":"open","ping_status":"closed","template":"","meta":{"_monsterinsights_skip_tracking":false,"_monsterinsights_sitenote_active":false,"_monsterinsights_sitenote_note":"","_monsterinsights_sitenote_category":0,"_joinchat":[]},"product_brand":[],"product_cat":[1152,1155,1310,1165,1153,1154],"product_tag":[],"class_list":{"0":"post-77897","1":"product","2":"type-product","3":"status-publish","4":"has-post-thumbnail","6":"product_cat-juguetes-bienestar","7":"product_cat-juguetes-bienestar-juguetes-para-mujeres","8":"product_cat-juguetes-bienestar-juguetes-para-mujeresmasajeadores","9":"product_cat-juguetes-bienestar-juguetes-para-mujeresmasturbadores-para-ellas","10":"product_cat-juguetes-bienestar-vibradores","11":"product_cat-juguetes-bienestar-vibradoresvibradores-control-remoto","12":"yith_product_brand-pretty-love","13":"yith_product_brand-pretty-lovepretty-love-flirtation","15":"first","16":"instock","17":"taxable","18":"shipping-taxable","19":"purchasable","20":"product-type-simple"},"aioseo_notices":[],"_links":{"self":[{"href":"https:\/\/www.mysexualfantasy.eu\/en\/wp-json\/wp\/v2\/product\/77897","targetHints":{"allow":["GET"]}}],"collection":[{"href":"https:\/\/www.mysexualfantasy.eu\/en\/wp-json\/wp\/v2\/product"}],"about":[{"href":"https:\/\/www.mysexualfantasy.eu\/en\/wp-json\/wp\/v2\/types\/product"}],"replies":[{"embeddable":true,"href":"https:\/\/www.mysexualfantasy.eu\/en\/wp-json\/wp\/v2\/comments?post=77897"}],"wp:featuredmedia":[{"embeddable":true,"href":"https:\/\/www.mysexualfantasy.eu\/en\/wp-json\/wp\/v2\/media\/77898"}],"wp:attachment":[{"href":"https:\/\/www.mysexualfantasy.eu\/en\/wp-json\/wp\/v2\/media?parent=77897"}],"wp:term":[{"taxonomy":"product_brand","embeddable":true,"href":"https:\/\/www.mysexualfantasy.eu\/en\/wp-json\/wp\/v2\/product_brand?post=77897"},{"taxonomy":"product_cat","embeddable":true,"href":"https:\/\/www.mysexualfantasy.eu\/en\/wp-json\/wp\/v2\/product_cat?post=77897"},{"taxonomy":"product_tag","embeddable":true,"href":"https:\/\/www.mysexualfantasy.eu\/en\/wp-json\/wp\/v2\/product_tag?post=77897"}],"curies":[{"name":"wp","href":"https:\/\/api.w.org\/{rel}","templated":true}]}}