{"id":77903,"date":"2023-04-25T13:33:37","date_gmt":"2023-04-25T13:33:37","guid":{"rendered":"https:\/\/www.mysexualfantasy.eu\/?post_type=product&#038;p=77903"},"modified":"2023-12-06T16:11:16","modified_gmt":"2023-12-06T16:11:16","slug":"pretty-love-masajeador-de-clitoris-heartbeat-10-modos-de-vibracion-morado","status":"publish","type":"product","link":"https:\/\/www.mysexualfantasy.eu\/en\/product\/pretty-love-masajeador-de-clitoris-heartbeat-10-modos-de-vibracion-morado\/","title":{"rendered":"PRETTY LOVE &#8211; MASAJEADOR DE CLITORIS HEARTBEAT 10 MODOS DE VIBRACION MORADO"},"content":{"rendered":"<p>Muestre un poco de amor por el nuevo estimulador de cl\u00edtoris con 10 funciones de Pretty Love. \u00a1Este ambiente es tan lindo como clim\u00e1tico! Encienda el vibrador con el sencillo bot\u00f3n de un clic y explore las 10 configuraciones de vibraci\u00f3n que se ofrecen. Sentado directamente detr\u00e1s de la protuberancia pronunciada en el centro del juguete, reciba un placer intenso mientras la bala impulsa las vibraciones hacia su cl\u00edtoris. Es para un acabado irresistiblemente suave, este vibrador promete robarte el coraz\u00f3n.<\/p>\n<ul>\n<li>Funci\u00f3n: 10 funciones de vibraci\u00f3n<\/li>\n<li>Potencia: 1 bater\u00eda AAA<\/li>\n<li>Material: ABS de silicona<\/li>\n<li>Color\uff1a0602S P\u00farpura<\/li>\n<li>Tama\u00f1o del embalaje (mm): 120*90*50<\/li>\n<\/ul>\n<p>Pretty Love fabrica productos de alta calidad. Tienen 1 a\u00f1o de garant\u00eda en defectos t\u00e9cnicos.<\/p>","protected":false},"excerpt":{"rendered":"<p>PRETTY LOVE &#8211; CLITORAL MASSAGER HEARTBEAT 10 VIBRATION MODES PURPLE<\/p>","protected":false},"featured_media":77904,"comment_status":"open","ping_status":"closed","template":"","meta":{"_monsterinsights_skip_tracking":false,"_monsterinsights_sitenote_active":false,"_monsterinsights_sitenote_note":"","_monsterinsights_sitenote_category":0,"_joinchat":[]},"product_brand":[],"product_cat":[1156,1152,1155,1165],"product_tag":[],"class_list":{"0":"post-77903","1":"product","2":"type-product","3":"status-publish","4":"has-post-thumbnail","6":"product_cat-juguetes-bienestar-juguetes-para-mujeresestimuladores","7":"product_cat-juguetes-bienestar","8":"product_cat-juguetes-bienestar-juguetes-para-mujeres","9":"product_cat-juguetes-bienestar-juguetes-para-mujeresmasturbadores-para-ellas","10":"yith_product_brand-pretty-love","11":"yith_product_brand-pretty-lovepretty-love-flirtation","13":"first","14":"instock","15":"taxable","16":"shipping-taxable","17":"purchasable","18":"product-type-simple"},"aioseo_notices":[],"_links":{"self":[{"href":"https:\/\/www.mysexualfantasy.eu\/en\/wp-json\/wp\/v2\/product\/77903","targetHints":{"allow":["GET"]}}],"collection":[{"href":"https:\/\/www.mysexualfantasy.eu\/en\/wp-json\/wp\/v2\/product"}],"about":[{"href":"https:\/\/www.mysexualfantasy.eu\/en\/wp-json\/wp\/v2\/types\/product"}],"replies":[{"embeddable":true,"href":"https:\/\/www.mysexualfantasy.eu\/en\/wp-json\/wp\/v2\/comments?post=77903"}],"wp:featuredmedia":[{"embeddable":true,"href":"https:\/\/www.mysexualfantasy.eu\/en\/wp-json\/wp\/v2\/media\/77904"}],"wp:attachment":[{"href":"https:\/\/www.mysexualfantasy.eu\/en\/wp-json\/wp\/v2\/media?parent=77903"}],"wp:term":[{"taxonomy":"product_brand","embeddable":true,"href":"https:\/\/www.mysexualfantasy.eu\/en\/wp-json\/wp\/v2\/product_brand?post=77903"},{"taxonomy":"product_cat","embeddable":true,"href":"https:\/\/www.mysexualfantasy.eu\/en\/wp-json\/wp\/v2\/product_cat?post=77903"},{"taxonomy":"product_tag","embeddable":true,"href":"https:\/\/www.mysexualfantasy.eu\/en\/wp-json\/wp\/v2\/product_tag?post=77903"}],"curies":[{"name":"wp","href":"https:\/\/api.w.org\/{rel}","templated":true}]}}