{"id":77909,"date":"2023-04-25T13:33:39","date_gmt":"2023-04-25T13:33:39","guid":{"rendered":"https:\/\/www.mysexualfantasy.eu\/?post_type=product&#038;p=77909"},"modified":"2023-12-06T16:11:16","modified_gmt":"2023-12-06T16:11:16","slug":"pretty-love-vibrador-y-succionador-de-clitoris-murray-morado","status":"publish","type":"product","link":"https:\/\/www.mysexualfantasy.eu\/en\/product\/pretty-love-vibrador-y-succionador-de-clitoris-murray-morado\/","title":{"rendered":"PRETTY LOVE &#8211; MURRAY VIBRADOR Y SUCCIONADOR DE CLITORIS MORADO"},"content":{"rendered":"<p>Prep\u00e1rate para una aventura er\u00f3tica que nunca olvidar\u00e1s. \u00a1Puede usar los controles de bot\u00f3n intuitivos para recorrer 12 funciones de vibraci\u00f3n y pulsaci\u00f3n lateral para encontrar su m\u00e1ximo placer! La cabeza f\u00e1lica que es perfecta para estimular y la base con ventosa acampanada hacen que este juguete sea seguro para el juego vaginal o anal. La ventosa s\u00faper fuerte se monta en cualquier superficie plana y s\u00f3lida y se levanta f\u00e1cilmente.<\/p>\n<ul>\n<li>Funci\u00f3n: 12 funciones de vibraci\u00f3n 12 configuraciones de onda de pulso Base de succi\u00f3n<\/li>\n<li>Potencia: USB recargable<\/li>\n<li>Material: ABS de silicona<\/li>\n<li>Color\uff1a0602S P\u00farpura<\/li>\n<li>Tama\u00f1o del embalaje (mm): 200*100*70<\/li>\n<\/ul>\n<p>Pretty Love fabrica productos de alta calidad. Tienen 1 a\u00f1o de garant\u00eda en defectos t\u00e9cnicos.<\/p>","protected":false},"excerpt":{"rendered":"<p>PRETTY LOVE &#8211; MURRAY VIBRATOR AND STIMULATOR PURPLE<\/p>","protected":false},"featured_media":77910,"comment_status":"open","ping_status":"closed","template":"","meta":{"_monsterinsights_skip_tracking":false,"_monsterinsights_sitenote_active":false,"_monsterinsights_sitenote_note":"","_monsterinsights_sitenote_category":0,"_joinchat":[]},"product_brand":[],"product_cat":[1182,1303,1156,1152,1155,1309,1153],"product_tag":[],"class_list":{"0":"post-77909","1":"product","2":"type-product","3":"status-publish","4":"has-post-thumbnail","6":"product_cat-juguetes-bienestar-dildos","7":"product_cat-juguetes-bienestar-dildosdildos-punto-g","8":"product_cat-juguetes-bienestar-juguetes-para-mujeresestimuladores","9":"product_cat-juguetes-bienestar","10":"product_cat-juguetes-bienestar-juguetes-para-mujeres","11":"product_cat-juguetes-bienestar-juguetes-para-mujerespunto-g","12":"product_cat-juguetes-bienestar-vibradores","13":"yith_product_brand-pretty-love","14":"yith_product_brand-pretty-lovepretty-love-flirtation","16":"first","17":"instock","18":"taxable","19":"shipping-taxable","20":"purchasable","21":"product-type-simple"},"aioseo_notices":[],"_links":{"self":[{"href":"https:\/\/www.mysexualfantasy.eu\/en\/wp-json\/wp\/v2\/product\/77909","targetHints":{"allow":["GET"]}}],"collection":[{"href":"https:\/\/www.mysexualfantasy.eu\/en\/wp-json\/wp\/v2\/product"}],"about":[{"href":"https:\/\/www.mysexualfantasy.eu\/en\/wp-json\/wp\/v2\/types\/product"}],"replies":[{"embeddable":true,"href":"https:\/\/www.mysexualfantasy.eu\/en\/wp-json\/wp\/v2\/comments?post=77909"}],"wp:featuredmedia":[{"embeddable":true,"href":"https:\/\/www.mysexualfantasy.eu\/en\/wp-json\/wp\/v2\/media\/77910"}],"wp:attachment":[{"href":"https:\/\/www.mysexualfantasy.eu\/en\/wp-json\/wp\/v2\/media?parent=77909"}],"wp:term":[{"taxonomy":"product_brand","embeddable":true,"href":"https:\/\/www.mysexualfantasy.eu\/en\/wp-json\/wp\/v2\/product_brand?post=77909"},{"taxonomy":"product_cat","embeddable":true,"href":"https:\/\/www.mysexualfantasy.eu\/en\/wp-json\/wp\/v2\/product_cat?post=77909"},{"taxonomy":"product_tag","embeddable":true,"href":"https:\/\/www.mysexualfantasy.eu\/en\/wp-json\/wp\/v2\/product_tag?post=77909"}],"curies":[{"name":"wp","href":"https:\/\/api.w.org\/{rel}","templated":true}]}}