{"id":77921,"date":"2023-04-25T13:33:44","date_gmt":"2023-04-25T13:33:44","guid":{"rendered":"https:\/\/www.mysexualfantasy.eu\/?post_type=product&#038;p=77921"},"modified":"2023-12-06T16:11:19","modified_gmt":"2023-12-06T16:11:19","slug":"pretty-love-vibrador-y-succionador-de-clitoris-silicona-morado","status":"publish","type":"product","link":"https:\/\/www.mysexualfantasy.eu\/en\/product\/pretty-love-vibrador-y-succionador-de-clitoris-silicona-morado\/","title":{"rendered":"PRETTY LOVE &#8211; SINCERE VIBRADOR Y SUCCIONADOR DE CLITORIS SILICONA MORADO"},"content":{"rendered":"<p>Este vibrador de conejo de textura \u00fanica ofrece sensaciones internas y externas alucinantes. Est\u00e1 hecho de silicona suave y resistente al agua para una f\u00e1cil limpieza, \u00a1adem\u00e1s de diversi\u00f3n humeante en la ducha o el ba\u00f1o para la m\u00e1xima versatilidad! A diferencia de otros vibradores para conejos, tiene una pala ergon\u00f3mica para el cl\u00edtoris llena de suaves cosquillas de silicona similares a cerdas para brindarle sensaciones m\u00e1s tentadoras. Con 10 intensas funciones de vibraci\u00f3n, este vibrador \u00fanico seguramente estar\u00e1 a la altura de su nombre y brindar\u00e1 cl\u00edmax tras cl\u00edmax&#8230;<\/p>\n<ul>\n<li>Funci\u00f3n: 10 funciones de vibraci\u00f3n.<\/li>\n<li>Potencia: USB recargable<\/li>\n<li>Material: silicona<\/li>\n<li>Color\uff1a0602S P\u00farpura<\/li>\n<li>Tama\u00f1o del embalaje (mm): 230*95*50<\/li>\n<\/ul>\n<p>Pretty Love fabrica productos de alta calidad. Tienen 1 a\u00f1o de garant\u00eda en defectos t\u00e9cnicos.<\/p>","protected":false},"excerpt":{"rendered":"<p>PRETTY LOVE &#8211; SINCERE SILICONE VIBRATOR AND STIMULATOR PURPLE<\/p>","protected":false},"featured_media":77922,"comment_status":"open","ping_status":"closed","template":"","meta":{"_monsterinsights_skip_tracking":false,"_monsterinsights_sitenote_active":false,"_monsterinsights_sitenote_note":"","_monsterinsights_sitenote_category":0,"_joinchat":[]},"product_brand":[],"product_cat":[1156,1152,1155,1165,1163,1314,1153,1195],"product_tag":[],"class_list":{"0":"post-77921","1":"product","2":"type-product","3":"status-publish","4":"has-post-thumbnail","6":"product_cat-juguetes-bienestar-juguetes-para-mujeresestimuladores","7":"product_cat-juguetes-bienestar","8":"product_cat-juguetes-bienestar-juguetes-para-mujeres","9":"product_cat-juguetes-bienestar-juguetes-para-mujeresmasturbadores-para-ellas","10":"product_cat-juguetes-bienestar-juguetes-para-mujeresestimuladorespara-clitoris","11":"product_cat-juguetes-bienestar-juguetes-para-mujeressuccionadores","12":"product_cat-juguetes-bienestar-vibradores","13":"product_cat-juguetes-bienestar-vibradoresvibradores-rabbit","14":"yith_product_brand-pretty-love","15":"yith_product_brand-pretty-lovepretty-love-flirtation","17":"first","18":"instock","19":"taxable","20":"shipping-taxable","21":"purchasable","22":"product-type-simple"},"aioseo_notices":[],"_links":{"self":[{"href":"https:\/\/www.mysexualfantasy.eu\/en\/wp-json\/wp\/v2\/product\/77921","targetHints":{"allow":["GET"]}}],"collection":[{"href":"https:\/\/www.mysexualfantasy.eu\/en\/wp-json\/wp\/v2\/product"}],"about":[{"href":"https:\/\/www.mysexualfantasy.eu\/en\/wp-json\/wp\/v2\/types\/product"}],"replies":[{"embeddable":true,"href":"https:\/\/www.mysexualfantasy.eu\/en\/wp-json\/wp\/v2\/comments?post=77921"}],"wp:featuredmedia":[{"embeddable":true,"href":"https:\/\/www.mysexualfantasy.eu\/en\/wp-json\/wp\/v2\/media\/77922"}],"wp:attachment":[{"href":"https:\/\/www.mysexualfantasy.eu\/en\/wp-json\/wp\/v2\/media?parent=77921"}],"wp:term":[{"taxonomy":"product_brand","embeddable":true,"href":"https:\/\/www.mysexualfantasy.eu\/en\/wp-json\/wp\/v2\/product_brand?post=77921"},{"taxonomy":"product_cat","embeddable":true,"href":"https:\/\/www.mysexualfantasy.eu\/en\/wp-json\/wp\/v2\/product_cat?post=77921"},{"taxonomy":"product_tag","embeddable":true,"href":"https:\/\/www.mysexualfantasy.eu\/en\/wp-json\/wp\/v2\/product_tag?post=77921"}],"curies":[{"name":"wp","href":"https:\/\/api.w.org\/{rel}","templated":true}]}}