{"id":7800,"date":"2023-01-13T13:05:17","date_gmt":"2023-01-13T13:05:17","guid":{"rendered":"https:\/\/www.mysexualfantasy.eu\/?post_type=product&#038;p=7800"},"modified":"2023-12-06T15:53:56","modified_gmt":"2023-12-06T15:53:56","slug":"all-black-puno-gigante-fisting-40cm","status":"publish","type":"product","link":"https:\/\/www.mysexualfantasy.eu\/en\/product\/all-black-puno-gigante-fisting-40cm\/","title":{"rendered":"ALL BLACK &#8211; PU\u00d1O GIGANTE FISTING 40 CM"},"content":{"rendered":"<p>The <strong>All Black <\/strong>es un consolador de fisting de formato realista, resistente y perfectamente flexible. La forma de mano, con es una hermosa mano y brazo detallados en tama\u00f1o real.<\/p>\n<p>\u00a1La sola idea de que este hermoso pu\u00f1o y brazo te llenar\u00e1n por completo ya est\u00e1 causando sensaciones sensacionales! Es importante limpiar el dildo completamente despu\u00e9s de su uso.<\/p>\n<p>Para los m\u00e1s experimentados, el consolador Fist es una\u00a0fiel reproducci\u00f3n de un pu\u00f1o en el antebrazo y la mano\u00a0. Con sus extraordinarias dimensiones, proporciona sensaciones extremas de rara intensidad.<\/p>\n<p>\u00a1El consolador de pu\u00f1o mide 40 cm de largo, 7,5 cm de di\u00e1metro y pesa 1 kg!<\/p>\n<p>Cada juguete se envuelve individualmente con una funda protectora de pl\u00e1stico transparente.<\/p>\n<ul>\n<li>Dimensiones: 39 x 7.5\u00a0 cm<\/li>\n<li>Fabricado en\u00a0PVC\u00a0, libre de ftalatos, con superficie suave y no rugosa para una mejor inserci\u00f3n.<\/li>\n<\/ul>\n<p>* Para conseguir una experiencia \u00f3ptima y poder disfrutar de manera placentera y sin dolor, ALL BLACK recomienda el uso de los lubricantes de la marca Black Hole<\/p>","protected":false},"excerpt":{"rendered":"<p>ALL BLACK &#8211; FIST GIANT FISTING 40 CM<\/p>","protected":false},"featured_media":55396,"comment_status":"open","ping_status":"closed","template":"","meta":{"_monsterinsights_skip_tracking":false,"_monsterinsights_sitenote_active":false,"_monsterinsights_sitenote_note":"","_monsterinsights_sitenote_category":0,"_joinchat":[]},"product_brand":[],"product_cat":[1162,1296,1306,1152,1160,1189],"product_tag":[],"class_list":{"0":"post-7800","1":"product","2":"type-product","3":"status-publish","4":"has-post-thumbnail","6":"product_cat-juguetes-bienestar-anal","7":"product_cat-juguetes-bienestar-juguetes-para-hombresbocas-y-manos","8":"product_cat-juguetes-bienestar-analdildos-anales","9":"product_cat-juguetes-bienestar","10":"product_cat-juguetes-bienestar-juguetes-para-hombres","11":"product_cat-juguetes-bienestar-analplugs-anales","12":"yith_product_brand-all-black","14":"first","15":"instock","16":"taxable","17":"shipping-taxable","18":"purchasable","19":"product-type-simple"},"aioseo_notices":[],"_links":{"self":[{"href":"https:\/\/www.mysexualfantasy.eu\/en\/wp-json\/wp\/v2\/product\/7800","targetHints":{"allow":["GET"]}}],"collection":[{"href":"https:\/\/www.mysexualfantasy.eu\/en\/wp-json\/wp\/v2\/product"}],"about":[{"href":"https:\/\/www.mysexualfantasy.eu\/en\/wp-json\/wp\/v2\/types\/product"}],"replies":[{"embeddable":true,"href":"https:\/\/www.mysexualfantasy.eu\/en\/wp-json\/wp\/v2\/comments?post=7800"}],"wp:featuredmedia":[{"embeddable":true,"href":"https:\/\/www.mysexualfantasy.eu\/en\/wp-json\/wp\/v2\/media\/55396"}],"wp:attachment":[{"href":"https:\/\/www.mysexualfantasy.eu\/en\/wp-json\/wp\/v2\/media?parent=7800"}],"wp:term":[{"taxonomy":"product_brand","embeddable":true,"href":"https:\/\/www.mysexualfantasy.eu\/en\/wp-json\/wp\/v2\/product_brand?post=7800"},{"taxonomy":"product_cat","embeddable":true,"href":"https:\/\/www.mysexualfantasy.eu\/en\/wp-json\/wp\/v2\/product_cat?post=7800"},{"taxonomy":"product_tag","embeddable":true,"href":"https:\/\/www.mysexualfantasy.eu\/en\/wp-json\/wp\/v2\/product_tag?post=7800"}],"curies":[{"name":"wp","href":"https:\/\/api.w.org\/{rel}","templated":true}]}}