{"id":78293,"date":"2023-04-25T13:36:31","date_gmt":"2023-04-25T13:36:31","guid":{"rendered":"https:\/\/www.mysexualfantasy.eu\/?post_type=product&#038;p=78293"},"modified":"2023-12-06T16:11:51","modified_gmt":"2023-12-06T16:11:51","slug":"satisfyer-pro-2-generacion-3-granate-bluetooth-app","status":"publish","type":"product","link":"https:\/\/www.mysexualfantasy.eu\/en\/product\/satisfyer-pro-2-generacion-3-granate-bluetooth-app\/","title":{"rendered":"SATISFYER PRO 2 GENERACI\u00d3N 3 &#8211; GRANATE   BLUETOOTH   APP"},"content":{"rendered":"<p>\u00a1Prep\u00e1rate para una nueva ola de placer!<\/p>\n<p>El Pro 2 Generation 3 es la \u00faltima edici\u00f3n de nuestro ic\u00f3nico Air Pulse, ahora tambi\u00e9n con vibraci\u00f3n y la innovadora tecnolog\u00eda Liquid Air que crea una sensaci\u00f3n similar a la sensual oleada de agua pulsante.<\/p>\n<p>El Pro2 Gen3 proporciona esos orgasmos intensos que conoces y te encantan con su acabado en silicona suave y sedosa y un cabezal contrapesado para un manejo ergon\u00f3mico. Te inundar\u00e1 el placer mientras las ondas de presi\u00f3n de aire excitan el cl\u00edtoris a trav\u00e9s de un capuch\u00f3n finamente enfundado.<br \/>El Pro2Gen 3 Connect App, compatible con Bluetooth, se sincroniza con nuestra galardonada aplicaci\u00f3n gratuita Satisfyer Connect, lo que te permite controlar completamente el potente motor y personalizar tu placer. Por supuesto, siempre tienes la opci\u00f3n de usarlo sin la aplicaci\u00f3n y controlarlo a trav\u00e9s de los botones del panel con 11 opciones de programas de ondas de presi\u00f3n y 12 de vibraci\u00f3n.<\/p>\n<p>El Pro2 Gen 3 Connect App est\u00e1 fabricado con silicona segura para el cuerpo, es recargable y cuenta con la certificaci\u00f3n impermeable IPX7.<\/p>\n<p>\u00a1Disfruta del subid\u00f3n!<\/p>\n<p>\u00a0<\/p>\n<ul>\n<li>Estimula el cl\u00edtoris utilizando intensas ondas de presi\u00f3n sin contacto directo<\/li>\n<li>Fabricado con silicona de grado m\u00e9dico supersuave, agradable para la piel, suave al tacto y extremadamente higi\u00e9nica<\/li>\n<li>Gracias a su acabado impermeable (IPX7), este juguete se puede usar de forma segura en el agua, adem\u00e1s de ser f\u00e1cil de limpiar<\/li>\n<li>11 intensidades de onda de presi\u00f3n y 12 opciones de vibraci\u00f3n.<\/li>\n<li>15 a\u00f1os de garant\u00eda<\/li>\n<li>Fabricado con silicona de grado m\u00e9dico supersuave, agradable para la piel, suave al tacto y extremadamente higi\u00e9nica<\/li>\n<li>Modo susurro<\/li>\n<li>Bater\u00eda recargable de iones de litio<\/li>\n<li>Gracias a su acabado impermeable (IPX7), este juguete se puede usar de forma segura en el agua, adem\u00e1s de ser f\u00e1cil de limpiar<\/li>\n<li>Cable de carga USB magn\u00e9tico incluido<\/li>\n<li>F\u00e1cil de limpiar<\/li>\n<\/ul>","protected":false},"excerpt":{"rendered":"<p>SATISFYER PRO 2 GENERACI\u00d3N 3 &#8211; WINE RED  BLUETOOTH   APP<\/p>","protected":false},"featured_media":78295,"comment_status":"open","ping_status":"closed","template":"","meta":{"_monsterinsights_skip_tracking":false,"_monsterinsights_sitenote_active":false,"_monsterinsights_sitenote_note":"","_monsterinsights_sitenote_category":0,"_joinchat":[]},"product_brand":[],"product_cat":[1156,1152,1155,1165,1163,1309,1314,1153,1275],"product_tag":[],"class_list":{"0":"post-78293","1":"product","2":"type-product","3":"status-publish","4":"has-post-thumbnail","6":"product_cat-juguetes-bienestar-juguetes-para-mujeresestimuladores","7":"product_cat-juguetes-bienestar","8":"product_cat-juguetes-bienestar-juguetes-para-mujeres","9":"product_cat-juguetes-bienestar-juguetes-para-mujeresmasturbadores-para-ellas","10":"product_cat-juguetes-bienestar-juguetes-para-mujeresestimuladorespara-clitoris","11":"product_cat-juguetes-bienestar-juguetes-para-mujerespunto-g","12":"product_cat-juguetes-bienestar-juguetes-para-mujeressuccionadores","13":"product_cat-juguetes-bienestar-vibradores","14":"product_cat-juguetes-bienestar-vibradoresvibradores-con-app","15":"yith_product_brand-satisfyer","16":"yith_product_brand-satisfyer-satisfyer-connect","18":"first","19":"instock","20":"taxable","21":"shipping-taxable","22":"purchasable","23":"product-type-variable"},"aioseo_notices":[],"_links":{"self":[{"href":"https:\/\/www.mysexualfantasy.eu\/en\/wp-json\/wp\/v2\/product\/78293","targetHints":{"allow":["GET"]}}],"collection":[{"href":"https:\/\/www.mysexualfantasy.eu\/en\/wp-json\/wp\/v2\/product"}],"about":[{"href":"https:\/\/www.mysexualfantasy.eu\/en\/wp-json\/wp\/v2\/types\/product"}],"replies":[{"embeddable":true,"href":"https:\/\/www.mysexualfantasy.eu\/en\/wp-json\/wp\/v2\/comments?post=78293"}],"wp:featuredmedia":[{"embeddable":true,"href":"https:\/\/www.mysexualfantasy.eu\/en\/wp-json\/wp\/v2\/media\/78295"}],"wp:attachment":[{"href":"https:\/\/www.mysexualfantasy.eu\/en\/wp-json\/wp\/v2\/media?parent=78293"}],"wp:term":[{"taxonomy":"product_brand","embeddable":true,"href":"https:\/\/www.mysexualfantasy.eu\/en\/wp-json\/wp\/v2\/product_brand?post=78293"},{"taxonomy":"product_cat","embeddable":true,"href":"https:\/\/www.mysexualfantasy.eu\/en\/wp-json\/wp\/v2\/product_cat?post=78293"},{"taxonomy":"product_tag","embeddable":true,"href":"https:\/\/www.mysexualfantasy.eu\/en\/wp-json\/wp\/v2\/product_tag?post=78293"}],"curies":[{"name":"wp","href":"https:\/\/api.w.org\/{rel}","templated":true}]}}