{"id":78310,"date":"2023-04-25T13:36:37","date_gmt":"2023-04-25T13:36:37","guid":{"rendered":"https:\/\/www.mysexualfantasy.eu\/?post_type=product&#038;p=78310"},"modified":"2023-12-06T15:45:54","modified_gmt":"2023-12-06T15:45:54","slug":"satisfyer-strong-one-connect-app","status":"publish","type":"product","link":"https:\/\/www.mysexualfantasy.eu\/en\/product\/satisfyer-strong-one-connect-app\/","title":{"rendered":"SATISFYER STRONG ONE CONNECT APP"},"content":{"rendered":"<p>El anillo para el pene Strong One, fabricado en silicona respetuosa con el cuerpo, te proporcionar\u00e1 m\u00e1s resistencia y rigidez y retrasar\u00e1 la eyaculaci\u00f3n. Las vibraciones profundas tambi\u00e9n estimulan a ambos miembros de la pareja y pueden controlarse mediante una app.<\/p>\n<p><strong>Satisfyer Strong One: El anillo para el pene que mejora la resistencia<\/strong><br \/>El Strong One de Satisfyer le proporcionar\u00e1 una mayor resistencia y retrasar\u00e1 la eyaculaci\u00f3n durante las relaciones sexuales. El anillo para el pene est\u00e1 fabricado con una silicona suave y agradable para el cuerpo que se adapta con flexibilidad alrededor del pene. La restricci\u00f3n del flujo sangu\u00edneo fuera del pene intensifica la erecci\u00f3n para que puedas disfrutar al m\u00e1ximo de tus relaciones sexuales. El Strong One te excita a ti y a tu amante durante las relaciones sexuales con intensas vibraciones que pueden controlarse mediante el bot\u00f3n One Touch o la aplicaci\u00f3n gratuita Satisfyer Connect. Adem\u00e1s de poder controlar tu dispositivo de bienestar sexual por control remoto, hay un sinf\u00edn de funciones m\u00e1s que explorar, como crear tus propios programas de vibraci\u00f3n basados en el ruido ambiente o en tu lista de reproducci\u00f3n de Spotify. A qu\u00e9 est\u00e1s esperando?<\/p>\n<p><strong>Qu\u00e9 m\u00e1s puede hacer el Satisfyer Strong One?<\/strong><br \/>Gracias a su acabado resistente al agua (IPX7), el Satisfyer Strong One tambi\u00e9n se puede utilizar cuando las cosas se mojan un poco. Ya sea en la ducha o en la ba\u00f1era, este anillo para el pene enriquecer\u00e1 tus relaciones sexuales con estimulantes vibraciones. Y si alguna vez se agota, las pilas integradas pueden recargarse con el cable de carga USB incluido. El anillo para el pene se limpia f\u00e1cilmente con agua tibia y jab\u00f3n neutro. Aseg\u00farate una higiene perfecta despu\u00e9s con un limpiador de dispositivos de bienestar sexual como el spray desinfectante Satisfyer.<\/p>\n<p>\u00a0<\/p>\n<ul>\n<li>15 a\u00f1os de garant\u00eda<\/li>\n<li>Uso en pareja<\/li>\n<li>Diversi\u00f3n para solteros y parejas<\/li>\n<li>Vibraci\u00f3n profunda superfuerte<\/li>\n<li>Silicona respetuosa con el cuerpo<\/li>\n<li>Resistente al agua (IPX7)<\/li>\n<li>Tambi\u00e9n se puede utilizar sin la aplicaci\u00f3n<\/li>\n<li>Programas preestablecidos editables<\/li>\n<li>La aplicaci\u00f3n ofrece una gama infinita de programas<\/li>\n<li>Modo Susurro<\/li>\n<li>Bater\u00eda recargable de iones de litio<\/li>\n<li>Cable de carga USB magn\u00e9tico incluido<\/li>\n<li>F\u00e1cil de limpiar 10 programas de vibraci\u00f3n<\/li>\n<\/ul>","protected":false},"excerpt":{"rendered":"<p>SATISFYER STRONG ONE CONNECT APP<\/p>","protected":false},"featured_media":78311,"comment_status":"open","ping_status":"closed","template":"","meta":{"_monsterinsights_skip_tracking":false,"_monsterinsights_sitenote_active":false,"_monsterinsights_sitenote_note":"","_monsterinsights_sitenote_category":0,"_joinchat":[]},"product_brand":[],"product_cat":[1193,1170,1172,1171,1152,1160,1153,1275],"product_tag":[],"class_list":{"0":"post-78310","1":"product","2":"type-product","3":"status-publish","4":"has-post-thumbnail","6":"product_cat-juguetes-bienestar-vibradores100-sumergible","7":"product_cat-juguetes-bienestar-juguetes-para-hombresaccesorios-para-el-pene","8":"product_cat-juguetes-bienestar-juguetes-para-hombresaccesorios-para-el-peneanillos-peneanillos-con-vibracion","9":"product_cat-juguetes-bienestar-juguetes-para-hombresaccesorios-para-el-peneanillos-pene","10":"product_cat-juguetes-bienestar","11":"product_cat-juguetes-bienestar-juguetes-para-hombres","12":"product_cat-juguetes-bienestar-vibradores","13":"product_cat-juguetes-bienestar-vibradoresvibradores-con-app","14":"yith_product_brand-satisfyer","15":"yith_product_brand-satisfyer-satisfyer-connect","17":"first","18":"instock","19":"taxable","20":"shipping-taxable","21":"purchasable","22":"product-type-simple"},"aioseo_notices":[],"_links":{"self":[{"href":"https:\/\/www.mysexualfantasy.eu\/en\/wp-json\/wp\/v2\/product\/78310","targetHints":{"allow":["GET"]}}],"collection":[{"href":"https:\/\/www.mysexualfantasy.eu\/en\/wp-json\/wp\/v2\/product"}],"about":[{"href":"https:\/\/www.mysexualfantasy.eu\/en\/wp-json\/wp\/v2\/types\/product"}],"replies":[{"embeddable":true,"href":"https:\/\/www.mysexualfantasy.eu\/en\/wp-json\/wp\/v2\/comments?post=78310"}],"wp:featuredmedia":[{"embeddable":true,"href":"https:\/\/www.mysexualfantasy.eu\/en\/wp-json\/wp\/v2\/media\/78311"}],"wp:attachment":[{"href":"https:\/\/www.mysexualfantasy.eu\/en\/wp-json\/wp\/v2\/media?parent=78310"}],"wp:term":[{"taxonomy":"product_brand","embeddable":true,"href":"https:\/\/www.mysexualfantasy.eu\/en\/wp-json\/wp\/v2\/product_brand?post=78310"},{"taxonomy":"product_cat","embeddable":true,"href":"https:\/\/www.mysexualfantasy.eu\/en\/wp-json\/wp\/v2\/product_cat?post=78310"},{"taxonomy":"product_tag","embeddable":true,"href":"https:\/\/www.mysexualfantasy.eu\/en\/wp-json\/wp\/v2\/product_tag?post=78310"}],"curies":[{"name":"wp","href":"https:\/\/api.w.org\/{rel}","templated":true}]}}