{"id":78316,"date":"2023-04-25T13:36:39","date_gmt":"2023-04-25T13:36:39","guid":{"rendered":"https:\/\/www.mysexualfantasy.eu\/?post_type=product&#038;p=78316"},"modified":"2023-12-06T16:11:52","modified_gmt":"2023-12-06T16:11:52","slug":"satisfyer-sparkling-darling-dorado","status":"publish","type":"product","link":"https:\/\/www.mysexualfantasy.eu\/en\/product\/satisfyer-sparkling-darling-dorado\/","title":{"rendered":"SATISFYER SPARKLING DARLING &#8211; DORADO"},"content":{"rendered":"<p>Este ingenioso vibrador oculta una potencia concentrada con una punta vibradora y un capuch\u00f3n extra\u00edble, lo que lo hace higi\u00e9nico y el compa\u00f1ero de viaje ideal. Combina ritmos embriagadores para crear la vibraci\u00f3n perfecta y tocar cada nota desde el silencio hasta el crescendo.<\/p>\n<p><strong>Qu\u00e9 hace el Satisfyer Sparkling Darling?<\/strong><br \/>El Satisfyer Sparkling Darling es clandestino, sexy y seductor. Adem\u00e1s de su fabricaci\u00f3n de alta calidad y su dise\u00f1o excepcional, este vibrador destaca por su pr\u00e1ctico tama\u00f1o. Gracias a su tapa higi\u00e9nica, puede desaparecer discretamente en su bolso y luce tan bien como su pintalabios favorito.<br \/>El tama\u00f1o compacto de este minivibrador esconde mucha potencia: 10 patrones de vibraci\u00f3n diferentes y 5 velocidades pondr\u00e1n en marcha tu cl\u00edtoris y te proporcionar\u00e1n orgasmos explosivos. El eje recto y la punta redondeada descansan justo sobre tu botoncito estimul\u00e1ndolo poderosamente. La suave superficie de delicada silicona es agradable al tacto y se suaviza a\u00fan m\u00e1s con un poco de lubricante. El vibrador de cl\u00edtoris tambi\u00e9n se puede utilizar con el capuch\u00f3n puesto, lo que le da a la superficie un aspecto met\u00e1lico para una mayor variedad en tus puntos calientes.<\/p>\n<p><strong>Por qu\u00e9 deber\u00eda comprar un Satisfyer Sparkling Darling?<\/strong><br \/>El pr\u00e1ctico tama\u00f1o del Sparkling Darling lo convierte en el compa\u00f1ero de viaje ideal, tanto si est\u00e1s de vacaciones como en un viaje de negocios o en la ciudad. Est\u00e1 disponible en cualquier momento y lugar, incluso en la ducha o la ba\u00f1era. Gracias a su acabado resistente al agua (IPX7), tambi\u00e9n le har\u00e1 feliz en la ducha o la ba\u00f1era. Despu\u00e9s de usarlo, puedes limpiar f\u00e1cilmente tu peque\u00f1a joya con un poco de jab\u00f3n, agua tibia o un limpiador de dispositivos de bienestar sexual. La bater\u00eda del potente vibrador puede recargarse de forma ecol\u00f3gica con el cable de carga USB incluido.<br \/>Consigue ya esta peque\u00f1a joya vibradora y experimenta impresionantes horas de potente placer con tu cl\u00edtoris.<\/p>\n<p>\u00a0<\/p>\n<ul>\n<li>Suave y potente<\/li>\n<li>Vibraci\u00f3n profunda superfuerte<\/li>\n<li>15 programas de vibraci\u00f3n<\/li>\n<li>Modo susurro<\/li>\n<li>Resistente al agua IPX7<\/li>\n<li>Silicona respetuosa con el cuerpo<\/li>\n<li>Bater\u00eda de iones de litio f\u00e1cil de limpiar<\/li>\n<li>15 a\u00f1os de garant\u00eda<\/li>\n<li>Incluye cable de carga magn\u00e9tico USB<\/li>\n<\/ul>","protected":false},"excerpt":{"rendered":"<p>SATISFYER SPARKLING DARLING &#8211; GOLDEN<\/p>","protected":false},"featured_media":78317,"comment_status":"open","ping_status":"closed","template":"","meta":{"_monsterinsights_skip_tracking":false,"_monsterinsights_sitenote_active":false,"_monsterinsights_sitenote_note":"","_monsterinsights_sitenote_category":0,"_joinchat":[]},"product_brand":[],"product_cat":[1193,1156,1152,1155,1165,1153,1275],"product_tag":[],"class_list":{"0":"post-78316","1":"product","2":"type-product","3":"status-publish","4":"has-post-thumbnail","6":"product_cat-juguetes-bienestar-vibradores100-sumergible","7":"product_cat-juguetes-bienestar-juguetes-para-mujeresestimuladores","8":"product_cat-juguetes-bienestar","9":"product_cat-juguetes-bienestar-juguetes-para-mujeres","10":"product_cat-juguetes-bienestar-juguetes-para-mujeresmasturbadores-para-ellas","11":"product_cat-juguetes-bienestar-vibradores","12":"product_cat-juguetes-bienestar-vibradoresvibradores-con-app","13":"yith_product_brand-satisfyer","14":"yith_product_brand-satisfyer-satisfyer-vibrator","16":"first","17":"instock","18":"taxable","19":"shipping-taxable","20":"purchasable","21":"product-type-simple"},"aioseo_notices":[],"_links":{"self":[{"href":"https:\/\/www.mysexualfantasy.eu\/en\/wp-json\/wp\/v2\/product\/78316","targetHints":{"allow":["GET"]}}],"collection":[{"href":"https:\/\/www.mysexualfantasy.eu\/en\/wp-json\/wp\/v2\/product"}],"about":[{"href":"https:\/\/www.mysexualfantasy.eu\/en\/wp-json\/wp\/v2\/types\/product"}],"replies":[{"embeddable":true,"href":"https:\/\/www.mysexualfantasy.eu\/en\/wp-json\/wp\/v2\/comments?post=78316"}],"wp:featuredmedia":[{"embeddable":true,"href":"https:\/\/www.mysexualfantasy.eu\/en\/wp-json\/wp\/v2\/media\/78317"}],"wp:attachment":[{"href":"https:\/\/www.mysexualfantasy.eu\/en\/wp-json\/wp\/v2\/media?parent=78316"}],"wp:term":[{"taxonomy":"product_brand","embeddable":true,"href":"https:\/\/www.mysexualfantasy.eu\/en\/wp-json\/wp\/v2\/product_brand?post=78316"},{"taxonomy":"product_cat","embeddable":true,"href":"https:\/\/www.mysexualfantasy.eu\/en\/wp-json\/wp\/v2\/product_cat?post=78316"},{"taxonomy":"product_tag","embeddable":true,"href":"https:\/\/www.mysexualfantasy.eu\/en\/wp-json\/wp\/v2\/product_tag?post=78316"}],"curies":[{"name":"wp","href":"https:\/\/api.w.org\/{rel}","templated":true}]}}