{"id":78321,"date":"2023-04-25T13:36:41","date_gmt":"2023-04-25T13:36:41","guid":{"rendered":"https:\/\/www.mysexualfantasy.eu\/?post_type=product&#038;p=78321"},"modified":"2023-12-06T16:11:52","modified_gmt":"2023-12-06T16:11:52","slug":"je-joue-vita-bala-vibradora-rosa","status":"publish","type":"product","link":"https:\/\/www.mysexualfantasy.eu\/en\/product\/je-joue-vita-bala-vibradora-rosa\/","title":{"rendered":"JE JOUE &#8211; VITA BALA VIBRADORA ROSA"},"content":{"rendered":"<p>Conoce a Vita, una bala \u00fanica con punta de varita cuya punta redondeada es perfecta para brindar un placer m\u00e1s preciso. Usa Vita para estimular puntos de placer externos como el cl\u00edtoris y los pezones. Con su punta de varita y su cuello flexible, Vita puede &#8216;flexionarse&#8217;\u00a0alrededor de todos los cuerpos y sus partes m\u00e1s er\u00f3genas e \u00edntimas. Con su dise\u00f1o sin costuras, Vita se siente muy bien al tacto. Deje que nuestros famosos motores retumbantes penetren m\u00e1s profundamente en su cuerpo, brind\u00e1ndole una sensaci\u00f3n m\u00e1s rica y profunda.<\/p>\n<p><strong>CARACTER\u00cdSTICAS<\/strong><\/p>\n<ul>\n<li>Vibrador de bala compacto con punta multisuperficie<\/li>\n<li>5 velocidades y 7 patrones configurados para emocionarte<\/li>\n<li>Silencioso para jugar en privado o perfecto para usar con un compa\u00f1ero<\/li>\n<li>Impermeable para divertirse en el agua<\/li>\n<li>Totalmente recargable, con\u00e9ctalo a un puerto USB est\u00e9s donde est\u00e9s<\/li>\n<li>Vibrador 100% Vegano<\/li>\n<li>Bloqueo para viajes:\u00a0simplemente mantenga presionados + y &#8211; juntos para bloquear y desbloquear<\/li>\n<li>C\u00f3mo se mide<\/li>\n<li>Altura: 123 mm \/ 12,3 cm<\/li>\n<li>Profundidad: 26 mm \/ 2,6 cm<\/li>\n<li>Ancho: 29,5 mm \/ 2,95 cm<\/li>\n<\/ul>\n<p>La punta redondeada de Vita\u2122 es experta en brindar un placer milim\u00e9trico. Use la punta vibratoria para provocar puntos dulces como los pezones, el cl\u00edtoris y los labios.<\/p>\n<p>Para comenzar, use Vita para masajear el cl\u00edtoris externo y los labios. Use la punta de la varita para empujar suavemente en \u00e1reas que se sientan bien. La punta c\u00f3ncava de Vita\u2122 se puede usar para identificar el cl\u00edtoris, de modo que una vez que haya explorado esto rotando esta \u00e1rea, comience a identificar d\u00f3nde est\u00e1n sus \u00e1reas sensibles. Profundice la intensidad por velocidades o presi\u00f3n para llegar al orgasmo. Para el juego interno, solo inserte Vita en la vagina una vez que est\u00e9 excitado, o use un lubricante a base de agua para facilitar la inserci\u00f3n. Puede usar Vita para juegos superficiales internamente y obtener la mejor sensaci\u00f3n para explorar qu\u00e9 direcciones y presi\u00f3n se sienten bien. Cuando explora otras partes del cuerpo, Vita se siente muy bien en la punta del pene y en el perineo. Deja que las vibraciones hagan su magia.<\/p>\n<p>Aseg\u00farese de utilizar las velocidades y los patrones de Vita\u2122 para averiguar qu\u00e9 funciona mejor para usted. Algunos pueden disfrutar de una intensidad ligera y luego aumentar a medida que comienzas a sentirte excitado. O a algunos les puede gustar ir a la velocidad m\u00e1s alta de inmediato, es su viaje de placer, as\u00ed que divi\u00e9rtanse y ustedes lo hacen.<\/p>","protected":false},"excerpt":{"rendered":"<p>JE JOUE &#8211; VITA BULLET PINK WATERMELON<\/p>","protected":false},"featured_media":78323,"comment_status":"open","ping_status":"closed","template":"","meta":{"_monsterinsights_skip_tracking":false,"_monsterinsights_sitenote_active":false,"_monsterinsights_sitenote_note":"","_monsterinsights_sitenote_category":0,"_joinchat":[]},"product_brand":[],"product_cat":[1193,1311,1156,1152,1155,1165,1294,165,1153,1292],"product_tag":[],"class_list":{"0":"post-78321","1":"product","2":"type-product","3":"status-publish","4":"has-post-thumbnail","6":"product_cat-juguetes-bienestar-vibradores100-sumergible","7":"product_cat-juguetes-bienestar-juguetes-para-mujeresestimuladoresbalas-vibradoras","8":"product_cat-juguetes-bienestar-juguetes-para-mujeresestimuladores","9":"product_cat-juguetes-bienestar","10":"product_cat-juguetes-bienestar-juguetes-para-mujeres","11":"product_cat-juguetes-bienestar-juguetes-para-mujeresmasturbadores-para-ellas","12":"product_cat-juguetes-bienestar-vibradoresmini-vibradores","13":"product_cat-novedades","14":"product_cat-juguetes-bienestar-vibradores","15":"product_cat-juguetes-bienestar-vibradoresvibradores-clasicos-anales-o-vaginales","16":"yith_product_brand-je-joue","18":"first","19":"instock","20":"taxable","21":"shipping-taxable","22":"purchasable","23":"product-type-variable"},"aioseo_notices":[],"_links":{"self":[{"href":"https:\/\/www.mysexualfantasy.eu\/en\/wp-json\/wp\/v2\/product\/78321","targetHints":{"allow":["GET"]}}],"collection":[{"href":"https:\/\/www.mysexualfantasy.eu\/en\/wp-json\/wp\/v2\/product"}],"about":[{"href":"https:\/\/www.mysexualfantasy.eu\/en\/wp-json\/wp\/v2\/types\/product"}],"replies":[{"embeddable":true,"href":"https:\/\/www.mysexualfantasy.eu\/en\/wp-json\/wp\/v2\/comments?post=78321"}],"wp:featuredmedia":[{"embeddable":true,"href":"https:\/\/www.mysexualfantasy.eu\/en\/wp-json\/wp\/v2\/media\/78323"}],"wp:attachment":[{"href":"https:\/\/www.mysexualfantasy.eu\/en\/wp-json\/wp\/v2\/media?parent=78321"}],"wp:term":[{"taxonomy":"product_brand","embeddable":true,"href":"https:\/\/www.mysexualfantasy.eu\/en\/wp-json\/wp\/v2\/product_brand?post=78321"},{"taxonomy":"product_cat","embeddable":true,"href":"https:\/\/www.mysexualfantasy.eu\/en\/wp-json\/wp\/v2\/product_cat?post=78321"},{"taxonomy":"product_tag","embeddable":true,"href":"https:\/\/www.mysexualfantasy.eu\/en\/wp-json\/wp\/v2\/product_tag?post=78321"}],"curies":[{"name":"wp","href":"https:\/\/api.w.org\/{rel}","templated":true}]}}