{"id":78396,"date":"2023-04-25T13:37:12","date_gmt":"2023-04-25T13:37:12","guid":{"rendered":"https:\/\/www.mysexualfantasy.eu\/?post_type=product&#038;p=78396"},"modified":"2023-12-06T16:11:59","modified_gmt":"2023-12-06T16:11:59","slug":"blacksilver-drake-deluxe-sucking-vibe-silicona-recargable-negro","status":"publish","type":"product","link":"https:\/\/www.mysexualfantasy.eu\/en\/product\/blacksilver-drake-deluxe-sucking-vibe-silicona-recargable-negro\/","title":{"rendered":"BLACKSILVER &#8211; DRAKE DELUXE SUCKING VIBE SILICONA RECARGABLE NEGRO"},"content":{"rendered":"<p>Disfruta con el nuevo estimulador con succi\u00f3n del cl\u00edtoris de BlackSilver\u2122 Drake.Podr\u00e1s llegar a su m\u00e1xima potencia con un solo click. Modelo fabricado con silicona y abs extra suave de dise\u00f1o ergon\u00f3mico para facilitar su uso.<\/p>\n<p>Tu cl\u00edtoris se inundar\u00e1 de placer como nunca antes: \u00a1 BlackSilver\u2122 Drake 3! Con nuestra innovadora tecnolog\u00eda de succi\u00f3n, la \u00faltima generaci\u00f3n de este cl\u00e1sico imita la oleada sensual del agua pulsante.<\/p>\n<p>Por qu\u00e9 BlackSilver\u2122 Drake ? Te damos 10 motivos exclusivos que te lanzar\u00e1n a buscar BlackSilver\u2122 Drake 3<\/p>\n<ul>\n<li>Incre\u00edble Potencia<\/li>\n<li>Tama\u00f1o compacto \u00fanico en el mercado, perfecto para llevar a cualquier lugar, su tama\u00f1o compacto permite llevarlo en el bolso a la oficina o de viaje.<\/li>\n<li>Silicona que cuida de tu piel<\/li>\n<li>Ergon\u00f3mico, perfecto para que la mujer lo mantenga con la mano mientras succiona<\/li>\n<li>Orgasmo r\u00e1pido y garantizado<\/li>\n<li>Testeado en 190 mujeres profesionales del sector erotico que avalan su eficacia al 100%<\/li>\n<li>Cabezal de silicona que estimula todos tus sentidos<\/li>\n<li>Color negro elegante.<\/li>\n<\/ul>\n<p>BlackSilver\u2122 Drake : Te eleva al cielo con orgasmos inimitables<\/p>\n<p>BlackSilver\u2122 Drake es el dispositivo de bienestar sexual definitivo cuando se trata de estimulaci\u00f3n del cl\u00edtoris. Disfruta de 10 programas de succion con su potente motor. El BlackSilver\u2122 Drake inunda tu cuerpo con estas ondas de placer, creando una sensaci\u00f3n particularmente natural y permitiendo orgasmos n\u00edtidos como nunca antes hab\u00edas experimentado. Prefieres provocar tu cl\u00edtoris con la familiar tecnolog\u00eda BlackSilver\u2122 Drake y completamente sin contacto?<\/p>\n<p>Cu\u00e1les son otros beneficios BlackSilver\u2122 Drake?<\/p>\n<p>BlackSilver\u2122 Drake \u00a0tiene un dise\u00f1o mate refinado. A diferencia de su predecesor, este innovador succionador \u00a0est\u00e1 fabricado con silicona 100 % sin junturas, respetuosa con la piel y con tacto Soft Touch Feel (supersuave sobre la piel y especialmente higi\u00e9nico). Su acabado resistente al agua (IPX5) permite que te lo lleves a la ducha o la ba\u00f1era y tambi\u00e9n facilita su limpieza con agua tibia y jab\u00f3n suave. Despu\u00e9s de alcanzar cl\u00edmax alucinantes, puedes recargar f\u00e1cilmente las bater\u00edas integradas del vibrador con el cable de carga USB incluido.<\/p>\n<p>\u00a0LIMPIEZA<\/p>\n<p>Limpia a fondo el juguete antes y despu\u00e9s de cada uso con agua tibia y jab\u00f3n suave.<\/p>\n<p>ALMACENAMIENTO<\/p>\n<p>Guarde su juguete BlackSilver\u2122 Drake en un lugar sin polvo y mant\u00e9ngalo alejado de juguetes de otros materiales. Evite dejarlo a la luz solar directa y NUNCA lo exponga a calor extremo.<\/p>\n<p>CONSEJOS DE USO<\/p>\n<p>BlackSilver\u2122 Drake \u00a0recomienda el uso de lubricantes a base de agua como, Waterfeel\u2122, Aqua\u2122, Bioaqua\u2122, Aquatravel\u2122 o Coquette\u2122 para una inserci\u00f3n f\u00e1cil y suave de todos los productos de silicona. No utilice lubricantes, aceites o cremas de silicona con ning\u00fan producto de silicona, ya que pueden degradar el material del producto y limitar su rendimiento y vida \u00fatil.<\/p>\n<p>3 A\u00d1OS DE GARANT\u00cdA<\/p>\n<p>Esta garant\u00eda se aplica a todos los productos BlackSilver\u2122 Drake comprados, a partir de la fecha de compra original de dicho producto. Esta garant\u00eda no cubre da\u00f1os causados por un mal uso o un uso diferente al previsto y descrito en el manual de instrucciones del producto, desgaste normal, alteraci\u00f3n, uso irrazonable, servicio realizado por agencias de servicio no autorizadas o p\u00e9rdida o da\u00f1o de bater\u00edas o bater\u00edas extra\u00edbles.<\/p>\n<p><span style=\"color: rgb(57, 57, 57);\">**Nota; Este producto est\u00e1 prohibido venderlo en cualquier canal E-commerce. La venta est\u00e1 autorizada para puntos fisicos.\u00a0<\/span><\/p>","protected":false},"excerpt":{"rendered":"<p>BLACKSILVER &#8211; DRAKE DELUXE SUCKING VIBE SILICONE RECHARGEABLE BLACK<\/p>","protected":false},"featured_media":78397,"comment_status":"open","ping_status":"closed","template":"","meta":{"_monsterinsights_skip_tracking":false,"_monsterinsights_sitenote_active":false,"_monsterinsights_sitenote_note":"","_monsterinsights_sitenote_category":0,"_joinchat":[]},"product_brand":[],"product_cat":[1156,1152,1155,1165,1294,165,1163,1314,1153,1278],"product_tag":[],"class_list":{"0":"post-78396","1":"product","2":"type-product","3":"status-publish","4":"has-post-thumbnail","6":"product_cat-juguetes-bienestar-juguetes-para-mujeresestimuladores","7":"product_cat-juguetes-bienestar","8":"product_cat-juguetes-bienestar-juguetes-para-mujeres","9":"product_cat-juguetes-bienestar-juguetes-para-mujeresmasturbadores-para-ellas","10":"product_cat-juguetes-bienestar-vibradoresmini-vibradores","11":"product_cat-novedades","12":"product_cat-juguetes-bienestar-juguetes-para-mujeresestimuladorespara-clitoris","13":"product_cat-juguetes-bienestar-juguetes-para-mujeressuccionadores","14":"product_cat-juguetes-bienestar-vibradores","15":"product_cat-juguetes-bienestar-vibradoresvibradores-succionadores-ondas-presion","16":"yith_product_brand-blacksilver","18":"first","19":"instock","20":"taxable","21":"shipping-taxable","22":"purchasable","23":"product-type-simple"},"aioseo_notices":[],"_links":{"self":[{"href":"https:\/\/www.mysexualfantasy.eu\/en\/wp-json\/wp\/v2\/product\/78396","targetHints":{"allow":["GET"]}}],"collection":[{"href":"https:\/\/www.mysexualfantasy.eu\/en\/wp-json\/wp\/v2\/product"}],"about":[{"href":"https:\/\/www.mysexualfantasy.eu\/en\/wp-json\/wp\/v2\/types\/product"}],"replies":[{"embeddable":true,"href":"https:\/\/www.mysexualfantasy.eu\/en\/wp-json\/wp\/v2\/comments?post=78396"}],"wp:featuredmedia":[{"embeddable":true,"href":"https:\/\/www.mysexualfantasy.eu\/en\/wp-json\/wp\/v2\/media\/78397"}],"wp:attachment":[{"href":"https:\/\/www.mysexualfantasy.eu\/en\/wp-json\/wp\/v2\/media?parent=78396"}],"wp:term":[{"taxonomy":"product_brand","embeddable":true,"href":"https:\/\/www.mysexualfantasy.eu\/en\/wp-json\/wp\/v2\/product_brand?post=78396"},{"taxonomy":"product_cat","embeddable":true,"href":"https:\/\/www.mysexualfantasy.eu\/en\/wp-json\/wp\/v2\/product_cat?post=78396"},{"taxonomy":"product_tag","embeddable":true,"href":"https:\/\/www.mysexualfantasy.eu\/en\/wp-json\/wp\/v2\/product_tag?post=78396"}],"curies":[{"name":"wp","href":"https:\/\/api.w.org\/{rel}","templated":true}]}}