{"id":78435,"date":"2023-04-25T13:37:28","date_gmt":"2023-04-25T13:37:28","guid":{"rendered":"https:\/\/www.mysexualfantasy.eu\/?post_type=product&#038;p=78435"},"modified":"2023-12-06T16:12:03","modified_gmt":"2023-12-06T16:12:03","slug":"satisfyer-orca-air-pulse-simulator-vibration","status":"publish","type":"product","link":"https:\/\/www.mysexualfantasy.eu\/en\/product\/satisfyer-orca-air-pulse-simulator-vibration\/","title":{"rendered":"SATISFYER &#8211; ORCA AIR PULSE STIMULATOR + VIBRATION"},"content":{"rendered":"<p>Nuestro maravilloso Orca vibrador te estimula en tu punto m\u00e1s sensible con potentes vibraciones y sensuales ondas de presi\u00f3n: 2 potentes motores lo hacen posible.<\/p>\n<p>Peque\u00f1o, elegante e intenso succionador y vibrador de cl\u00edtoris recargable con diferentes intensidades. Cuenta con una boquilla mas peque\u00f1a comparada con el resto de succionadores de la marca realizada en silicona suave. Incorpora 11 niveles de succi\u00f3n y 10 de vibraci\u00f3n indicados por una luz LED. Cuenta con motores independientes para que puedan ser utilizados por separado. Es completamente sumergible para poderlo utilizar en la ducha o en la ba\u00f1era.<\/p>\n<p>\u00a0<\/p>\n<ul>\n<li>Resistente al agua (IPX7).<\/li>\n<li>Hecho en silicona m\u00e9dica.<\/li>\n<li>Los programas se pueden controlar por separado.<\/li>\n<li>Peso 115 g<\/li>\n<li>Longitud 115 mm<\/li>\n<li>Ancho 56 mm<\/li>\n<li>Altura 49 mm<\/li>\n<li>Material silicona, pl\u00e1stico ABS\u00a0<\/li>\n<li>Color negro, blanco\u00a0<\/li>\n<li>Bater\u00eda 1x bater\u00eda recargable<\/li>\n<\/ul>","protected":false},"excerpt":{"rendered":"<p>SATISFYER &#8211; ORCA AIR PULSE STIMULATOR + VIBRATION<\/p>","protected":false},"featured_media":78436,"comment_status":"open","ping_status":"closed","template":"","meta":{"_monsterinsights_skip_tracking":false,"_monsterinsights_sitenote_active":false,"_monsterinsights_sitenote_note":"","_monsterinsights_sitenote_category":0,"_joinchat":[]},"product_brand":[],"product_cat":[1193,1156,1152,1155,1165,1314,1153,1192],"product_tag":[],"class_list":{"0":"post-78435","1":"product","2":"type-product","3":"status-publish","4":"has-post-thumbnail","6":"product_cat-juguetes-bienestar-vibradores100-sumergible","7":"product_cat-juguetes-bienestar-juguetes-para-mujeresestimuladores","8":"product_cat-juguetes-bienestar","9":"product_cat-juguetes-bienestar-juguetes-para-mujeres","10":"product_cat-juguetes-bienestar-juguetes-para-mujeresmasturbadores-para-ellas","11":"product_cat-juguetes-bienestar-juguetes-para-mujeressuccionadores","12":"product_cat-juguetes-bienestar-vibradores","13":"product_cat-juguetes-bienestar-vibradoresvibradores-hi-tech","14":"yith_product_brand-satisfyer","15":"yith_product_brand-satisfyer-satisfyer-air-pulse","17":"first","18":"instock","19":"taxable","20":"shipping-taxable","21":"purchasable","22":"product-type-simple"},"aioseo_notices":[],"_links":{"self":[{"href":"https:\/\/www.mysexualfantasy.eu\/en\/wp-json\/wp\/v2\/product\/78435","targetHints":{"allow":["GET"]}}],"collection":[{"href":"https:\/\/www.mysexualfantasy.eu\/en\/wp-json\/wp\/v2\/product"}],"about":[{"href":"https:\/\/www.mysexualfantasy.eu\/en\/wp-json\/wp\/v2\/types\/product"}],"replies":[{"embeddable":true,"href":"https:\/\/www.mysexualfantasy.eu\/en\/wp-json\/wp\/v2\/comments?post=78435"}],"wp:featuredmedia":[{"embeddable":true,"href":"https:\/\/www.mysexualfantasy.eu\/en\/wp-json\/wp\/v2\/media\/78436"}],"wp:attachment":[{"href":"https:\/\/www.mysexualfantasy.eu\/en\/wp-json\/wp\/v2\/media?parent=78435"}],"wp:term":[{"taxonomy":"product_brand","embeddable":true,"href":"https:\/\/www.mysexualfantasy.eu\/en\/wp-json\/wp\/v2\/product_brand?post=78435"},{"taxonomy":"product_cat","embeddable":true,"href":"https:\/\/www.mysexualfantasy.eu\/en\/wp-json\/wp\/v2\/product_cat?post=78435"},{"taxonomy":"product_tag","embeddable":true,"href":"https:\/\/www.mysexualfantasy.eu\/en\/wp-json\/wp\/v2\/product_tag?post=78435"}],"curies":[{"name":"wp","href":"https:\/\/api.w.org\/{rel}","templated":true}]}}