{"id":78707,"date":"2023-04-25T13:39:27","date_gmt":"2023-04-25T13:39:27","guid":{"rendered":"https:\/\/www.mysexualfantasy.eu\/?post_type=product&#038;p=78707"},"modified":"2023-12-06T16:12:31","modified_gmt":"2023-12-06T16:12:31","slug":"satisfyer-spot-on-1-verde","status":"publish","type":"product","link":"https:\/\/www.mysexualfantasy.eu\/en\/product\/satisfyer-spot-on-1-verde\/","title":{"rendered":"SATISFYER &#8211; SPOT ON 1 VERDE"},"content":{"rendered":"<p>\u00a1El Spot On 1 siempre da en el clavo! Necesitas una estimulaci\u00f3n del cl\u00edtoris profunda y dirigida? \u00a1El Spot On 1 tiene una punta intensificada para lograr unas sensaciones que desconoc\u00edas! Ideal para principiantes gracias a su sencillo funcionamiento y dise\u00f1o divertido.<\/p>\n<p>Presenta un firme cuerpo de ABS recubierto de suave silicona y un dise\u00f1o brillante en los laterales. La punta es perfecta para la estimulaci\u00f3n espec\u00edfica del cl\u00edtoris ya que est\u00e1 hecha totalmente de silicona flexible que logra generar sensaciones a trav\u00e9s de toda la punta. Proporciona una sensaci\u00f3n m\u00e1s amplia que un vibrador de contacto t\u00edpico: disfruta de sensaciones m\u00e1s intensas gracias a sus 12 programas de vibraci\u00f3n diferentes. El Spot On 1 est\u00e1 fabricado con silicona inocua para el cuerpo, es recargable y tiene un grado de impermeabilidad IPX7. \u00a1Vamos a por ello!<\/p>","protected":false},"excerpt":{"rendered":"<p>SATISFYER &#8211; SPOT ON 1 GREEN<\/p>","protected":false},"featured_media":78708,"comment_status":"open","ping_status":"closed","template":"","meta":{"_monsterinsights_skip_tracking":false,"_monsterinsights_sitenote_active":false,"_monsterinsights_sitenote_note":"","_monsterinsights_sitenote_category":0,"_joinchat":[]},"product_brand":[],"product_cat":[1156,1152,1155,1165,1163,1153],"product_tag":[],"class_list":{"0":"post-78707","1":"product","2":"type-product","3":"status-publish","4":"has-post-thumbnail","6":"product_cat-juguetes-bienestar-juguetes-para-mujeresestimuladores","7":"product_cat-juguetes-bienestar","8":"product_cat-juguetes-bienestar-juguetes-para-mujeres","9":"product_cat-juguetes-bienestar-juguetes-para-mujeresmasturbadores-para-ellas","10":"product_cat-juguetes-bienestar-juguetes-para-mujeresestimuladorespara-clitoris","11":"product_cat-juguetes-bienestar-vibradores","12":"yith_product_brand-satisfyer","13":"yith_product_brand-satisfyer-satisfyer-vibrator","15":"first","16":"instock","17":"taxable","18":"shipping-taxable","19":"purchasable","20":"product-type-simple"},"aioseo_notices":[],"_links":{"self":[{"href":"https:\/\/www.mysexualfantasy.eu\/en\/wp-json\/wp\/v2\/product\/78707","targetHints":{"allow":["GET"]}}],"collection":[{"href":"https:\/\/www.mysexualfantasy.eu\/en\/wp-json\/wp\/v2\/product"}],"about":[{"href":"https:\/\/www.mysexualfantasy.eu\/en\/wp-json\/wp\/v2\/types\/product"}],"replies":[{"embeddable":true,"href":"https:\/\/www.mysexualfantasy.eu\/en\/wp-json\/wp\/v2\/comments?post=78707"}],"wp:featuredmedia":[{"embeddable":true,"href":"https:\/\/www.mysexualfantasy.eu\/en\/wp-json\/wp\/v2\/media\/78708"}],"wp:attachment":[{"href":"https:\/\/www.mysexualfantasy.eu\/en\/wp-json\/wp\/v2\/media?parent=78707"}],"wp:term":[{"taxonomy":"product_brand","embeddable":true,"href":"https:\/\/www.mysexualfantasy.eu\/en\/wp-json\/wp\/v2\/product_brand?post=78707"},{"taxonomy":"product_cat","embeddable":true,"href":"https:\/\/www.mysexualfantasy.eu\/en\/wp-json\/wp\/v2\/product_cat?post=78707"},{"taxonomy":"product_tag","embeddable":true,"href":"https:\/\/www.mysexualfantasy.eu\/en\/wp-json\/wp\/v2\/product_tag?post=78707"}],"curies":[{"name":"wp","href":"https:\/\/api.w.org\/{rel}","templated":true}]}}