{"id":78862,"date":"2023-04-25T14:04:08","date_gmt":"2023-04-25T14:04:08","guid":{"rendered":"https:\/\/www.mysexualfantasy.eu\/?post_type=product&#038;p=78862"},"modified":"2023-12-06T14:54:07","modified_gmt":"2023-12-06T14:54:07","slug":"get-real-extreme-xxxl-dildo-34-cm-natural","status":"publish","type":"product","link":"https:\/\/www.mysexualfantasy.eu\/en\/product\/get-real-extreme-xxxl-dildo-34-cm-natural\/","title":{"rendered":"GET REAL &#8211; EXTREME XXXL DILDO 34 CM NATURAL"},"content":{"rendered":"<p>El Extreme XXXL Dildo 34 cm.\u00a0es un consolador real y premium de la colecci\u00f3n Get Real, dise\u00f1ado para golpear todos tus puntos calientes \u00edntimos.<\/p>\n<p>Este consolador placentero es de un tono de piel claro y tiene una silueta natural con una base de ventosa: te brinda una emocionante experiencia de manos libres.<\/p>\n<p>El dise\u00f1o presenta detalles cuidadosamente elaborados, como venas y bolas, para realzar su atractivo natural.<\/p>\n<p>Fabricado en PVC libre de ftalatos y empaquetado de forma contempor\u00e1nea, el Extreme XXXL Dildo 34 cm. es imprescindible para todos los amantes extremos.<\/p>","protected":false},"excerpt":{"rendered":"<p>GET REAL &#8211; EXTREME XXXL DILDO 34 CM SKIN<\/p>","protected":false},"featured_media":78863,"comment_status":"open","ping_status":"closed","template":"","meta":{"_monsterinsights_skip_tracking":false,"_monsterinsights_sitenote_active":false,"_monsterinsights_sitenote_note":"","_monsterinsights_sitenote_category":0,"_joinchat":[]},"product_brand":[],"product_cat":[1182,1152,1188],"product_tag":[],"class_list":{"0":"post-78862","1":"product","2":"type-product","3":"status-publish","4":"has-post-thumbnail","6":"product_cat-juguetes-bienestar-dildos","7":"product_cat-juguetes-bienestar","8":"product_cat-juguetes-bienestar-dildospenes-realisticos","9":"yith_product_brand-get-real","11":"first","12":"instock","13":"taxable","14":"shipping-taxable","15":"purchasable","16":"product-type-simple"},"aioseo_notices":[],"_links":{"self":[{"href":"https:\/\/www.mysexualfantasy.eu\/en\/wp-json\/wp\/v2\/product\/78862","targetHints":{"allow":["GET"]}}],"collection":[{"href":"https:\/\/www.mysexualfantasy.eu\/en\/wp-json\/wp\/v2\/product"}],"about":[{"href":"https:\/\/www.mysexualfantasy.eu\/en\/wp-json\/wp\/v2\/types\/product"}],"replies":[{"embeddable":true,"href":"https:\/\/www.mysexualfantasy.eu\/en\/wp-json\/wp\/v2\/comments?post=78862"}],"wp:featuredmedia":[{"embeddable":true,"href":"https:\/\/www.mysexualfantasy.eu\/en\/wp-json\/wp\/v2\/media\/78863"}],"wp:attachment":[{"href":"https:\/\/www.mysexualfantasy.eu\/en\/wp-json\/wp\/v2\/media?parent=78862"}],"wp:term":[{"taxonomy":"product_brand","embeddable":true,"href":"https:\/\/www.mysexualfantasy.eu\/en\/wp-json\/wp\/v2\/product_brand?post=78862"},{"taxonomy":"product_cat","embeddable":true,"href":"https:\/\/www.mysexualfantasy.eu\/en\/wp-json\/wp\/v2\/product_cat?post=78862"},{"taxonomy":"product_tag","embeddable":true,"href":"https:\/\/www.mysexualfantasy.eu\/en\/wp-json\/wp\/v2\/product_tag?post=78862"}],"curies":[{"name":"wp","href":"https:\/\/api.w.org\/{rel}","templated":true}]}}