{"id":78925,"date":"2023-04-25T14:06:06","date_gmt":"2023-04-25T14:06:06","guid":{"rendered":"https:\/\/www.mysexualfantasy.eu\/?post_type=product&#038;p=78925"},"modified":"2023-12-06T14:56:14","modified_gmt":"2023-12-06T14:56:14","slug":"ohmama-plug-anal-con-cristal-negro-8-cm","status":"publish","type":"product","link":"https:\/\/www.mysexualfantasy.eu\/en\/product\/ohmama-plug-anal-con-cristal-negro-8-cm\/","title":{"rendered":"OHMAMA &#8211; PLUG ANAL CON CRISTAL NEGRO 8 CM"},"content":{"rendered":"<p>\u00a1OH mama! Placer anal pero al siguiente nivel? Con este plug anal pesado podreis pasar al siguiente nivel en los juegos anales. Es de peque\u00f1o tama\u00f1o pero a la vez pesado y elegante porque incorpora un cristal decorativo brillante.<\/p>\n<p>Perfecto tanto para principiantes como para usuarios avanzados a modo de preparaci\u00f3n para sus juegos anales solo o para los preliminares en pareja\u00a0<\/p>\n<p>Su dise\u00f1o y ergonom\u00eda permiten una f\u00e1cil inserci\u00f3n gracias a su punta c\u00f3nica y redondeada. Su\u00a0tope permite que no se desplace m\u00e1s de lo deseado y puedas extraerlo con seguridad.<\/p>\n<p>Aplica una cantidad generosa de lubricante (Ohmama recomienda su uso con los lubricantes Waterfeel para una lubricaci\u00f3n duradera y\u00a0de calidad)<\/p>\n<p><b><u>Caracteristicas:<\/u><\/b><\/p>\n<ul>\n<li>Plug anal<\/li>\n<li>Material: Aluminio<\/li>\n<li>Se adapta a la temperatura corporal\u00a0<\/li>\n<li>Puede usarse con todos los lubricantes (base agua, silicona e h\u00edbridos)\u00a0<\/li>\n<li>Sin n\u00edquel ni ftalatos\u00a0<\/li>\n<li>Medidas\u00a03.3 x 8 cm\u00a0<\/li>\n<li>Presentaci\u00f3n en bolsa (sin caja)\u00a0<\/li>\n<\/ul>\n<p>\u00a0<\/p>\n<p><strong>LA MARCA<\/strong><\/p>\n<p>La gama de productos OHMAMA es perfecta para regalar. Un producto al alcance de todos con una calidad perfecta. Una combinaci\u00f3n \u00fanica en esta l\u00ednea de juguetes especial para adultos\u00a0<\/p>\n<p>\u00a0<\/p>","protected":false},"excerpt":{"rendered":"<p>OHMAMA &#8211; ANAL PLUG METAL BLACK 8 CM<\/p>","protected":false},"featured_media":78926,"comment_status":"open","ping_status":"closed","template":"","meta":{"_monsterinsights_skip_tracking":false,"_monsterinsights_sitenote_active":false,"_monsterinsights_sitenote_note":"","_monsterinsights_sitenote_category":0,"_joinchat":[]},"product_brand":[],"product_cat":[1162,1152,1189],"product_tag":[],"class_list":{"0":"post-78925","1":"product","2":"type-product","3":"status-publish","4":"has-post-thumbnail","6":"product_cat-juguetes-bienestar-anal","7":"product_cat-juguetes-bienestar","8":"product_cat-juguetes-bienestar-analplugs-anales","9":"yith_product_brand-ohmama","10":"yith_product_brand-ohmamaohmama-anal","12":"first","13":"instock","14":"taxable","15":"shipping-taxable","16":"purchasable","17":"product-type-simple"},"aioseo_notices":[],"_links":{"self":[{"href":"https:\/\/www.mysexualfantasy.eu\/en\/wp-json\/wp\/v2\/product\/78925","targetHints":{"allow":["GET"]}}],"collection":[{"href":"https:\/\/www.mysexualfantasy.eu\/en\/wp-json\/wp\/v2\/product"}],"about":[{"href":"https:\/\/www.mysexualfantasy.eu\/en\/wp-json\/wp\/v2\/types\/product"}],"replies":[{"embeddable":true,"href":"https:\/\/www.mysexualfantasy.eu\/en\/wp-json\/wp\/v2\/comments?post=78925"}],"wp:featuredmedia":[{"embeddable":true,"href":"https:\/\/www.mysexualfantasy.eu\/en\/wp-json\/wp\/v2\/media\/78926"}],"wp:attachment":[{"href":"https:\/\/www.mysexualfantasy.eu\/en\/wp-json\/wp\/v2\/media?parent=78925"}],"wp:term":[{"taxonomy":"product_brand","embeddable":true,"href":"https:\/\/www.mysexualfantasy.eu\/en\/wp-json\/wp\/v2\/product_brand?post=78925"},{"taxonomy":"product_cat","embeddable":true,"href":"https:\/\/www.mysexualfantasy.eu\/en\/wp-json\/wp\/v2\/product_cat?post=78925"},{"taxonomy":"product_tag","embeddable":true,"href":"https:\/\/www.mysexualfantasy.eu\/en\/wp-json\/wp\/v2\/product_tag?post=78925"}],"curies":[{"name":"wp","href":"https:\/\/api.w.org\/{rel}","templated":true}]}}