{"id":79001,"date":"2023-04-25T14:06:40","date_gmt":"2023-04-25T14:06:40","guid":{"rendered":"https:\/\/www.mysexualfantasy.eu\/?post_type=product&#038;p=79001"},"modified":"2023-12-06T14:56:31","modified_gmt":"2023-12-06T14:56:31","slug":"satisfyer-power-plug-negro","status":"publish","type":"product","link":"https:\/\/www.mysexualfantasy.eu\/en\/product\/satisfyer-power-plug-negro\/","title":{"rendered":"SATISFYER POWER PLUG &#8211; NEGRO"},"content":{"rendered":"<p>Toc,Toc. Alguien est\u00e1 esperando en tu puerta trasera&#8230;<\/p>\n<p>El Power Plug ha llegado para ofrecerte fuertes vibraciones anales que te dejar\u00e1n sin aliento. No es un plug anal al uso, el Power Plug hace honor a su nombre con vibraciones profundas para estimular el punto m\u00e1s caliente de tu puerta trasera. Disfruta de una sensaci\u00f3n plena gracias a su eje ligeramente m\u00e1s ancho mientras las vibraciones te deleitan. La ancha base te da la seguridad necesaria para que te concentres en disfrutar.<\/p>\n<p>El Power Plug est\u00e1 equipado con tecnolog\u00eda Bluetooth con la que se puede conectar a la galardonada aplicaci\u00f3n gratuita Satisfyer Connect. La aplicaci\u00f3n ofrece la opci\u00f3n de tener un control total sobre el potente motor y personalizar tu placer anal. El Power Plug est\u00e1 hecho de silicona suave y segura para el cuerpo pero siempre se recomienda usarlo con un lubricante a base de agua para mayor comodidad. El Power Plug tiene una resistencia al agua IPX7, \u00a1no dudes en llevarlo a la ducha o la ba\u00f1era! \u00a1Un plug potente que te derretir\u00e1 de placer!<\/p>\n<p>\u00a0<\/p>\n<ul>\n<li>El potente motor transmite intensos ritmos de vibraci\u00f3n a trav\u00e9s de todo el juguete<\/li>\n<li>12 programas diferentes ofrecen variedad para el lograr m\u00e1ximo placer<\/li>\n<li>Apto para todos los g\u00e9neros 15 a\u00f1os de garant\u00eda comercial<\/li>\n<li>Vibraci\u00f3n profunda superintensa<\/li>\n<li>Unisex<\/li>\n<li>Silicona agradable al cuerpo<\/li>\n<li>Impermeable (IPX7)<\/li>\n<li>Modo de susurro<\/li>\n<li>Bater\u00eda de iones de litio<\/li>\n<li>Cable de carga magn\u00e9tico por USB incluido<\/li>\n<li>F\u00e1cil de limpiar<\/li>\n<\/ul>","protected":false},"excerpt":{"rendered":"<p>SATISFYER POWER PLUG &#8211; BLACK<\/p>","protected":false},"featured_media":79002,"comment_status":"open","ping_status":"closed","template":"","meta":{"_monsterinsights_skip_tracking":false,"_monsterinsights_sitenote_active":false,"_monsterinsights_sitenote_note":"","_monsterinsights_sitenote_category":0,"_joinchat":[]},"product_brand":[],"product_cat":[1162,1152,1189],"product_tag":[],"class_list":{"0":"post-79001","1":"product","2":"type-product","3":"status-publish","4":"has-post-thumbnail","6":"product_cat-juguetes-bienestar-anal","7":"product_cat-juguetes-bienestar","8":"product_cat-juguetes-bienestar-analplugs-anales","9":"yith_product_brand-satisfyer","10":"yith_product_brand-satisfyer-satisfyer-plugs","12":"first","13":"instock","14":"taxable","15":"shipping-taxable","16":"purchasable","17":"product-type-simple"},"aioseo_notices":[],"_links":{"self":[{"href":"https:\/\/www.mysexualfantasy.eu\/en\/wp-json\/wp\/v2\/product\/79001","targetHints":{"allow":["GET"]}}],"collection":[{"href":"https:\/\/www.mysexualfantasy.eu\/en\/wp-json\/wp\/v2\/product"}],"about":[{"href":"https:\/\/www.mysexualfantasy.eu\/en\/wp-json\/wp\/v2\/types\/product"}],"replies":[{"embeddable":true,"href":"https:\/\/www.mysexualfantasy.eu\/en\/wp-json\/wp\/v2\/comments?post=79001"}],"wp:featuredmedia":[{"embeddable":true,"href":"https:\/\/www.mysexualfantasy.eu\/en\/wp-json\/wp\/v2\/media\/79002"}],"wp:attachment":[{"href":"https:\/\/www.mysexualfantasy.eu\/en\/wp-json\/wp\/v2\/media?parent=79001"}],"wp:term":[{"taxonomy":"product_brand","embeddable":true,"href":"https:\/\/www.mysexualfantasy.eu\/en\/wp-json\/wp\/v2\/product_brand?post=79001"},{"taxonomy":"product_cat","embeddable":true,"href":"https:\/\/www.mysexualfantasy.eu\/en\/wp-json\/wp\/v2\/product_cat?post=79001"},{"taxonomy":"product_tag","embeddable":true,"href":"https:\/\/www.mysexualfantasy.eu\/en\/wp-json\/wp\/v2\/product_tag?post=79001"}],"curies":[{"name":"wp","href":"https:\/\/api.w.org\/{rel}","templated":true}]}}