{"id":79091,"date":"2023-04-25T14:07:28","date_gmt":"2023-04-25T14:07:28","guid":{"rendered":"https:\/\/www.mysexualfantasy.eu\/?post_type=product&#038;p=79091"},"modified":"2023-12-06T16:51:15","modified_gmt":"2023-12-06T16:51:15","slug":"intense-plug-anal-metal-con-cristal-azul-talla-m","status":"publish","type":"product","link":"https:\/\/www.mysexualfantasy.eu\/en\/product\/intense-plug-anal-metal-con-cristal-azul-talla-m\/","title":{"rendered":"INTENSE &#8211; PLUG ANAL METAL ALUMINIO CON CRISTAL AZUL TALLA M"},"content":{"rendered":"<p>UN TOQUE BRILLANTE!<\/p>\n<p>Deja que tus gl\u00fateos brillen con el plug anal de Intense\u2122, decorado con joya de diamante. Este plug de alta calidad fabricado en metal con detalles brillantes en color azul, a\u00f1ade glamour a tus aventuras anales anales.<\/p>\n<p>DISE\u00d1O GLAMUROSO PARA UN PLACER INTENSO<\/p>\n<p style=\"margin-left:35.4pt;\">Sum\u00e9rgete en un mundo de glamuroso placer con el plug anal con joya De diamante de Intense\u2122,. Este plug anal de alta calidad est\u00e1 hecho de metal totalmente libre de Phalatos testado y suave y est\u00e1 adornado con una piedra brillante. Disfruta del lujoso dise\u00f1o que convierte tus aventuras anales en una experiencia glamorosa. Con su agradable tama\u00f1o, su forma firme y manejable, este plug ofrece una estimulaci\u00f3n anal elegante y c\u00f3moda.<\/p>\n<p>MATERIAL DE ALTA CALIDAD PARA DISFRUTAR SIN PREOCUPACIONES<\/p>\n<p>El material de alta calidad hecho de Metal bodysafe y vidrio acr\u00edlico garantiza un disfrute sin preocupaciones y tambi\u00e9n es f\u00e1cil de limpiar. Puede concentrarse completamente en el intenso placer sin comprometer la seguridad.<\/p>\n<p>Medidas;\u00a0 8 cm Longitud x 3.3cm di\u00e1metro.<\/p>\n<p>LUJO DE Intense\u2122,.<\/p>\n<p>Intense\u2122, es una marca d exclusiva conocida por sus productos de alta calidad. El Butt Plug With Diamond Jewel forma parte de la colecci\u00f3n de Juguetes Sexuales de Intense\u2122, y encarna el placer y la elegancia que definen a Intense\u2122,.<\/p>\n<p>Experimente la emocionante combinaci\u00f3n de un dise\u00f1o elegante y una estimulaci\u00f3n anal intensa con el plug anal con joya de diamante de Intense\u2122. \u00a0Sum\u00e9rgete en el placer glamoroso y descubre nuevas alturas de placer.<\/p>\n<p>MATERIALES Y CUIDADOS<\/p>\n<p>Este consolador anal est\u00e1 hecho de metal seguro para el cuerpo, un material de alta calidad que es muy fuerte y excitantemente inflexible, pero m\u00e1s liviano que el aluminio o el vidrio. Gracias a su superficie lisa, el metal tambi\u00e9n es particularmente higi\u00e9nico y agradable para la piel. Puede cambiar la temperatura del consolador con agua tibia o fr\u00eda para descubrir tipos de estimulaci\u00f3n completamente nuevos. No importa qu\u00e9 lubricante utilice, tanto los lubricantes a base de agua como los de silicona son adecuados Recomendamos la marca Waterfeel, BlackHole o Bioaqua \u00a0. Este juguete es f\u00e1cil de limpiar con agua tibia y jab\u00f3n. Para una higiene co mpleta, puede usar un limpiador de juguetes antibacteriano.<\/p>\n<p>LA MARCA INTENSE\u2122,<\/p>\n<p>INTENSE combina productos de calidad y art\u00edculos de moda en todos los rangos de precios para hacer del juego sexual una parte del estilo de vida cotidiano. Tanto si est\u00e1s al comienzo de tu viaje sexual como si ya eres un profesional del mundo del sexual. \u00a0siempre hay algo emocionante por descubrir entre las diferentes colecciones. Debido a la apariencia lujosa y elegante de todos los productos INTENSE, es el regalo perfecto para traer alegr\u00eda. INTENSE es adecuado para cada presupuesto, cada ocasi\u00f3n y cada aventura.<\/p>","protected":false},"excerpt":{"rendered":"<p>INTENSE &#8211; METAL ALUMINUM ANAL PLUG WITH BLUE GLASS SIZE M<\/p>","protected":false},"featured_media":79092,"comment_status":"open","ping_status":"closed","template":"","meta":{"_monsterinsights_skip_tracking":false,"_monsterinsights_sitenote_active":false,"_monsterinsights_sitenote_note":"","_monsterinsights_sitenote_category":0,"_joinchat":[]},"product_brand":[],"product_cat":[1162,1176,1175,1186,1152,165,1420,1189],"product_tag":[],"class_list":{"0":"post-79091","1":"product","2":"type-product","3":"status-publish","4":"has-post-thumbnail","6":"product_cat-juguetes-bienestar-anal","7":"product_cat-bdsm-bondage-articulos-bdsm","8":"product_cat-bdsm-bondage","9":"product_cat-juguetes-bienestar-fabricado-con-metal","10":"product_cat-juguetes-bienestar","11":"product_cat-novedades","12":"product_cat-bdsm-bondage-articulos-bdsmplug-anal-bdsm","13":"product_cat-juguetes-bienestar-analplugs-anales","14":"yith_product_brand-intense","15":"yith_product_brand-intenseintense-toysintense-anal-toys","16":"yith_product_brand-intenseintense-toys","18":"first","19":"instock","20":"taxable","21":"shipping-taxable","22":"purchasable","23":"product-type-simple"},"aioseo_notices":[],"_links":{"self":[{"href":"https:\/\/www.mysexualfantasy.eu\/en\/wp-json\/wp\/v2\/product\/79091","targetHints":{"allow":["GET"]}}],"collection":[{"href":"https:\/\/www.mysexualfantasy.eu\/en\/wp-json\/wp\/v2\/product"}],"about":[{"href":"https:\/\/www.mysexualfantasy.eu\/en\/wp-json\/wp\/v2\/types\/product"}],"replies":[{"embeddable":true,"href":"https:\/\/www.mysexualfantasy.eu\/en\/wp-json\/wp\/v2\/comments?post=79091"}],"wp:featuredmedia":[{"embeddable":true,"href":"https:\/\/www.mysexualfantasy.eu\/en\/wp-json\/wp\/v2\/media\/79092"}],"wp:attachment":[{"href":"https:\/\/www.mysexualfantasy.eu\/en\/wp-json\/wp\/v2\/media?parent=79091"}],"wp:term":[{"taxonomy":"product_brand","embeddable":true,"href":"https:\/\/www.mysexualfantasy.eu\/en\/wp-json\/wp\/v2\/product_brand?post=79091"},{"taxonomy":"product_cat","embeddable":true,"href":"https:\/\/www.mysexualfantasy.eu\/en\/wp-json\/wp\/v2\/product_cat?post=79091"},{"taxonomy":"product_tag","embeddable":true,"href":"https:\/\/www.mysexualfantasy.eu\/en\/wp-json\/wp\/v2\/product_tag?post=79091"}],"curies":[{"name":"wp","href":"https:\/\/api.w.org\/{rel}","templated":true}]}}