{"id":79235,"date":"2023-04-25T14:20:13","date_gmt":"2023-04-25T14:20:13","guid":{"rendered":"https:\/\/www.mysexualfantasy.eu\/?post_type=product&#038;p=79235"},"modified":"2023-12-06T16:19:20","modified_gmt":"2023-12-06T16:19:20","slug":"hot-v-activ-crema-potenciadora-hombre-50ml","status":"publish","type":"product","link":"https:\/\/www.mysexualfantasy.eu\/en\/product\/hot-v-activ-crema-potenciadora-hombre-50ml\/","title":{"rendered":"HOT &#8211; V-ACTIV CREMA POTENCIADORA HOMBRE 50ML"},"content":{"rendered":"<p><strong>V-ACTIV PENIS POWER HOMBRE<\/strong><\/p>\n<p>Penis Power Cream hombre de alta calidad, puede potenciar su rendimiento.<\/p>\n<p>Cuando se usa a diario, esta crema puede tener efectos positivos, como aumentar la vitalidad y el bienestar.<\/p>\n<p>\u00a0<\/p>\n<p><strong>Ingredientes:<\/strong><\/p>\n<p>Aqua agua, isononanoato de cetearilo, alcohol cetear\u00edlico, ceteareth-20, dimeticona, glicerina, palmitato de cetilo, aceite de germen de triticum vulgare trigo, fenoxietanol, aceite de semilla de helianthus annuus girasol, sorbitol, acetato de tocoferilo, propilenglicol , alcohol benc\u00edlico, goma xantana, \u00e9ter but\u00edlico de vainililo, linoleato de glicerilo, etilhexilglicerina, alcanfor, extracto de hoja de ginkgo biloba, palmitato de retinol, \u00a0 Linolenato de glicerilo, \u00e1cido l\u00e1ctico, resina de Capsicum Frutescens, extracto de Capsicum Annuum, tocoferol.<\/p>","protected":false},"excerpt":{"rendered":"<p>PACKAGING DISPONIBLE EN: \/it\/nl\/es\/fr\/pt\/tr\/no\/se\/sk\/slo\/pl\/ro\/cz\/rus\/hr\/ar\/bd\/<\/p>","protected":false},"featured_media":79236,"comment_status":"open","ping_status":"closed","template":"","meta":{"_monsterinsights_skip_tracking":false,"_monsterinsights_sitenote_active":false,"_monsterinsights_sitenote_note":"","_monsterinsights_sitenote_category":0,"_joinchat":[]},"product_brand":[],"product_cat":[1350,1203,1342],"product_tag":[],"class_list":{"0":"post-79235","1":"product","2":"type-product","3":"status-publish","4":"has-post-thumbnail","6":"product_cat-drogueria-estimulantes-para-ellosaumento-ereccion","7":"product_cat-drogueria","8":"product_cat-drogueria-estimulantes-para-ellos","9":"yith_product_brand-hot","11":"first","12":"instock","13":"taxable","14":"shipping-taxable","15":"purchasable","16":"product-type-simple"},"aioseo_notices":[],"_links":{"self":[{"href":"https:\/\/www.mysexualfantasy.eu\/en\/wp-json\/wp\/v2\/product\/79235","targetHints":{"allow":["GET"]}}],"collection":[{"href":"https:\/\/www.mysexualfantasy.eu\/en\/wp-json\/wp\/v2\/product"}],"about":[{"href":"https:\/\/www.mysexualfantasy.eu\/en\/wp-json\/wp\/v2\/types\/product"}],"replies":[{"embeddable":true,"href":"https:\/\/www.mysexualfantasy.eu\/en\/wp-json\/wp\/v2\/comments?post=79235"}],"wp:featuredmedia":[{"embeddable":true,"href":"https:\/\/www.mysexualfantasy.eu\/en\/wp-json\/wp\/v2\/media\/79236"}],"wp:attachment":[{"href":"https:\/\/www.mysexualfantasy.eu\/en\/wp-json\/wp\/v2\/media?parent=79235"}],"wp:term":[{"taxonomy":"product_brand","embeddable":true,"href":"https:\/\/www.mysexualfantasy.eu\/en\/wp-json\/wp\/v2\/product_brand?post=79235"},{"taxonomy":"product_cat","embeddable":true,"href":"https:\/\/www.mysexualfantasy.eu\/en\/wp-json\/wp\/v2\/product_cat?post=79235"},{"taxonomy":"product_tag","embeddable":true,"href":"https:\/\/www.mysexualfantasy.eu\/en\/wp-json\/wp\/v2\/product_tag?post=79235"}],"curies":[{"name":"wp","href":"https:\/\/api.w.org\/{rel}","templated":true}]}}