{"id":79273,"date":"2023-04-25T14:22:08","date_gmt":"2023-04-25T14:22:08","guid":{"rendered":"https:\/\/www.mysexualfantasy.eu\/?post_type=product&#038;p=79273"},"modified":"2023-12-06T16:21:44","modified_gmt":"2023-12-06T16:21:44","slug":"maxell-pila-boton-litio-cr2016-3v-blister5","status":"publish","type":"product","link":"https:\/\/www.mysexualfantasy.eu\/en\/product\/maxell-pila-boton-litio-cr2016-3v-blister5\/","title":{"rendered":"MAXELL PILA BOTON LITIO CR2016 3V BLISTER*5"},"content":{"rendered":"<p>La pila CR2016 se utiliza en relojes, calculadoras, dispositivos PDA, dispositivos m\u00e9dicos y juguetes entre otros. A menudo se utiliza en pares, en lugar de 1xCR2032 para dispositivos que requieren m\u00e1s de 3V, como en linternas LED. Con una vida \u00fatil de hasta diez a\u00f1os, esta bater\u00eda es una opci\u00f3n econ\u00f3mica que le permite tener sus equipos electr\u00f3nicos en funcionamiento.<\/p>\n<p><strong>CARACTER\u00cdSTICAS T\u00c9CNICAS:<\/strong><br \/> Marca: Maxell<br \/> Tipo: CR2016<br \/> Tecnolog\u00eda: Litio<br \/> Voltaje: 3V<br \/> Usos: Mandos a distancia, llaveros de coche, alarmas de coche, juguetes, calculadoras, placas base&#8230;<\/p>","protected":false},"excerpt":{"rendered":"<p>MAXELL BATTERY LITIO CR2016 3V 5UDS<\/p>","protected":false},"featured_media":79274,"comment_status":"open","ping_status":"closed","template":"","meta":{"_monsterinsights_skip_tracking":false,"_monsterinsights_sitenote_active":false,"_monsterinsights_sitenote_note":"","_monsterinsights_sitenote_category":0,"_joinchat":[]},"product_brand":[],"product_cat":[1240,1152,1392,1393],"product_tag":[],"class_list":{"0":"post-79273","1":"product","2":"type-product","3":"status-publish","4":"has-post-thumbnail","6":"product_cat-articulos-varios","7":"product_cat-juguetes-bienestar","8":"product_cat-articulos-variospilas","9":"product_cat-articulos-variospilaspilas-alcalinas","10":"yith_product_brand-maxell","12":"first","13":"instock","14":"taxable","15":"shipping-taxable","16":"purchasable","17":"product-type-simple"},"aioseo_notices":[],"_links":{"self":[{"href":"https:\/\/www.mysexualfantasy.eu\/en\/wp-json\/wp\/v2\/product\/79273","targetHints":{"allow":["GET"]}}],"collection":[{"href":"https:\/\/www.mysexualfantasy.eu\/en\/wp-json\/wp\/v2\/product"}],"about":[{"href":"https:\/\/www.mysexualfantasy.eu\/en\/wp-json\/wp\/v2\/types\/product"}],"replies":[{"embeddable":true,"href":"https:\/\/www.mysexualfantasy.eu\/en\/wp-json\/wp\/v2\/comments?post=79273"}],"wp:featuredmedia":[{"embeddable":true,"href":"https:\/\/www.mysexualfantasy.eu\/en\/wp-json\/wp\/v2\/media\/79274"}],"wp:attachment":[{"href":"https:\/\/www.mysexualfantasy.eu\/en\/wp-json\/wp\/v2\/media?parent=79273"}],"wp:term":[{"taxonomy":"product_brand","embeddable":true,"href":"https:\/\/www.mysexualfantasy.eu\/en\/wp-json\/wp\/v2\/product_brand?post=79273"},{"taxonomy":"product_cat","embeddable":true,"href":"https:\/\/www.mysexualfantasy.eu\/en\/wp-json\/wp\/v2\/product_cat?post=79273"},{"taxonomy":"product_tag","embeddable":true,"href":"https:\/\/www.mysexualfantasy.eu\/en\/wp-json\/wp\/v2\/product_tag?post=79273"}],"curies":[{"name":"wp","href":"https:\/\/api.w.org\/{rel}","templated":true}]}}