{"id":79375,"date":"2023-04-25T14:24:43","date_gmt":"2023-04-25T14:24:43","guid":{"rendered":"https:\/\/www.mysexualfantasy.eu\/?post_type=product&#038;p=79375"},"modified":"2023-12-06T17:24:38","modified_gmt":"2023-12-06T17:24:38","slug":"my-size-mix-preservativos-60-mm-10-unidades","status":"publish","type":"product","link":"https:\/\/www.mysexualfantasy.eu\/en\/product\/my-size-mix-preservativos-60-mm-10-unidades\/","title":{"rendered":"MY SIZE MIX PRESERVATIVOS 60 MM 10 UNIDADES"},"content":{"rendered":"<ul>\n<li>AMPLIA VARIEDAD: elige de entre el surtido de preservativos naturales, azules, acanalados y con sabor a fresa, que se adaptan a tu estado de \u00e1nimo o a tus preferencias.<\/li>\n<li>EL COND\u00d3N: los anchos de nuestros preservativos son ajustables para adaptarse a cada persona de una forma absolutamente perfecta; as\u00ed se reduce el esfuerzo necesario y los posibles contactos con las u\u00f1as al coloc\u00e1rselos.<\/li>\n<li>HIPOALERG\u00c9NICOS Y CASI INODOROS, NATURALMENTE: con un grosor de 0,07\u00a0mm, el cond\u00f3n es ultrafino, lo que potencia la intensidad y la sensibilidad. El l\u00e1tex de caucho natural de primera calidad los hace hipoalerg\u00e9nicos y casi inodoros.<\/li>\n<li>SOSTENIBLE Y 100% VEGANO: en la fabricaci\u00f3n de los productos MY.SIZE solo se utilizan materias primas sin ingredientes de origen animal y que no se han probado en animales.<\/li>\n<li>EL TRATO: 10 preservativos de MY.SIZE en 4 variaciones: 4 Classic cl\u00e1sicos, 2 Ribbed acanalados, 2\u00a0Flavour con sabor, 2 Colour de colores. 60\u00a0mm. Marcado CE. En cumplimiento de la Directiva de la UE\u00a093\/42\/CEE relativa a los productos sanitarios. Disponible en otros anchos nominales. Incluye aplicaci\u00f3n de medida gratuita en l\u00ednea.<\/li>\n<\/ul>","protected":false},"excerpt":{"rendered":"<p>MY SIZE MIX PRESERVATIVOS 60 MM 10 UNIDADES<\/p>","protected":false},"featured_media":79376,"comment_status":"open","ping_status":"closed","template":"","meta":{"_monsterinsights_skip_tracking":false,"_monsterinsights_sitenote_active":false,"_monsterinsights_sitenote_note":"","_monsterinsights_sitenote_category":0,"_joinchat":[]},"product_brand":[],"product_cat":[1473,1464,1461,600,1470,1459],"product_tag":[],"class_list":{"0":"post-79375","1":"product","2":"type-product","3":"status-publish","4":"has-post-thumbnail","6":"product_cat-preservativos-todas-las-tallasadaptalo-a-tu-tamano-exacto","7":"product_cat-preservativos-todos-los-tamanos-de-cajascajas-de-4-a-24","8":"product_cat-preservativos-normales","9":"product_cat-preservativos","10":"product_cat-preservativos-todas-las-tallas","11":"product_cat-preservativos-todos-los-tamanos-de-cajas","12":"yith_product_brand-my-size","13":"yith_product_brand-my-sizemy-size-mix","15":"first","16":"instock","17":"taxable","18":"shipping-taxable","19":"purchasable","20":"product-type-simple"},"aioseo_notices":[],"_links":{"self":[{"href":"https:\/\/www.mysexualfantasy.eu\/en\/wp-json\/wp\/v2\/product\/79375","targetHints":{"allow":["GET"]}}],"collection":[{"href":"https:\/\/www.mysexualfantasy.eu\/en\/wp-json\/wp\/v2\/product"}],"about":[{"href":"https:\/\/www.mysexualfantasy.eu\/en\/wp-json\/wp\/v2\/types\/product"}],"replies":[{"embeddable":true,"href":"https:\/\/www.mysexualfantasy.eu\/en\/wp-json\/wp\/v2\/comments?post=79375"}],"wp:featuredmedia":[{"embeddable":true,"href":"https:\/\/www.mysexualfantasy.eu\/en\/wp-json\/wp\/v2\/media\/79376"}],"wp:attachment":[{"href":"https:\/\/www.mysexualfantasy.eu\/en\/wp-json\/wp\/v2\/media?parent=79375"}],"wp:term":[{"taxonomy":"product_brand","embeddable":true,"href":"https:\/\/www.mysexualfantasy.eu\/en\/wp-json\/wp\/v2\/product_brand?post=79375"},{"taxonomy":"product_cat","embeddable":true,"href":"https:\/\/www.mysexualfantasy.eu\/en\/wp-json\/wp\/v2\/product_cat?post=79375"},{"taxonomy":"product_tag","embeddable":true,"href":"https:\/\/www.mysexualfantasy.eu\/en\/wp-json\/wp\/v2\/product_tag?post=79375"}],"curies":[{"name":"wp","href":"https:\/\/api.w.org\/{rel}","templated":true}]}}