{"id":79641,"date":"2023-05-01T19:52:53","date_gmt":"2023-05-01T19:52:53","guid":{"rendered":"https:\/\/www.mysexualfantasy.eu\/?post_type=product&#038;p=79641"},"modified":"2023-12-06T16:12:32","modified_gmt":"2023-12-06T16:12:32","slug":"satisfyer-air-pump-booty-2-gris-oscuro","status":"publish","type":"product","link":"https:\/\/www.mysexualfantasy.eu\/en\/product\/satisfyer-air-pump-booty-2-gris-oscuro\/","title":{"rendered":"SATISFYER &#8211; AIR PUMP BOOTY 2 GRIS OSCURO"},"content":{"rendered":"<p>Bomba de aire inflable Satisfyer Booty 2<\/p>\n<p>\u00a1El vibrador anal hinchable, ultra potente y recargable, ideal para multiplicar por diez tus sensaciones!<\/p>\n<p>Este poderoso juguete sexual vibrador tiene un cuerpo inflable para intensificar la estimulaci\u00f3n, as\u00ed como un di\u00e1metro ajustable personalizado.<br \/>Gracias a su cuerpo hinchable y su forma especialmente dise\u00f1ada para el sexo anal, el Satisfyer Air Pump Booty 2 es el vibrador perfecto para la estimulaci\u00f3n anal y prost\u00e1tica.<\/p>\n<p>El estimulador Satisfyer Air Pump Booty 2 est\u00e1 hecho de silicona de grado m\u00e9dico s\u00faper suave que es suave al tacto y extremadamente higi\u00e9nico.<\/p>\n<p>Recargable, sus bater\u00edas integradas se pueden recargar mediante el cable de carga USB incluido.<\/p>\n<p>Juguete sexual inflable:<br \/>El di\u00e1metro de los vibradores Satisfyer Air Pump se puede aumentar gradualmente y hasta 1,5 cm adicionales pulsando un solo bot\u00f3n.<br \/>Con una presi\u00f3n continua, el juguete sexual alcanza su di\u00e1metro m\u00e1ximo en tan solo 12 segundos, con un doble clic del bot\u00f3n puedes volver a liberar el aire f\u00e1cilmente.<\/p>\n<p><strong>Caracter\u00edsticas :<\/strong><\/p>\n<ul>\n<li>Vibrador anal e inflable<\/li>\n<li>Cuerpo inflable y di\u00e1metro<\/li>\n<li>Estimulaci\u00f3n: anal y prost\u00e1tica<\/li>\n<li>12 programas de vibraci\u00f3n<\/li>\n<li>Modo silencioso<\/li>\n<li>Impermeable (IPX7)<\/li>\n<li>Material: Silicona biocompatible y ABS<\/li>\n<li>Largo: 17,5 a 19 cm<\/li>\n<li>Di\u00e1metro de 3,5 a 5 cm dependiendo del inflado<\/li>\n<li>Bater\u00eda recargable de iones de litio con cargador USB magn\u00e9tico suministrado<\/li>\n<li>F\u00e1cil limpieza<\/li>\n<\/ul>\n<p><span style=\"color: rgb(51, 51, 51); font-family: sans-serif, Arial, Verdana, \"trebuchet ms\"; font-size: 13px; font-style: normal; font-variant-ligatures: font-variant-caps: font-weight: 400; letter-spacing: orphans: 2; text-align: start; text-indent: 0px; text-transform: none; white-space: widows: word-spacing: -webkit-text-stroke-width: background-color: rgb(255, 255, 255); text-decoration-thickness: initial; text-decoration-style: text-decoration-color: display: inline !important; float: none;\">En Satisfyer buscamos la innovacion, dise\u00f1o y calidad para satisfacerte como nadie lo hace.<\/span><\/p>","protected":false},"excerpt":{"rendered":"<p>SATISFYER &#8211; AIR PUMP BOOTY 2 DARK GREY<\/p>","protected":false},"featured_media":79642,"comment_status":"open","ping_status":"closed","template":"","meta":{"_monsterinsights_skip_tracking":false,"_monsterinsights_sitenote_active":false,"_monsterinsights_sitenote_note":"","_monsterinsights_sitenote_category":0,"_joinchat":[]},"product_brand":[],"product_cat":[1156,1152,1155,1165,1309,1153,1192,1293,1195],"product_tag":[],"class_list":{"0":"post-79641","1":"product","2":"type-product","3":"status-publish","4":"has-post-thumbnail","6":"product_cat-juguetes-bienestar-juguetes-para-mujeresestimuladores","7":"product_cat-juguetes-bienestar","8":"product_cat-juguetes-bienestar-juguetes-para-mujeres","9":"product_cat-juguetes-bienestar-juguetes-para-mujeresmasturbadores-para-ellas","10":"product_cat-juguetes-bienestar-juguetes-para-mujerespunto-g","11":"product_cat-juguetes-bienestar-vibradores","12":"product_cat-juguetes-bienestar-vibradoresvibradores-hi-tech","13":"product_cat-juguetes-bienestar-vibradoresvibradores-punto-g","14":"product_cat-juguetes-bienestar-vibradoresvibradores-rabbit","15":"yith_product_brand-satisfyer","16":"yith_product_brand-satisfyer-satisfyer-vibrator","18":"first","19":"instock","20":"taxable","21":"shipping-taxable","22":"purchasable","23":"product-type-simple"},"aioseo_notices":[],"_links":{"self":[{"href":"https:\/\/www.mysexualfantasy.eu\/en\/wp-json\/wp\/v2\/product\/79641","targetHints":{"allow":["GET"]}}],"collection":[{"href":"https:\/\/www.mysexualfantasy.eu\/en\/wp-json\/wp\/v2\/product"}],"about":[{"href":"https:\/\/www.mysexualfantasy.eu\/en\/wp-json\/wp\/v2\/types\/product"}],"replies":[{"embeddable":true,"href":"https:\/\/www.mysexualfantasy.eu\/en\/wp-json\/wp\/v2\/comments?post=79641"}],"wp:featuredmedia":[{"embeddable":true,"href":"https:\/\/www.mysexualfantasy.eu\/en\/wp-json\/wp\/v2\/media\/79642"}],"wp:attachment":[{"href":"https:\/\/www.mysexualfantasy.eu\/en\/wp-json\/wp\/v2\/media?parent=79641"}],"wp:term":[{"taxonomy":"product_brand","embeddable":true,"href":"https:\/\/www.mysexualfantasy.eu\/en\/wp-json\/wp\/v2\/product_brand?post=79641"},{"taxonomy":"product_cat","embeddable":true,"href":"https:\/\/www.mysexualfantasy.eu\/en\/wp-json\/wp\/v2\/product_cat?post=79641"},{"taxonomy":"product_tag","embeddable":true,"href":"https:\/\/www.mysexualfantasy.eu\/en\/wp-json\/wp\/v2\/product_tag?post=79641"}],"curies":[{"name":"wp","href":"https:\/\/api.w.org\/{rel}","templated":true}]}}